{"id":14537,"date":"2021-10-08T06:49:41","date_gmt":"2021-10-08T05:15:52","guid":{"rendered":"https:\/\/apimat.ch\/?post_type=product&#038;p=14537"},"modified":"2021-10-08T07:15:52","modified_gmt":"2021-10-08T05:15:52","slug":"schutzbrille","status":"publish","type":"product","link":"https:\/\/apimat.ch\/de\/produit\/schutzbrille\/","title":{"rendered":"Schutzbrille"},"content":{"rendered":"<h3><strong>Schutzbrille<\/strong><\/h3>\n<p>Die Arbeitsschutzbrille ist aus schlagfestem und s\u00e4urebest\u00e4ndigen Kunststoff gefertigt. Die Form der Schutzbrille schliesst gegen unten und der Seite m\u00f6glichst ab, ohne zu behindern. Die Augen sind vor Fl\u00fcssigkeitsspritzern, Staub und Sand gesch\u00fctzt.<\/p>\n<p class=\"p1\"><b>DEGRESSIVE PREISE JE NACH MENGE.<\/b><\/p>\n<p class=\"p1\"><b>F\u00fcr weitere Informationen kontaktieren Sie mich bitte.<\/b><\/p>\n<p class=\"p2\"><span class=\"s1\"><a href=\"mailto:info@apimat.ch\"><b>info@apimat.ch<\/b><\/a><\/span><\/p>\n<p class=\"p1\"><b>Telefon: 076 213 80 33<\/b><\/p>\n","protected":false},"excerpt":{"rendered":"<p>Schutzbrille Die Arbeitsschutzbrille ist aus schlagfestem und s\u00e4urebest\u00e4ndigen Kunststoff gefertigt. Die Form der Schutzbrille schliesst gegen unten und der Seite m\u00f6glichst ab, ohne zu behindern. Die Augen sind vor Fl\u00fcssigkeitsspritzern, Staub und Sand gesch\u00fctzt. DEGRESSIVE PREISE JE NACH MENGE. F\u00fcr weitere Informationen kontaktieren Sie mich bitte. info@apimat.ch Telefon: 076 213 80 33<\/p>\n","protected":false},"featured_media":14980,"template":"","meta":{"_uf_show_specific_survey":0,"_uf_disable_surveys":false},"product_cat":[406],"product_tag":[],"aioseo_notices":[],"_links":{"self":[{"href":"https:\/\/apimat.ch\/de\/wp-json\/wp\/v2\/product\/14537"}],"collection":[{"href":"https:\/\/apimat.ch\/de\/wp-json\/wp\/v2\/product"}],"about":[{"href":"https:\/\/apimat.ch\/de\/wp-json\/wp\/v2\/types\/product"}],"wp:featuredmedia":[{"embeddable":true,"href":"https:\/\/apimat.ch\/de\/wp-json\/wp\/v2\/media\/14980"}],"wp:attachment":[{"href":"https:\/\/apimat.ch\/de\/wp-json\/wp\/v2\/media?parent=14537"}],"wp:term":[{"taxonomy":"product_cat","embeddable":true,"href":"https:\/\/apimat.ch\/de\/wp-json\/wp\/v2\/product_cat?post=14537"},{"taxonomy":"product_tag","embeddable":true,"href":"https:\/\/apimat.ch\/de\/wp-json\/wp\/v2\/product_tag?post=14537"}],"curies":[{"name":"wp","href":"https:\/\/api.w.org\/{rel}","templated":true}]}}