{"id":14883,"date":"2021-10-16T07:00:24","date_gmt":"2021-10-17T08:39:46","guid":{"rendered":"https:\/\/apimat.ch\/?post_type=product&#038;p=14883"},"modified":"2021-12-26T22:47:44","modified_gmt":"2021-12-26T21:47:44","slug":"bee-gym-schaedlingsbekaempfungseinrichtung-um-bienen-zu-helfen-varroa-loszuwerden","status":"publish","type":"product","link":"https:\/\/apimat.ch\/de\/produit\/bee-gym-schaedlingsbekaempfungseinrichtung-um-bienen-zu-helfen-varroa-loszuwerden\/","title":{"rendered":"Bee Gym Sch\u00e4dlingsbek\u00e4mpfungseinrichtung um Bienen zu helfen, Varroa loszuwerden"},"content":{"rendered":"<h3>Bee Gym Sch\u00e4dlingsbek\u00e4mpfungseinrichtung um Bienen zu helfen, Varroa loszuwerden<\/h3>\n<h3>Produktbeschreibung:<\/h3>\n<p>BEE GYM oder Fitnessstudio f\u00fcr Bienen hilft Bienen, die Varroa selbst loszuwerden. Das Produkt st\u00e4rkt den nat\u00fcrlichen Hygieneinstinkt der Bienen. Sie verwenden das Ger\u00e4t, um Milben und andere Parasiten zu entfernen oder zu verletzen. BEE GYM enth\u00e4lt keine chemischen Substanzen und kann das ganze Jahr \u00fcber verwendet werden. BEE GYM wird f\u00fcr Bienenbeuten mit hygienischem Boden empfohlen. BEE GYM ist w\u00e4hrend der Honigernte sicher. Die Bienen, die mit Pollen in die Bienenbeute zur\u00fcckkehren, umgehen das Ger\u00e4t.<br \/>\nInstallationsmethode:<br \/>\n&#8211; Setzen Sie das Ger\u00e4t im Unterboden etwa 2 cm nach hinten vom Ausflugloch oder in der oberen Zarge auf die R\u00e4hmchen<br \/>\n&#8211; Setzen Sie das Ger\u00e4t mit der Aufschrift BEE GYM oben auf und richten Sie es auf das Ausflugloch<br \/>\n&#8211; kleine Dr\u00e4hte und kleine Rippen sollten nach oben zeigen<\/p>\n<div class='avia-iframe-wrap'><iframe loading=\"lazy\" title=\"Bee Gym : Dispositif brevet\u00e9 d&#039;aide au toilettage des abeilles\" width=\"1500\" height=\"844\" src=\"https:\/\/www.youtube.com\/embed\/tJ_y-6XrEyI?start=84&#038;feature=oembed\" frameborder=\"0\" allow=\"accelerometer; autoplay; clipboard-write; encrypted-media; gyroscope; picture-in-picture\" allowfullscreen><\/iframe><\/div>\n<p class=\"p1\"><b>DEGRESSIVE PREISE JE NACH MENGE.<\/b><\/p>\n<p class=\"p1\"><b>F\u00fcr weitere Informationen kontaktieren Sie mich bitte.<\/b><\/p>\n<p class=\"p2\"><span class=\"s1\"><a href=\"mailto:info@apimat.ch\"><b>info@apimat.ch<\/b><\/a><\/span><\/p>\n<p class=\"p1\"><b>Telefon: 076 213 80 33<\/b><\/p>\n","protected":false},"excerpt":{"rendered":"<p>Bee Gym Sch\u00e4dlingsbek\u00e4mpfungseinrichtung um Bienen zu helfen, Varroa loszuwerden Produktbeschreibung: BEE GYM oder Fitnessstudio f\u00fcr Bienen hilft Bienen, die Varroa selbst loszuwerden. Das Produkt st\u00e4rkt den nat\u00fcrlichen Hygieneinstinkt der Bienen. Sie verwenden das Ger\u00e4t, um Milben und andere Parasiten zu entfernen oder zu verletzen. BEE GYM enth\u00e4lt keine chemischen Substanzen und kann das ganze Jahr [&hellip;]<\/p>\n","protected":false},"featured_media":14761,"template":"","meta":{"_uf_show_specific_survey":0,"_uf_disable_surveys":false},"product_cat":[406],"product_tag":[],"aioseo_notices":[],"_links":{"self":[{"href":"https:\/\/apimat.ch\/de\/wp-json\/wp\/v2\/product\/14883"}],"collection":[{"href":"https:\/\/apimat.ch\/de\/wp-json\/wp\/v2\/product"}],"about":[{"href":"https:\/\/apimat.ch\/de\/wp-json\/wp\/v2\/types\/product"}],"wp:featuredmedia":[{"embeddable":true,"href":"https:\/\/apimat.ch\/de\/wp-json\/wp\/v2\/media\/14761"}],"wp:attachment":[{"href":"https:\/\/apimat.ch\/de\/wp-json\/wp\/v2\/media?parent=14883"}],"wp:term":[{"taxonomy":"product_cat","embeddable":true,"href":"https:\/\/apimat.ch\/de\/wp-json\/wp\/v2\/product_cat?post=14883"},{"taxonomy":"product_tag","embeddable":true,"href":"https:\/\/apimat.ch\/de\/wp-json\/wp\/v2\/product_tag?post=14883"}],"curies":[{"name":"wp","href":"https:\/\/api.w.org\/{rel}","templated":true}]}}