{"id":14888,"date":"2021-10-16T07:20:22","date_gmt":"2021-10-17T09:15:29","guid":{"rendered":"https:\/\/apimat.ch\/?post_type=product&#038;p=14888"},"modified":"2021-12-26T22:48:19","modified_gmt":"2021-12-26T21:48:19","slug":"schwarmtuecher-10-stueck-einzeln-verpackt","status":"publish","type":"product","link":"https:\/\/apimat.ch\/de\/produit\/schwarmtuecher-10-stueck-einzeln-verpackt\/","title":{"rendered":"Schwarmt\u00fccher &#8211; 10 St\u00fcck einzeln verpackt"},"content":{"rendered":"<h3>Schwarmt\u00fccher &#8211; 10 St\u00fcck einzeln verpackt<\/h3>\n<h3>Produktbeschreibung:<\/h3>\n<div>\n<p>Vita SWARM T\u00fccher zum Anlocken von Bienenschwarm &#8211; 10 St\u00fcck, einzeln verpackt<\/p>\n<p>Der Schwarmlockstoff mit \u00e4therischen \u00d6len lockt den Schwarm in die leere Beute. Im Bienenstock verhindert das Lockmittel das Fliehen der Bienen aus der Imkerei. Zudem erleichtert es das Sammeln der Bienen in die Schwarmk\u00e4sten.<\/p>\n<p>Die einzelverpackten T\u00fccher k\u00f6nnen \u00fcberall angebracht werden. Die praktische Form erm\u00f6glicht das pr\u00e4zise Dosieren und erleichtert das Verabreichen. Die Pheromone verdunsten langsam.<\/p>\n<p>Anwendung: Den Beutel aufrei\u00dfen oder durchstechen und an einer beliebigen Stelle (Baum, Eingangs\u00f6ffnung zur Beute, S\u00e4ule) in ca. 2 m H\u00f6he aufh\u00e4ngen. Die Abst\u00e4nde von nicht mehr als 50 m einhalten. Abh\u00e4ngig von den Witterungsbedienungen h\u00e4lt die Wirkung nach dem \u00d6ffnen bis zu 2 Wochen ein.<\/p>\n<p>Aufbewahrung: Trocken und k\u00fchl (am besten im K\u00fchlschrank) lagern. Von Kindern fernhalten. Mit normalem Haushaltsabfall entsorgen.<\/p>\n<p>Bitte das Mindesthaltbarkeitsdatum beachten.<\/p>\n<p>Inhalt: 10 T\u00fccher, einzeln verpackt<\/p>\n<p class=\"p1\"><b>DEGRESSIVE PREISE JE NACH MENGE.<\/b><\/p>\n<p class=\"p1\"><b>F\u00fcr weitere Informationen kontaktieren Sie mich bitte.<\/b><\/p>\n<p class=\"p2\"><span class=\"s1\"><a href=\"mailto:info@apimat.ch\"><b>info@apimat.ch<\/b><\/a><\/span><\/p>\n<p class=\"p1\"><b>Telefon: 076 213 80 33<\/b><\/p>\n<\/div>\n","protected":false},"excerpt":{"rendered":"<p>Schwarmt\u00fccher &#8211; 10 St\u00fcck einzeln verpackt Produktbeschreibung: Vita SWARM T\u00fccher zum Anlocken von Bienenschwarm &#8211; 10 St\u00fcck, einzeln verpackt Der Schwarmlockstoff mit \u00e4therischen \u00d6len lockt den Schwarm in die leere Beute. Im Bienenstock verhindert das Lockmittel das Fliehen der Bienen aus der Imkerei. Zudem erleichtert es das Sammeln der Bienen in die Schwarmk\u00e4sten. Die einzelverpackten [&hellip;]<\/p>\n","protected":false},"featured_media":14936,"template":"","meta":{"_uf_show_specific_survey":0,"_uf_disable_surveys":false},"product_cat":[98],"product_tag":[],"aioseo_notices":[],"_links":{"self":[{"href":"https:\/\/apimat.ch\/de\/wp-json\/wp\/v2\/product\/14888"}],"collection":[{"href":"https:\/\/apimat.ch\/de\/wp-json\/wp\/v2\/product"}],"about":[{"href":"https:\/\/apimat.ch\/de\/wp-json\/wp\/v2\/types\/product"}],"wp:featuredmedia":[{"embeddable":true,"href":"https:\/\/apimat.ch\/de\/wp-json\/wp\/v2\/media\/14936"}],"wp:attachment":[{"href":"https:\/\/apimat.ch\/de\/wp-json\/wp\/v2\/media?parent=14888"}],"wp:term":[{"taxonomy":"product_cat","embeddable":true,"href":"https:\/\/apimat.ch\/de\/wp-json\/wp\/v2\/product_cat?post=14888"},{"taxonomy":"product_tag","embeddable":true,"href":"https:\/\/apimat.ch\/de\/wp-json\/wp\/v2\/product_tag?post=14888"}],"curies":[{"name":"wp","href":"https:\/\/api.w.org\/{rel}","templated":true}]}}