{"id":14892,"date":"2021-10-16T07:38:48","date_gmt":"2021-10-17T09:18:55","guid":{"rendered":"https:\/\/apimat.ch\/?post_type=product&#038;p=14892"},"modified":"2021-12-26T22:49:00","modified_gmt":"2021-12-26T21:49:00","slug":"europaeisches-faulbrut-nachweis-kit-efb","status":"publish","type":"product","link":"https:\/\/apimat.ch\/de\/produit\/europaeisches-faulbrut-nachweis-kit-efb\/","title":{"rendered":"Europ\u00e4isches Faulbrut-Nachweis Kit (EFB)"},"content":{"rendered":"<h3>Europ\u00e4isches Faulbrut-Nachweis Kit (EFB)<\/h3>\n<p>Mit dem Vita EFB-Nachweiskit k\u00f6nnen Imker und Gesundheitspersonal direkt im Bienenstock auf die Europ\u00e4ische Faulbrut in Bienenlarven testen und erhalten sofort ein Ergebnis.<\/p>\n<h3>Was Sie wissen m\u00fcssen:<\/h3>\n<p>Das Diagnosekit funktioniert wie ein Schwangerschaftstest<br \/>\nErgebnisse sind sofort verf\u00fcgbar<br \/>\nDer EFB-Test reagiert spezifisch auf Antik\u00f6rper, die mit dem Erreger Melissococcus plutonius assoziiert sind.<\/p>\n<h3>Verfahren:<\/h3>\n<p>Entnehmen Sie eine Larve, von der Sie vermuten, dass sie infiziert ist, mit dem mitgelieferten Spatel<br \/>\nSchrauben Sie den Deckel der Flasche, die die L\u00f6sung enth\u00e4lt, ab. Verwenden Sie den Spatel, um die Probe in die Flasche zu geben. Den Deckel wieder aufschrauben und 20 Sekunden lang kr\u00e4ftig sch\u00fctteln. VORSICHT: Die Flasche enth\u00e4lt Extraktionspuffer und Natriumazid<br \/>\nNehmen Sie ein Testger\u00e4t aus der Folienverpackung. VORSICHT: Ber\u00fchren Sie nicht das Ergebnisfenster des Kits.<br \/>\nSchrauben Sie den Deckel der Flasche ab und verwenden Sie die mitgelieferte Pipette, um eine Fl\u00fcssigkeitsprobe aus der Flasche zu pumpen. Die besten Ergebnisse erzielen Sie, wenn Sie die Probenahme unmittelbar nach dem Sch\u00fctteln der Flasche durchf\u00fchren, um das Auftreten von Schwebeteilchen in der Fl\u00fcssigkeit zu vermeiden.<br \/>\nHalten Sie die Testvorrichtung waagerecht und lassen Sie vorsichtig 2 Tropfen auf das Testgef\u00e4\u00df fallen.<br \/>\nHalten Sie das Kit immer waagerecht, bis die Fl\u00fcssigkeit absorbiert ist (etwa 30 Sekunden) und ein blauer Balken im Ergebnisfenster erscheint.<br \/>\nWarten Sie, bis die Kontrolllinie erscheint (Linie C) und lesen Sie das Testergebnis nach 3 bis 10 Minuten ab.<\/p>\n<p><img loading=\"lazy\" decoding=\"async\" class=\"alignnone size-medium wp-image-14778\" src=\"https:\/\/apimat.ch\/wp-content\/uploads\/2021\/10\/kit-afb-2-300x208.jpg\" alt=\"\" width=\"300\" height=\"208\" srcset=\"https:\/\/apimat.ch\/wp-content\/uploads\/2021\/10\/kit-afb-2-300x208.jpg 300w, https:\/\/apimat.ch\/wp-content\/uploads\/2021\/10\/kit-afb-2.jpg 448w\" sizes=\"(max-width: 300px) 100vw, 300px\" \/><\/p>\n<h3>Inhalt des Kits:<\/h3>\n<p>Das EFB-Kit ist dem AFB-Kit \u00e4hnlich und erg\u00e4nzt es (das auf den Erreger Paenibacillus larvae subsp. larvae reagiert, der f\u00fcr die Amerikanische Faulbrut bei Bienen verantwortlich ist).<\/p>\n<h3>Es enth\u00e4lt das folgende Zubeh\u00f6r:<\/h3>\n<p><img loading=\"lazy\" decoding=\"async\" class=\"alignnone size-full wp-image-14776\" src=\"https:\/\/apimat.ch\/wp-content\/uploads\/2021\/10\/kit-afb-1.jpg\" alt=\"\" width=\"273\" height=\"255\" \/><\/p>\n<h3>Lesen Sie das Ergebnis:<\/h3>\n<p>Ein positives Ergebnis (es erscheinen zwei Linien: die Kontrolllinie und die Testlinie, siehe unten) zeigt an, dass der Zielerreger in der Probe vorhanden ist, d. h. die entnommene Probe ist mit der Europ\u00e4ischen Faulbrut infiziert.<br \/>\nEin negatives Ergebnis (im Kontrollfenster erscheint nur eine Zeile, siehe unten) bedeutet, dass der Zielerreger in der getesteten Probe nicht nachgewiesen wurde.<\/p>\n<p>&nbsp;<\/p>\n<p><img loading=\"lazy\" decoding=\"async\" class=\"alignnone size-medium wp-image-14780\" src=\"https:\/\/apimat.ch\/wp-content\/uploads\/2021\/10\/Interpretation-resultats-EFB-300x73.jpg\" alt=\"\" width=\"300\" height=\"73\" srcset=\"https:\/\/apimat.ch\/wp-content\/uploads\/2021\/10\/Interpretation-resultats-EFB-300x73.jpg 300w, https:\/\/apimat.ch\/wp-content\/uploads\/2021\/10\/Interpretation-resultats-EFB.jpg 539w\" sizes=\"(max-width: 300px) 100vw, 300px\" \/><\/p>\n<p>&nbsp;<\/p>\n<p class=\"p1\"><b>DEGRESSIVE PREISE JE NACH MENGE.<\/b><\/p>\n<p class=\"p1\"><b>F\u00fcr weitere Informationen kontaktieren Sie mich bitte.<\/b><\/p>\n<p class=\"p2\"><span class=\"s1\"><a href=\"mailto:info@apimat.ch\"><b>info@apimat.ch<\/b><\/a><\/span><\/p>\n<p class=\"p1\"><b>Telefon: 076 213 80 33<\/b><\/p>\n","protected":false},"excerpt":{"rendered":"<p>Europ\u00e4isches Faulbrut-Nachweis Kit (EFB) Mit dem Vita EFB-Nachweiskit k\u00f6nnen Imker und Gesundheitspersonal direkt im Bienenstock auf die Europ\u00e4ische Faulbrut in Bienenlarven testen und erhalten sofort ein Ergebnis. Was Sie wissen m\u00fcssen: Das Diagnosekit funktioniert wie ein Schwangerschaftstest Ergebnisse sind sofort verf\u00fcgbar Der EFB-Test reagiert spezifisch auf Antik\u00f6rper, die mit dem Erreger Melissococcus plutonius assoziiert sind. [&hellip;]<\/p>\n","protected":false},"featured_media":14783,"template":"","meta":{"_uf_show_specific_survey":0,"_uf_disable_surveys":false},"product_cat":[406],"product_tag":[],"aioseo_notices":[],"_links":{"self":[{"href":"https:\/\/apimat.ch\/de\/wp-json\/wp\/v2\/product\/14892"}],"collection":[{"href":"https:\/\/apimat.ch\/de\/wp-json\/wp\/v2\/product"}],"about":[{"href":"https:\/\/apimat.ch\/de\/wp-json\/wp\/v2\/types\/product"}],"wp:featuredmedia":[{"embeddable":true,"href":"https:\/\/apimat.ch\/de\/wp-json\/wp\/v2\/media\/14783"}],"wp:attachment":[{"href":"https:\/\/apimat.ch\/de\/wp-json\/wp\/v2\/media?parent=14892"}],"wp:term":[{"taxonomy":"product_cat","embeddable":true,"href":"https:\/\/apimat.ch\/de\/wp-json\/wp\/v2\/product_cat?post=14892"},{"taxonomy":"product_tag","embeddable":true,"href":"https:\/\/apimat.ch\/de\/wp-json\/wp\/v2\/product_tag?post=14892"}],"curies":[{"name":"wp","href":"https:\/\/api.w.org\/{rel}","templated":true}]}}