{"id":14896,"date":"2021-10-16T07:46:59","date_gmt":"2021-10-17T09:22:44","guid":{"rendered":"https:\/\/apimat.ch\/?post_type=product&#038;p=14896"},"modified":"2021-12-26T22:49:44","modified_gmt":"2021-12-26T21:49:44","slug":"amerikanisches-faulbrut-nachweis-kit-afb","status":"publish","type":"product","link":"https:\/\/apimat.ch\/de\/produit\/amerikanisches-faulbrut-nachweis-kit-afb\/","title":{"rendered":"Amerikanisches Faulbrut-Nachweis Kit (AFB)"},"content":{"rendered":"<h3>Amerikanisches Faulbrut-Nachweis Kit (AFB)<\/h3>\n<p>Mit dem Vita EFB-Nachweiskit k\u00f6nnen Imker und Gesundheitspersonal direkt im Bienenstock auf die Amerikanische Faulbrut in Bienenlarven testen und erhalten sofort ein Ergebnis.<\/p>\n<p>Weitere Informationen:<\/p>\n<ul>\n<li>Das Diagnosekit funktioniert wie ein Schwangerschaftstest<\/li>\n<li>Ergebnisse sind sofort verf\u00fcgbar<\/li>\n<li>Der AFB-Test reagiert spezifisch auf Antik\u00f6rper, die mit dem Erreger Paenibacillus larvae subsp. larvae assoziiert sind,<\/li>\n<\/ul>\n<p>Verfahren:<\/p>\n<ul>\n<li>Entnehmen Sie eine Larve, von der Sie vermuten, dass sie infiziert ist, mit dem mitgelieferten Spatel<\/li>\n<li>Schrauben Sie den Deckel der Flasche, die die L\u00f6sung enth\u00e4lt, ab. Verwenden Sie den Spatel, um die Probe in die Flasche zu geben. Den Deckel wieder aufschrauben und 20 Sekunden lang kr\u00e4ftig sch\u00fctteln. VORSICHT: Die Flasche enth\u00e4lt Extraktionspuffer und Natriumazid<\/li>\n<li>Nehmen Sie ein Testger\u00e4t aus der Folienverpackung. VORSICHT: Ber\u00fchren Sie nicht das Ergebnisfenster des Kits.<\/li>\n<li>Schrauben Sie den Deckel der Flasche ab und verwenden Sie die mitgelieferte Pipette, um eine Fl\u00fcssigkeitsprobe aus der Flasche zu pumpen. Die besten Ergebnisse erzielen Sie, wenn Sie die Probenahme unmittelbar nach dem Sch\u00fctteln der Flasche durchf\u00fchren, um das Auftreten von Schwebeteilchen in der Fl\u00fcssigkeit zu vermeiden.<\/li>\n<li>Halten Sie die Testvorrichtung waagerecht und lassen Sie vorsichtig 2 Tropfen auf das Testgef\u00e4\u00df fallen.<\/li>\n<li>Halten Sie das Kit immer waagerecht, bis die Fl\u00fcssigkeit absorbiert ist (etwa 30 Sekunden) und ein blauer Balken im Ergebnisfenster erscheint.<\/li>\n<li>Warten Sie, bis die Kontrolllinie erscheint (Linie C) und lesen Sie das Testergebnis nach 3 bis 10 Minuten ab.<\/li>\n<\/ul>\n<p><img loading=\"lazy\" decoding=\"async\" class=\"alignnone size-medium wp-image-14778\" src=\"https:\/\/apimat.ch\/wp-content\/uploads\/2021\/10\/kit-afb-2-300x208.jpg\" alt=\"\" width=\"300\" height=\"208\" srcset=\"https:\/\/apimat.ch\/wp-content\/uploads\/2021\/10\/kit-afb-2-300x208.jpg 300w, https:\/\/apimat.ch\/wp-content\/uploads\/2021\/10\/kit-afb-2.jpg 448w\" sizes=\"(max-width: 300px) 100vw, 300px\" \/><\/p>\n<h3>Inhalt des Kits:<\/h3>\n<p>Das EFB-Kit ist dem AFB-Kit \u00e4hnlich und erg\u00e4nzt es (das auf den Erreger Paenibacillus larvae subsp. larvae reagiert, der f\u00fcr die Amerikanische Faulbrut bei Bienen verantwortlich ist).<\/p>\n<p>Es enth\u00e4lt das folgende Zubeh\u00f6r:<\/p>\n<p><img loading=\"lazy\" decoding=\"async\" class=\"alignnone size-full wp-image-14776\" src=\"https:\/\/apimat.ch\/wp-content\/uploads\/2021\/10\/kit-afb-1.jpg\" alt=\"\" width=\"273\" height=\"255\" \/><\/p>\n<h3>Lesen Sie das Ergebnis:<\/h3>\n<ul>\n<li>Ein positives Ergebnis (es erscheinen zwei Linien: die Kontrolllinie und die Testlinie, siehe unten) zeigt an, dass der Zielerreger in der Probe vorhanden ist, d. h. die entnommene Probe ist mit der Europ\u00e4ischen Faulbrut infiziert.<\/li>\n<li>Ein negatives Ergebnis (im Kontrollfenster erscheint nur eine Zeile, siehe unten) bedeutet, dass der Zielerreger in der getesteten Probe nicht nachgewiesen wurde.<\/li>\n<\/ul>\n<p><img loading=\"lazy\" decoding=\"async\" class=\"alignnone size-medium wp-image-14780\" src=\"https:\/\/apimat.ch\/wp-content\/uploads\/2021\/10\/Interpretation-resultats-EFB-300x73.jpg\" alt=\"\" width=\"300\" height=\"73\" srcset=\"https:\/\/apimat.ch\/wp-content\/uploads\/2021\/10\/Interpretation-resultats-EFB-300x73.jpg 300w, https:\/\/apimat.ch\/wp-content\/uploads\/2021\/10\/Interpretation-resultats-EFB.jpg 539w\" sizes=\"(max-width: 300px) 100vw, 300px\" \/><\/p>\n<p class=\"p1\"><b>DEGRESSIVE PREISE JE NACH MENGE.<\/b><\/p>\n<p class=\"p1\"><b>F\u00fcr weitere Informationen kontaktieren Sie mich bitte.<\/b><\/p>\n<p class=\"p2\"><span class=\"s1\"><a href=\"mailto:info@apimat.ch\"><b>info@apimat.ch<\/b><\/a><\/span><\/p>\n<p class=\"p1\"><b>Telefon: 076 213 80 33<\/b><\/p>\n","protected":false},"excerpt":{"rendered":"<p>Amerikanisches Faulbrut-Nachweis Kit (AFB) Mit dem Vita EFB-Nachweiskit k\u00f6nnen Imker und Gesundheitspersonal direkt im Bienenstock auf die Amerikanische Faulbrut in Bienenlarven testen und erhalten sofort ein Ergebnis. Weitere Informationen: Das Diagnosekit funktioniert wie ein Schwangerschaftstest Ergebnisse sind sofort verf\u00fcgbar Der AFB-Test reagiert spezifisch auf Antik\u00f6rper, die mit dem Erreger Paenibacillus larvae subsp. larvae assoziiert sind, [&hellip;]<\/p>\n","protected":false},"featured_media":14783,"template":"","meta":{"_uf_show_specific_survey":0,"_uf_disable_surveys":false},"product_cat":[406],"product_tag":[],"aioseo_notices":[],"_links":{"self":[{"href":"https:\/\/apimat.ch\/de\/wp-json\/wp\/v2\/product\/14896"}],"collection":[{"href":"https:\/\/apimat.ch\/de\/wp-json\/wp\/v2\/product"}],"about":[{"href":"https:\/\/apimat.ch\/de\/wp-json\/wp\/v2\/types\/product"}],"wp:featuredmedia":[{"embeddable":true,"href":"https:\/\/apimat.ch\/de\/wp-json\/wp\/v2\/media\/14783"}],"wp:attachment":[{"href":"https:\/\/apimat.ch\/de\/wp-json\/wp\/v2\/media?parent=14896"}],"wp:term":[{"taxonomy":"product_cat","embeddable":true,"href":"https:\/\/apimat.ch\/de\/wp-json\/wp\/v2\/product_cat?post=14896"},{"taxonomy":"product_tag","embeddable":true,"href":"https:\/\/apimat.ch\/de\/wp-json\/wp\/v2\/product_tag?post=14896"}],"curies":[{"name":"wp","href":"https:\/\/api.w.org\/{rel}","templated":true}]}}