{"id":14902,"date":"2021-10-16T11:08:41","date_gmt":"2021-10-17T09:48:28","guid":{"rendered":"https:\/\/apimat.ch\/?post_type=product&#038;p=14902"},"modified":"2021-12-26T22:44:56","modified_gmt":"2021-12-26T21:44:56","slug":"vitafeed-gold-nahrungsergaenzungsmittel-zur-staerkung-der-bienengesundheit","status":"publish","type":"product","link":"https:\/\/apimat.ch\/de\/produit\/vitafeed-gold-nahrungsergaenzungsmittel-zur-staerkung-der-bienengesundheit\/","title":{"rendered":"VitaFeed Gold &#8211; Nahrungserg\u00e4nzungsmittel zur St\u00e4rkung der Bienengesundheit"},"content":{"rendered":"<h3>VitaFeed Gold &#8211; Nahrungserg\u00e4nzungsmittel zur St\u00e4rkung der Bienengesundheit<\/h3>\n<p>VitaFeed Gold ist ein nat\u00fcrlicher Extrakt auf der Basis von nat\u00fcrlichem R\u00fcbenextrakt und Melasse und wird als Fl\u00fcssigfutter verabreicht.<\/p>\n<p>VitaFeed Gold wurde \u00fcber mehrere Jahre hinweg entwickelt und in Feldversuchen gr\u00fcndlich getestet. Angesichts der anhaltenden, unerkl\u00e4rlichen Massenverluste von Honigbienenv\u00f6lkern in der ganzen Welt gewinnt VitaFeed Gold zunehmend an Bedeutung f\u00fcr die St\u00e4rkung der Bienenv\u00f6lker.<\/p>\n<h3>Wie VitaFeed Gold hilft<\/h3>\n<p>VitaFeed Gold stimuliert das Bienenvolkwachstum und die Brutpopulation auf kontrollierte Art und Weise.<\/p>\n<h3>Wann zu verwenden<\/h3>\n<p>VitaFeed Gold kann zu jeder Jahreszeit verwendet werden, aber es wird normalerweise am besten im Fr\u00fchjahr oder Herbst verabreicht, besonders wenn die Bienenv\u00f6lker durch Dysenterie oder \u00e4hnliche Krankheiten geschw\u00e4cht sind.<\/p>\n<h3>Wie zu verwenden<\/h3>\n<p>VitaFeed Gold ist in 250-ml- und Ein-Liter-Flaschen erh\u00e4ltlich, die zur F\u00fctterung von f\u00fcnf Kolonien ausreichen. Am besten wird es mit Zuckersirup gemischt in f\u00fcnf F\u00fctterungen \u00fcber zehn Tage verteilt verabreicht.<\/p>\n<p><img loading=\"lazy\" decoding=\"async\" class=\"alignnone size-large wp-image-16001\" src=\"https:\/\/apimat.ch\/wp-content\/uploads\/2021\/10\/GOLD-english-1-1030x525.png\" alt=\"\" width=\"1030\" height=\"525\" srcset=\"https:\/\/apimat.ch\/wp-content\/uploads\/2021\/10\/GOLD-english-1-1030x525.png 1030w, https:\/\/apimat.ch\/wp-content\/uploads\/2021\/10\/GOLD-english-1-300x153.png 300w, https:\/\/apimat.ch\/wp-content\/uploads\/2021\/10\/GOLD-english-1-768x392.png 768w, https:\/\/apimat.ch\/wp-content\/uploads\/2021\/10\/GOLD-english-1-1536x783.png 1536w, https:\/\/apimat.ch\/wp-content\/uploads\/2021\/10\/GOLD-english-1-1500x765.png 1500w, https:\/\/apimat.ch\/wp-content\/uploads\/2021\/10\/GOLD-english-1-705x359.png 705w, https:\/\/apimat.ch\/wp-content\/uploads\/2021\/10\/GOLD-english-1-600x306.png 600w, https:\/\/apimat.ch\/wp-content\/uploads\/2021\/10\/GOLD-english-1.png 2026w\" sizes=\"(max-width: 1030px) 100vw, 1030px\" \/><\/p>\n<div class='avia-iframe-wrap'><iframe loading=\"lazy\" title=\"Comment utiliser Vita Feed Gold pour ame\u0301liorer la sante\u0301 de l&#039;abeille\" width=\"1500\" height=\"844\" src=\"https:\/\/www.youtube.com\/embed\/W5pCoKiSN7M?start=11&#038;feature=oembed\" frameborder=\"0\" allow=\"accelerometer; autoplay; clipboard-write; encrypted-media; gyroscope; picture-in-picture\" allowfullscreen><\/iframe><\/div>\n<p>&nbsp;<\/p>\n<p class=\"p1\"><b>DEGRESSIVE PREISE JE NACH MENGE.<\/b><\/p>\n<p class=\"p1\"><b>F\u00fcr weitere Informationen kontaktieren Sie mich bitte.<\/b><\/p>\n<p class=\"p2\"><span class=\"s1\"><a href=\"mailto:info@apimat.ch\"><b>info@apimat.ch<\/b><\/a><\/span><\/p>\n<p class=\"p1\"><b>Telefon: 076 213 80 33<\/b><\/p>\n<p>&nbsp;<\/p>\n","protected":false},"excerpt":{"rendered":"<p>VitaFeed Gold &#8211; Nahrungserg\u00e4nzungsmittel zur St\u00e4rkung der Bienengesundheit VitaFeed Gold ist ein nat\u00fcrlicher Extrakt auf der Basis von nat\u00fcrlichem R\u00fcbenextrakt und Melasse und wird als Fl\u00fcssigfutter verabreicht. VitaFeed Gold wurde \u00fcber mehrere Jahre hinweg entwickelt und in Feldversuchen gr\u00fcndlich getestet. Angesichts der anhaltenden, unerkl\u00e4rlichen Massenverluste von Honigbienenv\u00f6lkern in der ganzen Welt gewinnt VitaFeed Gold zunehmend [&hellip;]<\/p>\n","protected":false},"featured_media":14801,"template":"","meta":{"_uf_show_specific_survey":0,"_uf_disable_surveys":false},"product_cat":[94],"product_tag":[],"aioseo_notices":[],"_links":{"self":[{"href":"https:\/\/apimat.ch\/de\/wp-json\/wp\/v2\/product\/14902"}],"collection":[{"href":"https:\/\/apimat.ch\/de\/wp-json\/wp\/v2\/product"}],"about":[{"href":"https:\/\/apimat.ch\/de\/wp-json\/wp\/v2\/types\/product"}],"wp:featuredmedia":[{"embeddable":true,"href":"https:\/\/apimat.ch\/de\/wp-json\/wp\/v2\/media\/14801"}],"wp:attachment":[{"href":"https:\/\/apimat.ch\/de\/wp-json\/wp\/v2\/media?parent=14902"}],"wp:term":[{"taxonomy":"product_cat","embeddable":true,"href":"https:\/\/apimat.ch\/de\/wp-json\/wp\/v2\/product_cat?post=14902"},{"taxonomy":"product_tag","embeddable":true,"href":"https:\/\/apimat.ch\/de\/wp-json\/wp\/v2\/product_tag?post=14902"}],"curies":[{"name":"wp","href":"https:\/\/api.w.org\/{rel}","templated":true}]}}