{"id":14908,"date":"2021-10-16T12:49:28","date_gmt":"2021-10-17T09:50:22","guid":{"rendered":"https:\/\/apimat.ch\/?post_type=product&#038;p=14908"},"modified":"2021-12-26T22:45:40","modified_gmt":"2021-12-26T21:45:40","slug":"vitafeed-nutri-500-g-nahrungsergaenzungsmittel-proteinen-reich","status":"publish","type":"product","link":"https:\/\/apimat.ch\/de\/produit\/vitafeed-nutri-500-g-nahrungsergaenzungsmittel-proteinen-reich\/","title":{"rendered":"VitaFeed Nutri 500 g &#8211; Nahrungserg\u00e4nzungsmittel Proteinen reich"},"content":{"rendered":"<h3>VitaFeed Nutri 500 g &#8211; Nahrungserg\u00e4nzungsmittel Proteinen reich<\/h3>\n<p>VitaFeed Nutri ist ein proteinreiches Futtermittel, das die Gesundheit der Honigbienen f\u00f6rdert, die Brutfl\u00e4che vergr\u00f6\u00dfert und die Honigproduktion steigert. VitaFeed Nutri ist ein streng getestetes, GVO-freies Nahrungserg\u00e4nzungsmittel, das zu fast jeder Jahreszeit verwendet werden kann, um das kontrollierte Wachstum der Bienenv\u00f6lker zu f\u00f6rdern. VitaFeed Nutri ist wissenschaftlich formuliert und enth\u00e4lt eine optimale Mischung aus Vitaminen und rohen Aminos\u00e4uren, die speziell zur F\u00f6rderung Ihrer Bienen entwickelt wurde.<\/p>\n<h3>Wie VitaFeed Nutri hilft<\/h3>\n<p>Honigbienen brauchen Eiwei\u00df, aber nicht jeder Pollen hat den gleichen Eiwei\u00dfgehalt. VitaFeed Nutri stellt sicher, dass die Bienen ausreichend Eiwei\u00df erhalten, um eine ges\u00fcndere Entwicklung des Bienenvolkes und damit eine h\u00f6here Honigproduktion zu erm\u00f6glichen. Die ganzj\u00e4hrige Eignung und die einfache Anwendung des Futters in Sirup machen es zu einem idealen Produkt f\u00fcr jeden Imker, der ges\u00fcndere und produktivere Bienen halten m\u00f6chte.<\/p>\n<p>Strenge Versuche in verschiedenen L\u00e4ndern haben die bemerkenswerten Auswirkungen der Verwendung des VitaFeed Nutri-Erg\u00e4nzungsmittels gezeigt. Studien zeigen, dass die Bienen ihren Pollenverzehr um 50 % steigern, wenn der Eiwei\u00dfanteil im Pollen von 30 % auf 20 % sinkt. Wenn der Proteingehalt sinkt, greifen die Bienen auf ihre eigenen K\u00f6rperreserven zur\u00fcck. Dies wiederum verringert ihre Lebensdauer, ihre F\u00e4higkeit zur Brutaufzucht und damit die Entwicklung des Bienenvolkes. VitaFeed Nutri gleicht den Eiwei\u00dfmangel aus.<\/p>\n<h3>Wann ist VitaFeed Nutri Pollenerg\u00e4nzung zu verwenden?<\/h3>\n<p>VitaFeed Nutri kann das ganze Jahr \u00fcber verwendet werden:<\/p>\n<p>F\u00fcr die fr\u00fche Entwicklung<br \/>\nF\u00fcr einen schnelleren Aufbau des Bienenvolkes, verwenden Sie VitaFeed Nutri, um die Entwicklung des Bienenvolkes zu unterst\u00fctzen, wenn es einen Mangel an Pollen gibt<\/p>\n<p>In Vorbereitung auf den Honigfluss<br \/>\nF\u00fcr eine erh\u00f6hte Honigproduktion verwenden Sie VitaFeed Nutri, um eine erh\u00f6hte Eiablage zu stimulieren und das Bienenvolkwachstum zu f\u00f6rdern<\/p>\n<p>W\u00e4hrend der Futtersuchpausen<br \/>\nHalten Sie die Bienenv\u00f6lker stark und produktiv, indem Sie VitaFeed Nutri w\u00e4hrend vor\u00fcbergehender Pollenl\u00fccken im Sommer verwenden. Wenn Nektar flie\u00dft, aber ein vor\u00fcbergehender Mangel an Qualit\u00e4tspollen (Vitamine und Aminos\u00e4uren) besteht, sollte das Pulver auf die Brutrahmen gestreut werden. Ausf\u00fchrliche Tests haben gezeigt, dass diese Art der Anwendung den Honig nicht verunreinigt.<\/p>\n<p>Zur Vorbereitung auf den Winter<br \/>\nErh\u00f6hen Sie die \u00dcberlebensrate im Winter durch F\u00fctterung mit VitaFeed Nutri<\/p>\n<h3>Wie verwende ich VitaFeed Nutri?<\/h3>\n<p>VitaFeed Nutri ist in einer 500-Gramm-Dose erh\u00e4ltlich, die ausreicht, um etwa 16 Bienenv\u00f6lker zu f\u00fcttern, wenn man sie mit Sirup verd\u00fcnnt, oder bis zu 33 Bienenv\u00f6lker, wenn man sie berieselt.\u00a0Im Fr\u00fchjahr und Herbst kann es einfach mit Zuckersirup verd\u00fcnnt und dem Futterautomaten zugegeben werden, wobei die Mengenangaben auf dem Etikett zu beachten sind.\u00a0VitaFeed Nutri kann auch w\u00e4hrend des Honigflusses verwendet werden, indem das Pulver direkt auf die R\u00e4hmchenk\u00f6pfe der Bienenst\u00f6cke gestreut wird, wenn Sie Ihre Bienenst\u00f6cke aufstellen, auff\u00fcllen und entfernen.<\/p>\n<div class='avia-iframe-wrap'><iframe loading=\"lazy\" title=\"Comment utiliser Vita Feed Nutri, le nouveau compl\u00e9ment alimentaire\" width=\"1500\" height=\"844\" src=\"https:\/\/www.youtube.com\/embed\/7q6OYbgiuws?feature=oembed\" frameborder=\"0\" allow=\"accelerometer; autoplay; clipboard-write; encrypted-media; gyroscope; picture-in-picture\" allowfullscreen><\/iframe><\/div>\n<p><img loading=\"lazy\" decoding=\"async\" class=\"alignnone size-large wp-image-15882\" src=\"https:\/\/apimat.ch\/wp-content\/uploads\/2021\/10\/NUTRI-DE-1030x257.png\" alt=\"\" width=\"1030\" height=\"257\" srcset=\"https:\/\/apimat.ch\/wp-content\/uploads\/2021\/10\/NUTRI-DE-1030x257.png 1030w, https:\/\/apimat.ch\/wp-content\/uploads\/2021\/10\/NUTRI-DE-300x75.png 300w, https:\/\/apimat.ch\/wp-content\/uploads\/2021\/10\/NUTRI-DE-768x192.png 768w, https:\/\/apimat.ch\/wp-content\/uploads\/2021\/10\/NUTRI-DE-1536x384.png 1536w, https:\/\/apimat.ch\/wp-content\/uploads\/2021\/10\/NUTRI-DE-1500x375.png 1500w, https:\/\/apimat.ch\/wp-content\/uploads\/2021\/10\/NUTRI-DE-705x176.png 705w, https:\/\/apimat.ch\/wp-content\/uploads\/2021\/10\/NUTRI-DE-600x150.png 600w, https:\/\/apimat.ch\/wp-content\/uploads\/2021\/10\/NUTRI-DE.png 1561w\" sizes=\"(max-width: 1030px) 100vw, 1030px\" \/><\/p>\n<p class=\"p1\"><b>DEGRESSIVE PREISE JE NACH MENGE.<\/b><\/p>\n<p class=\"p1\"><b>F\u00fcr weitere Informationen kontaktieren Sie mich bitte.<\/b><\/p>\n<p class=\"p2\"><span class=\"s1\"><a href=\"mailto:info@apimat.ch\"><b>info@apimat.ch<\/b><\/a><\/span><\/p>\n<p class=\"p1\"><b>Telefon: 076 213 80 33<\/b><\/p>\n","protected":false},"excerpt":{"rendered":"<p>VitaFeed Nutri 500 g &#8211; Nahrungserg\u00e4nzungsmittel Proteinen reich VitaFeed Nutri ist ein proteinreiches Futtermittel, das die Gesundheit der Honigbienen f\u00f6rdert, die Brutfl\u00e4che vergr\u00f6\u00dfert und die Honigproduktion steigert. VitaFeed Nutri ist ein streng getestetes, GVO-freies Nahrungserg\u00e4nzungsmittel, das zu fast jeder Jahreszeit verwendet werden kann, um das kontrollierte Wachstum der Bienenv\u00f6lker zu f\u00f6rdern. VitaFeed Nutri ist wissenschaftlich [&hellip;]<\/p>\n","protected":false},"featured_media":14809,"template":"","meta":{"_uf_show_specific_survey":0,"_uf_disable_surveys":false},"product_cat":[94],"product_tag":[],"aioseo_notices":[],"_links":{"self":[{"href":"https:\/\/apimat.ch\/de\/wp-json\/wp\/v2\/product\/14908"}],"collection":[{"href":"https:\/\/apimat.ch\/de\/wp-json\/wp\/v2\/product"}],"about":[{"href":"https:\/\/apimat.ch\/de\/wp-json\/wp\/v2\/types\/product"}],"wp:featuredmedia":[{"embeddable":true,"href":"https:\/\/apimat.ch\/de\/wp-json\/wp\/v2\/media\/14809"}],"wp:attachment":[{"href":"https:\/\/apimat.ch\/de\/wp-json\/wp\/v2\/media?parent=14908"}],"wp:term":[{"taxonomy":"product_cat","embeddable":true,"href":"https:\/\/apimat.ch\/de\/wp-json\/wp\/v2\/product_cat?post=14908"},{"taxonomy":"product_tag","embeddable":true,"href":"https:\/\/apimat.ch\/de\/wp-json\/wp\/v2\/product_tag?post=14908"}],"curies":[{"name":"wp","href":"https:\/\/api.w.org\/{rel}","templated":true}]}}