{"id":14921,"date":"2021-10-16T13:18:17","date_gmt":"2021-10-17T10:19:29","guid":{"rendered":"https:\/\/apimat.ch\/?post_type=product&#038;p=14921"},"modified":"2021-12-27T12:58:44","modified_gmt":"2021-12-27T11:58:44","slug":"3m-wartungsfreie-atemschutzmaske-4279-gegen-chemikalien-ffabek1p3d","status":"publish","type":"product","link":"https:\/\/apimat.ch\/de\/produit\/3m-wartungsfreie-atemschutzmaske-4279-gegen-chemikalien-ffabek1p3d\/","title":{"rendered":"3M Wartungsfreie Atemschutzmaske 4279 gegen Chemikalien FFABEK1P3D"},"content":{"rendered":"<h3>3M Wartungsfreie Atemschutzmaske 4279 gegen Chemikalien FFABEK1P3D<\/h3>\n<p>Produktinformation nach EN 405. Wartungsfreie Vollmaske mit integrierten Filterelementen, Dolomitstaubpr\u00fcfung (D) garantiert lange Standzeit des Partikelfilters mit Ausatemventil, reduziert Hitzestau, sicherer Sitz durch komfortable B\u00e4nder mit Kopfst\u00fctze.<\/p>\n<p>Technische Daten<br \/>\nHalbmaskenversion &#8211; Einweg<br \/>\nHalbmaskenausr\u00fcstung mit Filter<br \/>\nMarke 3M<br \/>\nFilterklasse FFABEK1P3 D<br \/>\nAnwendungsbereich Schutz gegen organische D\u00e4mpfe, anorganische und saure Gase sowie Ammoniak bis zum 30-fachen des Grenzwertes<\/p>\n<p class=\"p1\"><b>DEGRESSIVE PREISE JE NACH MENGE.<\/b><\/p>\n<p class=\"p1\"><b>F\u00fcr weitere Informationen kontaktieren Sie mich bitte.<\/b><\/p>\n<p class=\"p2\"><span class=\"s1\"><a href=\"mailto:info@apimat.ch\"><b>info@apimat.ch<\/b><\/a><\/span><\/p>\n<p class=\"p1\"><b>Telefon: 076 213 80 33<\/b><\/p>\n","protected":false},"excerpt":{"rendered":"<p>3M Wartungsfreie Atemschutzmaske 4279 gegen Chemikalien FFABEK1P3D Produktinformation nach EN 405. Wartungsfreie Vollmaske mit integrierten Filterelementen, Dolomitstaubpr\u00fcfung (D) garantiert lange Standzeit des Partikelfilters mit Ausatemventil, reduziert Hitzestau, sicherer Sitz durch komfortable B\u00e4nder mit Kopfst\u00fctze. Technische Daten Halbmaskenversion &#8211; Einweg Halbmaskenausr\u00fcstung mit Filter Marke 3M Filterklasse FFABEK1P3 D Anwendungsbereich Schutz gegen organische D\u00e4mpfe, anorganische und saure [&hellip;]<\/p>\n","protected":false},"featured_media":14832,"template":"","meta":{"_uf_show_specific_survey":0,"_uf_disable_surveys":false},"product_cat":[406],"product_tag":[],"aioseo_notices":[],"_links":{"self":[{"href":"https:\/\/apimat.ch\/de\/wp-json\/wp\/v2\/product\/14921"}],"collection":[{"href":"https:\/\/apimat.ch\/de\/wp-json\/wp\/v2\/product"}],"about":[{"href":"https:\/\/apimat.ch\/de\/wp-json\/wp\/v2\/types\/product"}],"wp:featuredmedia":[{"embeddable":true,"href":"https:\/\/apimat.ch\/de\/wp-json\/wp\/v2\/media\/14832"}],"wp:attachment":[{"href":"https:\/\/apimat.ch\/de\/wp-json\/wp\/v2\/media?parent=14921"}],"wp:term":[{"taxonomy":"product_cat","embeddable":true,"href":"https:\/\/apimat.ch\/de\/wp-json\/wp\/v2\/product_cat?post=14921"},{"taxonomy":"product_tag","embeddable":true,"href":"https:\/\/apimat.ch\/de\/wp-json\/wp\/v2\/product_tag?post=14921"}],"curies":[{"name":"wp","href":"https:\/\/api.w.org\/{rel}","templated":true}]}}