{"id":15122,"date":"2021-10-17T15:19:34","date_gmt":"2021-10-20T17:47:29","guid":{"rendered":"https:\/\/apimat.ch\/?post_type=product&#038;p=15122"},"modified":"2021-10-20T19:47:29","modified_gmt":"2021-10-20T17:47:29","slug":"thymovar-ad-us-vet-2-plaettchen","status":"publish","type":"product","link":"https:\/\/apimat.ch\/de\/produit\/thymovar-ad-us-vet-2-plaettchen\/","title":{"rendered":"THYMOVAR ad us. vet. 2 Pl\u00e4ttchen"},"content":{"rendered":"<h3>THYMOVAR ad us. vet. 2 Pl\u00e4ttchen<\/h3>\n<p><strong>Einfache und nat\u00fcrliche Varroa-Bek\u00e4mpfung<br \/>\n<\/strong>Thymovar\u00a0gegen Varroamilben als Sommerbehandlung f\u00fcr\u00a0<strong>Wirtschaftsv\u00f6lker, Ableger oder Schw\u00e4rme<\/strong>.\u00a0Thymovar, eine nat\u00fcrliche Behandlung gegen die Varroa, sehr gut vertr\u00e4glich f\u00fcr K\u00f6nigin und Brut. Wird bevorzugt als\u00a0<strong>Langzeitbehandlung<\/strong>\u00a0bei mittlerem Varroa-Befall und zum Schutz vor Reinvasion eingesetzt. Auch als\u00a0<strong>Langzeitschutz<\/strong>\u00a0nach einer ersten Sommerbehandlung mit Formivar\u00a0oder Maqs\u00a0geeignet. Ideal f\u00fcr die Behandlung im Mini-Plus System<strong>.<\/strong><\/p>\n<div class='avia-iframe-wrap'><iframe loading=\"lazy\" title=\"THYMOVAR\u00ae - Nat\u00fcrlich mit Thymol zur Varroa Sommerbehandlung\" width=\"1500\" height=\"844\" src=\"https:\/\/www.youtube.com\/embed\/mn-2FHZTCL8?start=4&#038;feature=oembed\" frameborder=\"0\" allow=\"accelerometer; autoplay; clipboard-write; encrypted-media; gyroscope; picture-in-picture\" allowfullscreen><\/iframe><\/div>\n<p class=\"p1\"><b>DIE PREISE SIND JE NACH MENGE DEGRESSIV.<\/b><\/p>\n<p class=\"p1\"><b>F\u00fcr weitere Informationen kontaktieren Sie mich bitte.<\/b><\/p>\n<p class=\"p2\"><span class=\"s1\"><a href=\"mailto:info@apimat.ch\"><b>info@apimat.ch<\/b><\/a><\/span><\/p>\n<p class=\"p1\"><b>Telefon: 076 213 80 33<\/b><\/p>\n","protected":false},"excerpt":{"rendered":"<p>THYMOVAR ad us. vet. 2 Pl\u00e4ttchen Einfache und nat\u00fcrliche Varroa-Bek\u00e4mpfung Thymovar\u00a0gegen Varroamilben als Sommerbehandlung f\u00fcr\u00a0Wirtschaftsv\u00f6lker, Ableger oder Schw\u00e4rme.\u00a0Thymovar, eine nat\u00fcrliche Behandlung gegen die Varroa, sehr gut vertr\u00e4glich f\u00fcr K\u00f6nigin und Brut. Wird bevorzugt als\u00a0Langzeitbehandlung\u00a0bei mittlerem Varroa-Befall und zum Schutz vor Reinvasion eingesetzt. Auch als\u00a0Langzeitschutz\u00a0nach einer ersten Sommerbehandlung mit Formivar\u00a0oder Maqs\u00a0geeignet. Ideal f\u00fcr die Behandlung im [&hellip;]<\/p>\n","protected":false},"featured_media":14993,"template":"","meta":{"_uf_show_specific_survey":0,"_uf_disable_surveys":false},"product_cat":[406],"product_tag":[],"aioseo_notices":[],"_links":{"self":[{"href":"https:\/\/apimat.ch\/de\/wp-json\/wp\/v2\/product\/15122"}],"collection":[{"href":"https:\/\/apimat.ch\/de\/wp-json\/wp\/v2\/product"}],"about":[{"href":"https:\/\/apimat.ch\/de\/wp-json\/wp\/v2\/types\/product"}],"wp:featuredmedia":[{"embeddable":true,"href":"https:\/\/apimat.ch\/de\/wp-json\/wp\/v2\/media\/14993"}],"wp:attachment":[{"href":"https:\/\/apimat.ch\/de\/wp-json\/wp\/v2\/media?parent=15122"}],"wp:term":[{"taxonomy":"product_cat","embeddable":true,"href":"https:\/\/apimat.ch\/de\/wp-json\/wp\/v2\/product_cat?post=15122"},{"taxonomy":"product_tag","embeddable":true,"href":"https:\/\/apimat.ch\/de\/wp-json\/wp\/v2\/product_tag?post=15122"}],"curies":[{"name":"wp","href":"https:\/\/api.w.org\/{rel}","templated":true}]}}