{"id":15130,"date":"2021-10-17T15:35:02","date_gmt":"2021-10-20T17:52:26","guid":{"rendered":"https:\/\/apimat.ch\/?post_type=product&#038;p=15130"},"modified":"2024-07-08T17:01:59","modified_gmt":"2024-07-08T15:01:59","slug":"essigsaeure-80","status":"publish","type":"product","link":"https:\/\/apimat.ch\/de\/produit\/essigsaeure-80\/","title":{"rendered":"Essigs\u00e4ure 80%"},"content":{"rendered":"<h3>Essigs\u00e4ure 80%<\/h3>\n<p><strong>Zur Bek\u00e4mpfung der Wachsmotte<br \/>\n<\/strong>Essigs\u00e4ure 80% ist eine nat\u00fcrliche organische S\u00e4ure, welche verbreitet in der Lebensmittelverarbeitung zur Konservierung und somit als Schutz vor Keimen und Sporen eingesetzt wird. Essigs\u00e4ure ist eine gute Bek\u00e4mpfung gegen Wachsmotten in Kombination mit dem FAM-Dispenser.<\/p>\n<h3>Beschreibung<\/h3>\n<div class=\"std\">\n<h3><strong>Anwendung\/Dosierung<\/strong><\/h3>\n<p><strong><br \/>\n<\/strong>Die Wachsmotte ist von Mai bis September aktiv und legt Eier in bebr\u00fctete Waben. Pro 50 Liter Schrankinhalt ben\u00f6tigen Sie 100 ml Essigs\u00e4ure 80%. 50 Liter Schrankinhalt sind 12 Schweizer Brutwaben oder 13 Zanderwaben. Schwammtuch mit der entsprechenden Menge Essigs\u00e4ure 80% tr\u00e4nken und gleichm\u00e4ssig auf die Wabenrahmen legen. Bei Bedarf wiederholen. \u00a0Die Behandlung kann auch mit FORMIVAR<sup>\u00ae<\/sup>\u00a085% ad us. vet., L\u00f6sung (Ameisens\u00e4ure) mit 40 ml pro 50 Liter Schrankinhalt in Kombination mit dem Liebig-Dispenser\u00a0durchgef\u00fchrt werden. Der FAM-Dispenser mit voller \u00d6ffnung oder der Liebig-Dispenser mit ganzem Dochtpapier machen die Anwendung einfach und sicher.<\/p>\n<h3><strong>Sonstige Hinweise<\/strong><\/h3>\n<p>Essigs\u00e4ure ist \u00e4tzend. Tragen Sie Schutzbrille, s\u00e4urefeste Handschuhe und langarmige Bekleidung.<\/p>\n<p class=\"p1\"><b>DIE PREISE SIND JE NACH MENGE DEGRESSIV.<\/b><\/p>\n<p class=\"p1\"><b>F\u00fcr weitere Informationen kontaktieren Sie mich bitte.<\/b><\/p>\n<p class=\"p2\"><span class=\"s1\"><a href=\"mailto:info@apimat.ch\"><b>info@apimat.ch<\/b><\/a><\/span><\/p>\n<p class=\"p1\"><b>Telefon: 076 213 80 33<\/b><\/p>\n<\/div>\n","protected":false},"excerpt":{"rendered":"<p>Essigs\u00e4ure 80% Zur Bek\u00e4mpfung der Wachsmotte Essigs\u00e4ure 80% ist eine nat\u00fcrliche organische S\u00e4ure, welche verbreitet in der Lebensmittelverarbeitung zur Konservierung und somit als Schutz vor Keimen und Sporen eingesetzt wird. Essigs\u00e4ure ist eine gute Bek\u00e4mpfung gegen Wachsmotten in Kombination mit dem FAM-Dispenser. Beschreibung Anwendung\/Dosierung Die Wachsmotte ist von Mai bis September aktiv und legt Eier [&hellip;]<\/p>\n","protected":false},"featured_media":15000,"template":"","meta":{"_uf_show_specific_survey":0,"_uf_disable_surveys":false},"product_cat":[406],"product_tag":[],"aioseo_notices":[],"_links":{"self":[{"href":"https:\/\/apimat.ch\/de\/wp-json\/wp\/v2\/product\/15130"}],"collection":[{"href":"https:\/\/apimat.ch\/de\/wp-json\/wp\/v2\/product"}],"about":[{"href":"https:\/\/apimat.ch\/de\/wp-json\/wp\/v2\/types\/product"}],"wp:featuredmedia":[{"embeddable":true,"href":"https:\/\/apimat.ch\/de\/wp-json\/wp\/v2\/media\/15000"}],"wp:attachment":[{"href":"https:\/\/apimat.ch\/de\/wp-json\/wp\/v2\/media?parent=15130"}],"wp:term":[{"taxonomy":"product_cat","embeddable":true,"href":"https:\/\/apimat.ch\/de\/wp-json\/wp\/v2\/product_cat?post=15130"},{"taxonomy":"product_tag","embeddable":true,"href":"https:\/\/apimat.ch\/de\/wp-json\/wp\/v2\/product_tag?post=15130"}],"curies":[{"name":"wp","href":"https:\/\/api.w.org\/{rel}","templated":true}]}}