{"id":15133,"date":"2021-10-17T15:40:35","date_gmt":"2021-10-20T17:56:38","guid":{"rendered":"https:\/\/apimat.ch\/?post_type=product&#038;p=15133"},"modified":"2021-10-20T19:56:39","modified_gmt":"2021-10-20T17:56:39","slug":"apisoda-11-kg","status":"publish","type":"product","link":"https:\/\/apimat.ch\/de\/produit\/apisoda-11-kg\/","title":{"rendered":"APISODA 1,1 kg"},"content":{"rendered":"<h3>APISODA 1,1 kg<\/h3>\n<h3><strong>Nat\u00fcrliche Reinigung und Pflege<\/strong><\/h3>\n<p>APISODA ist ein Feinkristallsoda f\u00fcr eine einfache und effektive Reinigung, Krankheitspr\u00e4vention und Pflege.\u00a0Negative Auswirkungen f\u00fcr Gesundheit und Umwelt werden bei richtiger Handhabung weitgehend verhindert. APISODA ist in der Imkerei und in Lebensmittelbetrieben zugelassen.<\/p>\n<p>Beschreibung<\/p>\n<div class=\"std\">\n<p>APISODA ist in 2 Gebindegr\u00f6ssen erh\u00e4ltlich: 1,1 kg Flasche und in einem Nachf\u00fcllbeutel von 3 kg. Die praktische 1,1 kg Flasche wird mit einem perforierten Deckel geliefert f\u00fcr eine einfache und optimale Dosierung.<\/p>\n<h3><strong>Anwendung\/Dosierung<\/strong><\/h3>\n<p>Die Siegelfolie auf der Flasche komplett entfernen. Bis zu 2 Essl\u00f6ffel APISODA mit 1 Liter Wasser bei einer idealen Temperatur von 50 \u2013 70 \u00b0C zur Reinigung von R\u00e4hmchen, Werkzeugen und Beuten verd\u00fcnnen. Die Oberfl\u00e4chen k\u00f6nnen auch bestreut werden. 15 Minuten einwirken lassen, danach einb\u00fcrsten und gr\u00fcndlich absp\u00fclen.<\/p>\n<h3><strong>Sonstige Hinweise<\/strong><\/h3>\n<p>In jedem Fall Schutzbrille und Handschuhe tragen.<\/p>\n<p class=\"p1\"><b>DIE PREISE SIND JE NACH MENGE DEGRESSIV.<\/b><\/p>\n<p class=\"p1\"><b>F\u00fcr weitere Informationen kontaktieren Sie mich bitte.<\/b><\/p>\n<p class=\"p2\"><span class=\"s1\"><a href=\"mailto:info@apimat.ch\"><b>info@apimat.ch<\/b><\/a><\/span><\/p>\n<p class=\"p1\"><b>Telefon: 076 213 80 33<\/b><\/p>\n<\/div>\n","protected":false},"excerpt":{"rendered":"<p>APISODA 1,1 kg Nat\u00fcrliche Reinigung und Pflege APISODA ist ein Feinkristallsoda f\u00fcr eine einfache und effektive Reinigung, Krankheitspr\u00e4vention und Pflege.\u00a0Negative Auswirkungen f\u00fcr Gesundheit und Umwelt werden bei richtiger Handhabung weitgehend verhindert. APISODA ist in der Imkerei und in Lebensmittelbetrieben zugelassen. Beschreibung APISODA ist in 2 Gebindegr\u00f6ssen erh\u00e4ltlich: 1,1 kg Flasche und in einem Nachf\u00fcllbeutel von [&hellip;]<\/p>\n","protected":false},"featured_media":15009,"template":"","meta":{"_uf_show_specific_survey":0,"_uf_disable_surveys":false},"product_cat":[406],"product_tag":[],"aioseo_notices":[],"_links":{"self":[{"href":"https:\/\/apimat.ch\/de\/wp-json\/wp\/v2\/product\/15133"}],"collection":[{"href":"https:\/\/apimat.ch\/de\/wp-json\/wp\/v2\/product"}],"about":[{"href":"https:\/\/apimat.ch\/de\/wp-json\/wp\/v2\/types\/product"}],"wp:featuredmedia":[{"embeddable":true,"href":"https:\/\/apimat.ch\/de\/wp-json\/wp\/v2\/media\/15009"}],"wp:attachment":[{"href":"https:\/\/apimat.ch\/de\/wp-json\/wp\/v2\/media?parent=15133"}],"wp:term":[{"taxonomy":"product_cat","embeddable":true,"href":"https:\/\/apimat.ch\/de\/wp-json\/wp\/v2\/product_cat?post=15133"},{"taxonomy":"product_tag","embeddable":true,"href":"https:\/\/apimat.ch\/de\/wp-json\/wp\/v2\/product_tag?post=15133"}],"curies":[{"name":"wp","href":"https:\/\/api.w.org\/{rel}","templated":true}]}}