{"id":15139,"date":"2021-10-17T16:17:10","date_gmt":"2021-10-20T18:01:13","guid":{"rendered":"https:\/\/apimat.ch\/?post_type=product&#038;p=15139"},"modified":"2024-05-30T16:24:34","modified_gmt":"2024-05-30T14:24:34","slug":"automatikspritze-150-mm","status":"publish","type":"product","link":"https:\/\/apimat.ch\/de\/produit\/automatikspritze-150-mm\/","title":{"rendered":"Automatikspritze 150 mm"},"content":{"rendered":"<h3>Automatikspritze 150 mm<\/h3>\n<p><strong>Einfach, schnell, sicher und ohne \u00dcberdosierung tr\u00e4ufeln<br \/>\n<\/strong>V\u00f6lker im Winter\u00a0schonend in k\u00fcrzester Zeit mit wenig W\u00e4rmeverlust\u00a0im Bienenstock behandeln. Einmal das Volumen eingestellt, immer die gleiche Dosierung.\u00a0Mit der Automatikspritze kann sowohl mit OXUVAR<sup>\u00ae<\/sup>\u00a0wie auch Hive Alive exakt und schnell behandelt werden.<br \/>\nPasst direkt auf die Flasche von\u00a0OXUVAR<sup>\u00ae\u00a0<\/sup>5,7%.<\/p>\n<div class='avia-iframe-wrap'><iframe loading=\"lazy\" title=\"Anwendung Automatikspritze\" width=\"1500\" height=\"844\" src=\"https:\/\/www.youtube.com\/embed\/w87Nm0dnmeg?start=3&#038;feature=oembed\" frameborder=\"0\" allow=\"accelerometer; autoplay; clipboard-write; encrypted-media; gyroscope; picture-in-picture\" allowfullscreen><\/iframe><\/div>\n<p class=\"p1\"><b>DIE PREISE SIND JE NACH MENGE DEGRESSIV.<\/b><\/p>\n<p class=\"p1\"><b>F\u00fcr weitere Informationen kontaktieren Sie mich bitte.<\/b><\/p>\n<p class=\"p2\"><span class=\"s1\"><a href=\"mailto:info@apimat.ch\"><b>info@apimat.ch<\/b><\/a><\/span><\/p>\n<p class=\"p1\"><b>Telefon: 076 213 80 33<\/b><\/p>\n","protected":false},"excerpt":{"rendered":"<p>Automatikspritze 150 mm Einfach, schnell, sicher und ohne \u00dcberdosierung tr\u00e4ufeln V\u00f6lker im Winter\u00a0schonend in k\u00fcrzester Zeit mit wenig W\u00e4rmeverlust\u00a0im Bienenstock behandeln. Einmal das Volumen eingestellt, immer die gleiche Dosierung.\u00a0Mit der Automatikspritze kann sowohl mit OXUVAR\u00ae\u00a0wie auch Hive Alive exakt und schnell behandelt werden. Passt direkt auf die Flasche von\u00a0OXUVAR\u00ae\u00a05,7%. DIE PREISE SIND JE NACH MENGE [&hellip;]<\/p>\n","protected":false},"featured_media":15032,"template":"","meta":{"_uf_show_specific_survey":0,"_uf_disable_surveys":false},"product_cat":[390],"product_tag":[],"aioseo_notices":[],"_links":{"self":[{"href":"https:\/\/apimat.ch\/de\/wp-json\/wp\/v2\/product\/15139"}],"collection":[{"href":"https:\/\/apimat.ch\/de\/wp-json\/wp\/v2\/product"}],"about":[{"href":"https:\/\/apimat.ch\/de\/wp-json\/wp\/v2\/types\/product"}],"wp:featuredmedia":[{"embeddable":true,"href":"https:\/\/apimat.ch\/de\/wp-json\/wp\/v2\/media\/15032"}],"wp:attachment":[{"href":"https:\/\/apimat.ch\/de\/wp-json\/wp\/v2\/media?parent=15139"}],"wp:term":[{"taxonomy":"product_cat","embeddable":true,"href":"https:\/\/apimat.ch\/de\/wp-json\/wp\/v2\/product_cat?post=15139"},{"taxonomy":"product_tag","embeddable":true,"href":"https:\/\/apimat.ch\/de\/wp-json\/wp\/v2\/product_tag?post=15139"}],"curies":[{"name":"wp","href":"https:\/\/api.w.org\/{rel}","templated":true}]}}