{"id":15142,"date":"2021-10-18T07:45:42","date_gmt":"2021-10-20T18:04:44","guid":{"rendered":"https:\/\/apimat.ch\/?post_type=product&#038;p=15142"},"modified":"2021-10-20T20:04:44","modified_gmt":"2021-10-20T18:04:44","slug":"varrox-verdampfer-gegen-varroa","status":"publish","type":"product","link":"https:\/\/apimat.ch\/de\/produit\/varrox-verdampfer-gegen-varroa\/","title":{"rendered":"VARROX-Verdampfer gegen Varroa"},"content":{"rendered":"<h3>VARROX-Verdampfer gegen Varroa<\/h3>\n<h3>Beschreibung<\/h3>\n<div class=\"std\">\n<p>Der\u00a0Varrox-Verdampfer ist besonders stabil und langlebig.\u00a0Varroxal\u00a0wird ins Pf\u00e4nnchen des\u00a0Varrox-Verdampfers eingef\u00fcllt und durch das Flugloch unter die Bienentraube gebracht. Der\u00a0Varrox-Verdampfer wird mit einer 12V Autobatterie betrieben und die Oxals\u00e4ure verdampft.<\/p>\n<h3><strong>Anwendung\/Dosierung<\/strong><\/h3>\n<p>Das Flugloch wird um den platzierten Varrox-Verdampfer abgedichtet. Das Ger\u00e4t f\u00fcr 2 \u2013 2,5 Minuten an eine Stromquelle angeschlossen. Der Varrox-Verdampfer bleibt noch weitere 2 Minuten in der Beute und wird dann kurz im Wasser abgek\u00fchlt. Die behandelte Beute noch 10 Minuten verschlossen lassen. Je nach Beutetyp braucht es 1 \u2013 2 g VARROXAL f\u00fcr eine Behandlung.<\/p>\n<h3><strong>Behandlungskonzept\/Empfehlungen<\/strong><\/h3>\n<p>Die kombinierte Anwendung von Oxals\u00e4ure in der brutfreien Zeit, November bis Januar, nach einer Sommerbehandlung mit Formivar oder Thymovar ergibt den besten Bek\u00e4mpfungserfolg gegen die Varroa. Der Varrox-Verdampfer erzielt nur in brutfreien V\u00f6lkern eine sehr gute Wirksamkeit.<\/p>\n<h3><strong>Sonstige Hinweise<\/strong><\/h3>\n<p>Der Umgang mit Oxals\u00e4ure fordert grosse Vorsicht. In jedem Fall Schutzbrille, s\u00e4urefeste Handschuhe und lang\u00e4rmlige Bekleidung tragen.<\/p>\n<div class='avia-iframe-wrap'><iframe loading=\"lazy\" title=\"VARROX\u00ae-Verdampfer \u2013 zur Verdampfung von Oxals\u00e4ure-Dihydrat\" width=\"1500\" height=\"844\" src=\"https:\/\/www.youtube.com\/embed\/WtiwWR6CZ3Y?list=PL_O4IWWaN5IGEpkb4MAHWBC4wKwzs8y2Y\" frameborder=\"0\" allow=\"accelerometer; autoplay; clipboard-write; encrypted-media; gyroscope; picture-in-picture\" allowfullscreen><\/iframe><\/div>\n<p class=\"p1\"><b>DIE PREISE SIND JE NACH MENGE DEGRESSIV.<\/b><\/p>\n<p class=\"p1\"><b>F\u00fcr weitere Informationen kontaktieren Sie mich bitte.<\/b><\/p>\n<p class=\"p2\"><span class=\"s1\"><a href=\"mailto:info@apimat.ch\"><b>info@apimat.ch<\/b><\/a><\/span><\/p>\n<p class=\"p1\"><b>Telefon: 076 213 80 33<\/b><\/p>\n<\/div>\n","protected":false},"excerpt":{"rendered":"<p>VARROX-Verdampfer gegen Varroa Beschreibung Der\u00a0Varrox-Verdampfer ist besonders stabil und langlebig.\u00a0Varroxal\u00a0wird ins Pf\u00e4nnchen des\u00a0Varrox-Verdampfers eingef\u00fcllt und durch das Flugloch unter die Bienentraube gebracht. Der\u00a0Varrox-Verdampfer wird mit einer 12V Autobatterie betrieben und die Oxals\u00e4ure verdampft. Anwendung\/Dosierung Das Flugloch wird um den platzierten Varrox-Verdampfer abgedichtet. Das Ger\u00e4t f\u00fcr 2 \u2013 2,5 Minuten an eine Stromquelle angeschlossen. Der Varrox-Verdampfer [&hellip;]<\/p>\n","protected":false},"featured_media":15036,"template":"","meta":{"_uf_show_specific_survey":0,"_uf_disable_surveys":false},"product_cat":[390],"product_tag":[],"aioseo_notices":[],"_links":{"self":[{"href":"https:\/\/apimat.ch\/de\/wp-json\/wp\/v2\/product\/15142"}],"collection":[{"href":"https:\/\/apimat.ch\/de\/wp-json\/wp\/v2\/product"}],"about":[{"href":"https:\/\/apimat.ch\/de\/wp-json\/wp\/v2\/types\/product"}],"wp:featuredmedia":[{"embeddable":true,"href":"https:\/\/apimat.ch\/de\/wp-json\/wp\/v2\/media\/15036"}],"wp:attachment":[{"href":"https:\/\/apimat.ch\/de\/wp-json\/wp\/v2\/media?parent=15142"}],"wp:term":[{"taxonomy":"product_cat","embeddable":true,"href":"https:\/\/apimat.ch\/de\/wp-json\/wp\/v2\/product_cat?post=15142"},{"taxonomy":"product_tag","embeddable":true,"href":"https:\/\/apimat.ch\/de\/wp-json\/wp\/v2\/product_tag?post=15142"}],"curies":[{"name":"wp","href":"https:\/\/api.w.org\/{rel}","templated":true}]}}