{"id":15148,"date":"2021-10-18T07:57:45","date_gmt":"2021-10-20T18:10:48","guid":{"rendered":"https:\/\/apimat.ch\/?post_type=product&#038;p=15148"},"modified":"2021-10-20T20:11:33","modified_gmt":"2021-10-20T18:11:33","slug":"schwammtuecher-fuer-fam-dispenser-5-stueck","status":"publish","type":"product","link":"https:\/\/apimat.ch\/de\/produit\/schwammtuecher-fuer-fam-dispenser-5-stueck\/","title":{"rendered":"Schwammt\u00fccher f\u00fcr FAM-Dispenser &#8211; 5 St\u00fcck"},"content":{"rendered":"<h3>Schwammt\u00fccher f\u00fcr FAM-Dispenser 5 St\u00fcck<\/h3>\n<p>Ersatz Schwammt\u00fccher zum Gebrauch in Kombination mit Formivar\u00a070% und FAM-Dispenser.\u00a0Das Schwammtuch ist aus Zellulose-Material, welches die Fl\u00fcssigkeit optimal aufsaugen kann.\u00a0Wird auch zur Wachsmottenbek\u00e4mpfung mit Essigs\u00e4ure eingesetzt.<\/p>\n<p class=\"p1\"><b>DIE PREISE SIND JE NACH MENGE DEGRESSIV.<\/b><\/p>\n<p class=\"p1\"><b>F\u00fcr weitere Informationen kontaktieren Sie mich bitte.<\/b><\/p>\n<p class=\"p2\"><span class=\"s1\"><a href=\"mailto:info@apimat.ch\"><b>info@apimat.ch<\/b><\/a><\/span><\/p>\n<p class=\"p1\"><b>Telefon: 076 213 80 33<\/b><\/p>\n","protected":false},"excerpt":{"rendered":"<p>Schwammt\u00fccher f\u00fcr FAM-Dispenser 5 St\u00fcck Ersatz Schwammt\u00fccher zum Gebrauch in Kombination mit Formivar\u00a070% und FAM-Dispenser.\u00a0Das Schwammtuch ist aus Zellulose-Material, welches die Fl\u00fcssigkeit optimal aufsaugen kann.\u00a0Wird auch zur Wachsmottenbek\u00e4mpfung mit Essigs\u00e4ure eingesetzt. DIE PREISE SIND JE NACH MENGE DEGRESSIV. F\u00fcr weitere Informationen kontaktieren Sie mich bitte. info@apimat.ch Telefon: 076 213 80 33<\/p>\n","protected":false},"featured_media":15047,"template":"","meta":{"_uf_show_specific_survey":0,"_uf_disable_surveys":false},"product_cat":[390],"product_tag":[],"aioseo_notices":[],"_links":{"self":[{"href":"https:\/\/apimat.ch\/de\/wp-json\/wp\/v2\/product\/15148"}],"collection":[{"href":"https:\/\/apimat.ch\/de\/wp-json\/wp\/v2\/product"}],"about":[{"href":"https:\/\/apimat.ch\/de\/wp-json\/wp\/v2\/types\/product"}],"wp:featuredmedia":[{"embeddable":true,"href":"https:\/\/apimat.ch\/de\/wp-json\/wp\/v2\/media\/15047"}],"wp:attachment":[{"href":"https:\/\/apimat.ch\/de\/wp-json\/wp\/v2\/media?parent=15148"}],"wp:term":[{"taxonomy":"product_cat","embeddable":true,"href":"https:\/\/apimat.ch\/de\/wp-json\/wp\/v2\/product_cat?post=15148"},{"taxonomy":"product_tag","embeddable":true,"href":"https:\/\/apimat.ch\/de\/wp-json\/wp\/v2\/product_tag?post=15148"}],"curies":[{"name":"wp","href":"https:\/\/api.w.org\/{rel}","templated":true}]}}