{"id":15151,"date":"2021-10-18T08:06:13","date_gmt":"2021-10-20T18:13:22","guid":{"rendered":"https:\/\/apimat.ch\/?post_type=product&#038;p=15151"},"modified":"2021-11-08T09:09:56","modified_gmt":"2021-11-08T08:09:56","slug":"beekorridor-zur-verhinderung-von-raeuberei","status":"publish","type":"product","link":"https:\/\/apimat.ch\/de\/produit\/beekorridor-zur-verhinderung-von-raeuberei\/","title":{"rendered":"BeeKorridor zur Verhinderung von R\u00e4uberei ( Packung mit 2 St\u00fcck )"},"content":{"rendered":"<h3><strong>BeeKorridor zur Verhinderung von R\u00e4uberei ( Packung mit 2 St\u00fcck )<\/strong><\/h3>\n<p>Gepr\u00fcfte Wirksamkeit gegen R\u00e4uberei und Wespen. BeeKorridor ist bei allen Bienenbeuten mit einem Flugloch von mindestens 50 x 8 mm einsetzbar. Bei drohender oder bei stattfindender R\u00e4uberei einfach durch das Flugloch des Bienenstocks schieben. Mit BeeKorridor kann jeder Imker auf effiziente und bew\u00e4hrte Weise seine Bienenv\u00f6lker vor R\u00e4uberei sch\u00fctzen.<\/p>\n<h3>Beschreibung<\/h3>\n<div class=\"std\">\n<p><strong>Anwendung<\/strong><\/p>\n<p>Die Stirnplatte mit dem Korridor verbinden und durch das Flugloch schieben. Vor dem Einsetzen muss \u00fcberpr\u00fcft werden, ob am Bienenstock Hindernisse bestehen die das Einsetzen verhindern. Eventuelle Hindernisse entfernen oder den Korridor an den Bruchstellen Stellen k\u00fcrzen.<br \/>\nDie\u00a0<strong>Verschlussplatte wird in die Stirnplatte eingesetzten. So kann\u00a0<\/strong><strong>der Eingang\u00a0<\/strong>zum Korridor teilweise oder vollst\u00e4ndig verschlossen werden.<\/p>\n<p>BeeKorridor besteht aus hochwertigem Kunststoff mit sehr langer Lebensdauer.<br \/>\n<strong><br \/>\n<\/strong>R\u00e4uberei entsteht im Sommer und Herbst beim Auff\u00fcttern der Bienenv\u00f6lker nach der Honigernte und im Fr\u00fchling wenn die Futtervorr\u00e4te knapp werden und V\u00f6lker an Hunger leiden.<\/p>\n<p class=\"p1\"><b>DIE PREISE SIND JE NACH MENGE DEGRESSIV.<\/b><\/p>\n<p class=\"p1\"><b>F\u00fcr weitere Informationen kontaktieren Sie mich bitte.<\/b><\/p>\n<p class=\"p2\"><span class=\"s1\"><a href=\"mailto:info@apimat.ch\"><b>info@apimat.ch<\/b><\/a><\/span><\/p>\n<p class=\"p1\"><b>Telefon: 076 213 80 33<\/b><\/p>\n<\/div>\n","protected":false},"excerpt":{"rendered":"<p>BeeKorridor zur Verhinderung von R\u00e4uberei ( Packung mit 2 St\u00fcck ) Gepr\u00fcfte Wirksamkeit gegen R\u00e4uberei und Wespen. BeeKorridor ist bei allen Bienenbeuten mit einem Flugloch von mindestens 50 x 8 mm einsetzbar. Bei drohender oder bei stattfindender R\u00e4uberei einfach durch das Flugloch des Bienenstocks schieben. Mit BeeKorridor kann jeder Imker auf effiziente und bew\u00e4hrte Weise [&hellip;]<\/p>\n","protected":false},"featured_media":15052,"template":"","meta":{"_uf_show_specific_survey":0,"_uf_disable_surveys":false},"product_cat":[912,102],"product_tag":[],"aioseo_notices":[],"_links":{"self":[{"href":"https:\/\/apimat.ch\/de\/wp-json\/wp\/v2\/product\/15151"}],"collection":[{"href":"https:\/\/apimat.ch\/de\/wp-json\/wp\/v2\/product"}],"about":[{"href":"https:\/\/apimat.ch\/de\/wp-json\/wp\/v2\/types\/product"}],"wp:featuredmedia":[{"embeddable":true,"href":"https:\/\/apimat.ch\/de\/wp-json\/wp\/v2\/media\/15052"}],"wp:attachment":[{"href":"https:\/\/apimat.ch\/de\/wp-json\/wp\/v2\/media?parent=15151"}],"wp:term":[{"taxonomy":"product_cat","embeddable":true,"href":"https:\/\/apimat.ch\/de\/wp-json\/wp\/v2\/product_cat?post=15151"},{"taxonomy":"product_tag","embeddable":true,"href":"https:\/\/apimat.ch\/de\/wp-json\/wp\/v2\/product_tag?post=15151"}],"curies":[{"name":"wp","href":"https:\/\/api.w.org\/{rel}","templated":true}]}}