{"id":15247,"date":"2021-10-30T07:39:32","date_gmt":"2021-10-30T05:41:15","guid":{"rendered":"https:\/\/apimat.ch\/?post_type=product&#038;p=15247"},"modified":"2021-10-30T07:41:15","modified_gmt":"2021-10-30T05:41:15","slug":"edelstahlschaber-honigschaufel","status":"publish","type":"product","link":"https:\/\/apimat.ch\/de\/produit\/edelstahlschaber-honigschaufel\/","title":{"rendered":"Edelstahlschaber \/ Honigschaufel"},"content":{"rendered":"<h3>Edelstahlschaber \/ Honigschaufel<\/h3>\n<p>Der Edelstahlschaber mit Holzgriff kann als Spatel verwendet werden, um Honig aus Eimern oder Reifern zu kratzen. Er eignet sich auch hervorragend zum Abschaben von Propolis und Wachs von den Rahmen oder zum Sammeln von Pollen. Au\u00dferdem k\u00f6nnen Sie damit den &#8220;Schaum&#8221;, die d\u00fcnne Schicht von Verunreinigungen, die beim Abgie\u00dfen des Honigs entsteht, entfernen.<\/p>\n<p>Ein kleines, preiswertes Ger\u00e4t, das sowohl im Bienenhaus als auch im Honigraum seinen Platz finden wird!<\/p>\n<p>Abmessungen der Schaufel: 8x10cm<\/p>\n<p>Gesamtl\u00e4nge: 19cm<\/p>\n<p>Diese Schaufel aus rostfreiem Stahl ist sehr n\u00fctzlich im Honigraum oder im Bienenhaus.<\/p>\n<p class=\"p1\"><b>DIE PREISE SIND JE NACH MENGE DEGRESSIV.<\/b><\/p>\n<p class=\"p1\"><b>F\u00fcr weitere Informationen kontaktieren Sie mich bitte.<\/b><\/p>\n<p class=\"p2\"><span class=\"s1\"><a href=\"mailto:info@apimat.ch\"><b>info@apimat.ch<\/b><\/a><\/span><\/p>\n<p class=\"p1\"><b>Telefon: 076 213 80 33<\/b><\/p>\n","protected":false},"excerpt":{"rendered":"<p>Edelstahlschaber \/ Honigschaufel Der Edelstahlschaber mit Holzgriff kann als Spatel verwendet werden, um Honig aus Eimern oder Reifern zu kratzen. Er eignet sich auch hervorragend zum Abschaben von Propolis und Wachs von den Rahmen oder zum Sammeln von Pollen. Au\u00dferdem k\u00f6nnen Sie damit den &#8220;Schaum&#8221;, die d\u00fcnne Schicht von Verunreinigungen, die beim Abgie\u00dfen des Honigs [&hellip;]<\/p>\n","protected":false},"featured_media":15245,"template":"","meta":{"_uf_show_specific_survey":0,"_uf_disable_surveys":false},"product_cat":[108],"product_tag":[],"aioseo_notices":[],"_links":{"self":[{"href":"https:\/\/apimat.ch\/de\/wp-json\/wp\/v2\/product\/15247"}],"collection":[{"href":"https:\/\/apimat.ch\/de\/wp-json\/wp\/v2\/product"}],"about":[{"href":"https:\/\/apimat.ch\/de\/wp-json\/wp\/v2\/types\/product"}],"wp:featuredmedia":[{"embeddable":true,"href":"https:\/\/apimat.ch\/de\/wp-json\/wp\/v2\/media\/15245"}],"wp:attachment":[{"href":"https:\/\/apimat.ch\/de\/wp-json\/wp\/v2\/media?parent=15247"}],"wp:term":[{"taxonomy":"product_cat","embeddable":true,"href":"https:\/\/apimat.ch\/de\/wp-json\/wp\/v2\/product_cat?post=15247"},{"taxonomy":"product_tag","embeddable":true,"href":"https:\/\/apimat.ch\/de\/wp-json\/wp\/v2\/product_tag?post=15247"}],"curies":[{"name":"wp","href":"https:\/\/api.w.org\/{rel}","templated":true}]}}