{"id":15266,"date":"2021-11-04T14:50:46","date_gmt":"2021-11-04T14:02:17","guid":{"rendered":"https:\/\/apimat.ch\/?post_type=product&#038;p=15266"},"modified":"2023-06-09T23:31:58","modified_gmt":"2023-06-09T21:31:58","slug":"p-hive-infinity-fuer-produktion-und-schwaerme-2-x-4-raehmchen","status":"publish","type":"product","link":"https:\/\/apimat.ch\/de\/produit\/p-hive-infinity-fuer-produktion-und-schwaerme-2-x-4-raehmchen\/","title":{"rendered":"P-HIVE INFINITY Bienenstock mit Deckel f\u00fcr Honigproduktion und Schw\u00e4rme ( 2 x 4 R\u00e4hmchen )"},"content":{"rendered":"<h3>P-HIVE INFINITY Bienenstock mit Deckel f\u00fcr Honigproduktion und Schw\u00e4rme ( 2 x 4 R\u00e4hmchen ) Dadant Blatt-Format<\/h3>\n<div style=\"width: 848px;\" class=\"wp-video\"><!--[if lt IE 9]><script>document.createElement('video');<\/script><![endif]-->\n<video class=\"wp-video-shortcode\" id=\"video-15266-1\" width=\"848\" height=\"480\" preload=\"metadata\" controls=\"controls\"><source type=\"video\/mp4\" src=\"https:\/\/apimat.ch\/wp-content\/uploads\/2021\/11\/p-hive-infinity.mp4?_=1\" \/><a href=\"https:\/\/apimat.ch\/wp-content\/uploads\/2021\/11\/p-hive-infinity.mp4\">https:\/\/apimat.ch\/wp-content\/uploads\/2021\/11\/p-hive-infinity.mp4<\/a><\/video><\/div>\n<div class='avia-iframe-wrap'><iframe loading=\"lazy\" title=\"P-HIVE: LA RUCHE EN POLYSTYR\u00c8NE QUI FAIT AVANCER L\u2019APICULTURE VERS L\u2019AVENIR.\" width=\"1500\" height=\"844\" src=\"https:\/\/www.youtube.com\/embed\/zaXSGsmqa78?feature=oembed\" frameborder=\"0\" allow=\"accelerometer; autoplay; clipboard-write; encrypted-media; gyroscope; picture-in-picture; web-share\" allowfullscreen><\/iframe><\/div>\n<p class=\"p1\"><b>DIE PREISE SIND JE NACH MENGE DEGRESSIV.<\/b><\/p>\n<p class=\"p1\"><b>F\u00fcr weitere Informationen kontaktieren Sie mich bitte.<\/b><\/p>\n<p class=\"p2\"><span class=\"s1\"><a href=\"mailto:info@apimat.ch\"><b>info@apimat.ch<\/b><\/a><\/span><\/p>\n<p class=\"p1\"><b>Telefon: 076 213 80 33<\/b><\/p>\n","protected":false},"excerpt":{"rendered":"<p>P-HIVE INFINITY Bienenstock mit Deckel f\u00fcr Honigproduktion und Schw\u00e4rme ( 2 x 4 R\u00e4hmchen ) Dadant Blatt-Format DIE PREISE SIND JE NACH MENGE DEGRESSIV. F\u00fcr weitere Informationen kontaktieren Sie mich bitte. info@apimat.ch Telefon: 076 213 80 33<\/p>\n","protected":false},"featured_media":18141,"template":"","meta":{"_uf_show_specific_survey":0,"_uf_disable_surveys":false},"product_cat":[101,378],"product_tag":[],"aioseo_notices":[],"_links":{"self":[{"href":"https:\/\/apimat.ch\/de\/wp-json\/wp\/v2\/product\/15266"}],"collection":[{"href":"https:\/\/apimat.ch\/de\/wp-json\/wp\/v2\/product"}],"about":[{"href":"https:\/\/apimat.ch\/de\/wp-json\/wp\/v2\/types\/product"}],"wp:featuredmedia":[{"embeddable":true,"href":"https:\/\/apimat.ch\/de\/wp-json\/wp\/v2\/media\/18141"}],"wp:attachment":[{"href":"https:\/\/apimat.ch\/de\/wp-json\/wp\/v2\/media?parent=15266"}],"wp:term":[{"taxonomy":"product_cat","embeddable":true,"href":"https:\/\/apimat.ch\/de\/wp-json\/wp\/v2\/product_cat?post=15266"},{"taxonomy":"product_tag","embeddable":true,"href":"https:\/\/apimat.ch\/de\/wp-json\/wp\/v2\/product_tag?post=15266"}],"curies":[{"name":"wp","href":"https:\/\/api.w.org\/{rel}","templated":true}]}}