{"id":15417,"date":"2021-11-22T12:40:18","date_gmt":"2021-11-22T16:50:32","guid":{"rendered":"https:\/\/apimat.ch\/?post_type=product&#038;p=15417"},"modified":"2021-11-22T17:50:32","modified_gmt":"2021-11-22T16:50:32","slug":"gezackter-abstandshalter-fuer-dadant-blatt-aus-verzinktem-blech-format-waehlen","status":"publish","type":"product","link":"https:\/\/apimat.ch\/de\/produit\/gezackter-abstandshalter-fuer-dadant-blatt-aus-verzinktem-blech-format-waehlen\/","title":{"rendered":"Gezackter Abstandshalter f\u00fcr Dadant Blatt aus verzinktem Blech ( Format w\u00e4hlen )"},"content":{"rendered":"<p>Gezackter Abstandshalter f\u00fcr Dadant Blatt aus verzinktem Blech ( Format w\u00e4hlen )<\/p>\n<p class=\"p1\"><b>DIE PREISE SIND JE NACH MENGE DEGRESSIV.<\/b><\/p>\n<p class=\"p1\"><b>F\u00fcr weitere Informationen kontaktieren Sie mich bitte.<\/b><\/p>\n<p class=\"p2\"><span class=\"s1\"><a href=\"mailto:info@apimat.ch\"><b>info@apimat.ch<\/b><\/a><\/span><\/p>\n<p class=\"p1\"><b>Telefon: 076 213 80 33<\/b><\/p>\n","protected":false},"excerpt":{"rendered":"<p>Gezackter Abstandshalter f\u00fcr Dadant Blatt aus verzinktem Blech ( Format w\u00e4hlen ) DIE PREISE SIND JE NACH MENGE DEGRESSIV. F\u00fcr weitere Informationen kontaktieren Sie mich bitte. info@apimat.ch Telefon: 076 213 80 33<\/p>\n","protected":false},"featured_media":42093,"template":"","meta":{"_uf_show_specific_survey":0,"_uf_disable_surveys":false},"product_cat":[102],"product_tag":[],"aioseo_notices":[],"_links":{"self":[{"href":"https:\/\/apimat.ch\/de\/wp-json\/wp\/v2\/product\/15417"}],"collection":[{"href":"https:\/\/apimat.ch\/de\/wp-json\/wp\/v2\/product"}],"about":[{"href":"https:\/\/apimat.ch\/de\/wp-json\/wp\/v2\/types\/product"}],"wp:featuredmedia":[{"embeddable":true,"href":"https:\/\/apimat.ch\/de\/wp-json\/wp\/v2\/media\/42093"}],"wp:attachment":[{"href":"https:\/\/apimat.ch\/de\/wp-json\/wp\/v2\/media?parent=15417"}],"wp:term":[{"taxonomy":"product_cat","embeddable":true,"href":"https:\/\/apimat.ch\/de\/wp-json\/wp\/v2\/product_cat?post=15417"},{"taxonomy":"product_tag","embeddable":true,"href":"https:\/\/apimat.ch\/de\/wp-json\/wp\/v2\/product_tag?post=15417"}],"curies":[{"name":"wp","href":"https:\/\/api.w.org\/{rel}","templated":true}]}}