{"id":16202,"date":"2021-12-12T14:04:22","date_gmt":"2021-12-23T15:51:18","guid":{"rendered":"https:\/\/apimat.ch\/?post_type=product&#038;p=16202"},"modified":"2021-12-23T16:51:18","modified_gmt":"2021-12-23T15:51:18","slug":"werkzeugkiste-aus-holz-tool-box","status":"publish","type":"product","link":"https:\/\/apimat.ch\/de\/produit\/werkzeugkiste-aus-holz-tool-box\/","title":{"rendered":"Werkzeugkiste aus Holz Tool Box"},"content":{"rendered":"<h3>Werkzeugkiste aus Holz Tool Box<\/h3>\n<p>Die Kiste hat mehrere F\u00e4cher, in denen der Rahmenheber, der R\u00e4ucherofen, die Zange, die B\u00fcrste und der Rahmenhalter verstaut werden k\u00f6nnen.<br \/>\nDie Innenseite der Kiste ist mit Zahnstangen ausgestattet, die sich perfekt f\u00fcr den Transport von Rahmen eignen.<br \/>\nEin Griff aus rostfreiem Stahl erm\u00f6glicht es Ihnen, Ihre Werkzeuge einfach zu transportieren, ohne dass Sie Gefahr laufen, eines auf dem Weg zum Bienenhaus zu verlieren.<br \/>\nDie Tool Box ist das ideale Geschenk zum Verschenken oder um sich einfach selbst zu beschenken.<\/p>\n<p>Wird ohne Zubeh\u00f6r verkauft.<\/p>\n<p class=\"p1\"><b>DIE PREISE SIND JE NACH MENGE DEGRESSIV.<\/b><\/p>\n<p class=\"p1\"><b>F\u00fcr weitere Informationen kontaktieren Sie mich bitte.<\/b><\/p>\n<p class=\"p2\"><span class=\"s1\"><a href=\"mailto:info@apimat.ch\"><b>info@apimat.ch<\/b><\/a><\/span><\/p>\n<p class=\"p1\"><b>Telefon: 076 213 80 33<\/b><\/p>\n","protected":false},"excerpt":{"rendered":"<p>Werkzeugkiste aus Holz Tool Box Die Kiste hat mehrere F\u00e4cher, in denen der Rahmenheber, der R\u00e4ucherofen, die Zange, die B\u00fcrste und der Rahmenhalter verstaut werden k\u00f6nnen. Die Innenseite der Kiste ist mit Zahnstangen ausgestattet, die sich perfekt f\u00fcr den Transport von Rahmen eignen. Ein Griff aus rostfreiem Stahl erm\u00f6glicht es Ihnen, Ihre Werkzeuge einfach zu [&hellip;]<\/p>\n","protected":false},"featured_media":15772,"template":"","meta":{"_uf_show_specific_survey":0,"_uf_disable_surveys":false},"product_cat":[98],"product_tag":[],"aioseo_notices":[],"_links":{"self":[{"href":"https:\/\/apimat.ch\/de\/wp-json\/wp\/v2\/product\/16202"}],"collection":[{"href":"https:\/\/apimat.ch\/de\/wp-json\/wp\/v2\/product"}],"about":[{"href":"https:\/\/apimat.ch\/de\/wp-json\/wp\/v2\/types\/product"}],"wp:featuredmedia":[{"embeddable":true,"href":"https:\/\/apimat.ch\/de\/wp-json\/wp\/v2\/media\/15772"}],"wp:attachment":[{"href":"https:\/\/apimat.ch\/de\/wp-json\/wp\/v2\/media?parent=16202"}],"wp:term":[{"taxonomy":"product_cat","embeddable":true,"href":"https:\/\/apimat.ch\/de\/wp-json\/wp\/v2\/product_cat?post=16202"},{"taxonomy":"product_tag","embeddable":true,"href":"https:\/\/apimat.ch\/de\/wp-json\/wp\/v2\/product_tag?post=16202"}],"curies":[{"name":"wp","href":"https:\/\/api.w.org\/{rel}","templated":true}]}}