{"id":16207,"date":"2021-12-12T14:08:58","date_gmt":"2021-12-23T15:55:30","guid":{"rendered":"https:\/\/apimat.ch\/?post_type=product&#038;p=16207"},"modified":"2021-12-23T16:55:31","modified_gmt":"2021-12-23T15:55:31","slug":"raehmchenheber-klemme-jero-stahl-laenge-120-mm","status":"publish","type":"product","link":"https:\/\/apimat.ch\/de\/produit\/raehmchenheber-klemme-jero-stahl-laenge-120-mm\/","title":{"rendered":"R\u00e4hmchenheber Klemme Jero Stahl L\u00e4nge 120 mm"},"content":{"rendered":"<h3>R\u00e4hmchenheber Klemme Jero Stahl L\u00e4nge 120 mm<\/h3>\n<p>Die Marke Jero ist weltweit f\u00fcr die Qualit\u00e4t ihres Bestecks bekannt.<br \/>\nDer Jero Zangen-Rahmenheber aus verzinktem Stahl mit Zange hat eine L\u00e4nge von 120 mm und ist ideal, um Ihre Rahmen abzuheben und zu heben! Er liegt sehr gut in der Hand, ist leicht und ergonomisch geformt.<\/p>\n<p class=\"p1\"><b>DIE PREISE SIND JE NACH MENGE DEGRESSIV.<\/b><\/p>\n<p class=\"p1\"><b>F\u00fcr weitere Informationen kontaktieren Sie mich bitte.<\/b><\/p>\n<p class=\"p2\"><span class=\"s1\"><a href=\"mailto:info@apimat.ch\"><b>info@apimat.ch<\/b><\/a><\/span><\/p>\n<p class=\"p1\"><b>Telefon: 076 213 80 33<\/b><\/p>\n","protected":false},"excerpt":{"rendered":"<p>R\u00e4hmchenheber Klemme Jero Stahl L\u00e4nge 120 mm Die Marke Jero ist weltweit f\u00fcr die Qualit\u00e4t ihres Bestecks bekannt. Der Jero Zangen-Rahmenheber aus verzinktem Stahl mit Zange hat eine L\u00e4nge von 120 mm und ist ideal, um Ihre Rahmen abzuheben und zu heben! Er liegt sehr gut in der Hand, ist leicht und ergonomisch geformt. DIE [&hellip;]<\/p>\n","protected":false},"featured_media":15776,"template":"","meta":{"_uf_show_specific_survey":0,"_uf_disable_surveys":false},"product_cat":[98],"product_tag":[],"aioseo_notices":[],"_links":{"self":[{"href":"https:\/\/apimat.ch\/de\/wp-json\/wp\/v2\/product\/16207"}],"collection":[{"href":"https:\/\/apimat.ch\/de\/wp-json\/wp\/v2\/product"}],"about":[{"href":"https:\/\/apimat.ch\/de\/wp-json\/wp\/v2\/types\/product"}],"wp:featuredmedia":[{"embeddable":true,"href":"https:\/\/apimat.ch\/de\/wp-json\/wp\/v2\/media\/15776"}],"wp:attachment":[{"href":"https:\/\/apimat.ch\/de\/wp-json\/wp\/v2\/media?parent=16207"}],"wp:term":[{"taxonomy":"product_cat","embeddable":true,"href":"https:\/\/apimat.ch\/de\/wp-json\/wp\/v2\/product_cat?post=16207"},{"taxonomy":"product_tag","embeddable":true,"href":"https:\/\/apimat.ch\/de\/wp-json\/wp\/v2\/product_tag?post=16207"}],"curies":[{"name":"wp","href":"https:\/\/api.w.org\/{rel}","templated":true}]}}