{"id":16211,"date":"2021-12-12T14:13:53","date_gmt":"2021-12-23T15:58:53","guid":{"rendered":"https:\/\/apimat.ch\/?post_type=product&#038;p=16211"},"modified":"2021-12-23T16:58:54","modified_gmt":"2021-12-23T15:58:54","slug":"kunststoffadapter-zum-geraden-rahmen-in-hoffmann-rahmen-umwandeln","status":"publish","type":"product","link":"https:\/\/apimat.ch\/de\/produit\/kunststoffadapter-zum-geraden-rahmen-in-hoffmann-rahmen-umwandeln\/","title":{"rendered":"Kunststoffadapter zum geraden Rahmen in Hoffmann-Rahmen umwandeln"},"content":{"rendered":"<h3>Kunststoffadapter zum geraden Rahmen in Hoffmann-Rahmen umwandeln<\/h3>\n<p>Der Hoffmann-Abstandhalter erm\u00f6glicht es, gerade Rahmen in Hoffmann-Rahmen umzuwandeln.<br \/>\nJe nach Ihren Bed\u00fcrfnissen und Vorlieben kann er eingeklickt, geklammert oder genagelt werden.<br \/>\nDurch die Verwendung eines Abstandhalters ersparen Sie sich die Verwendung von Zahnstangen und Zwischenrahmenb\u00e4ndern.<br \/>\nDas hat den Vorteil, dass Ihre R\u00e4hmchen einen gr\u00f6\u00dferen Abstand zueinander haben, was eine Verletzung oder Quetschung der Bienen verhindert.<\/p>\n<p class=\"p1\"><b>DIE PREISE SIND JE NACH MENGE DEGRESSIV.<\/b><\/p>\n<p class=\"p1\"><b>F\u00fcr weitere Informationen kontaktieren Sie mich bitte.<\/b><\/p>\n<p class=\"p2\"><span class=\"s1\"><a href=\"mailto:info@apimat.ch\"><b>info@apimat.ch<\/b><\/a><\/span><\/p>\n<p class=\"p1\"><b>Telefon: 076 213 80 33<\/b><\/p>\n","protected":false},"excerpt":{"rendered":"<p>Kunststoffadapter zum geraden Rahmen in Hoffmann-Rahmen umwandeln Der Hoffmann-Abstandhalter erm\u00f6glicht es, gerade Rahmen in Hoffmann-Rahmen umzuwandeln. Je nach Ihren Bed\u00fcrfnissen und Vorlieben kann er eingeklickt, geklammert oder genagelt werden. Durch die Verwendung eines Abstandhalters ersparen Sie sich die Verwendung von Zahnstangen und Zwischenrahmenb\u00e4ndern. Das hat den Vorteil, dass Ihre R\u00e4hmchen einen gr\u00f6\u00dferen Abstand zueinander haben, [&hellip;]<\/p>\n","protected":false},"featured_media":15782,"template":"","meta":{"_uf_show_specific_survey":0,"_uf_disable_surveys":false},"product_cat":[103],"product_tag":[],"aioseo_notices":[],"_links":{"self":[{"href":"https:\/\/apimat.ch\/de\/wp-json\/wp\/v2\/product\/16211"}],"collection":[{"href":"https:\/\/apimat.ch\/de\/wp-json\/wp\/v2\/product"}],"about":[{"href":"https:\/\/apimat.ch\/de\/wp-json\/wp\/v2\/types\/product"}],"wp:featuredmedia":[{"embeddable":true,"href":"https:\/\/apimat.ch\/de\/wp-json\/wp\/v2\/media\/15782"}],"wp:attachment":[{"href":"https:\/\/apimat.ch\/de\/wp-json\/wp\/v2\/media?parent=16211"}],"wp:term":[{"taxonomy":"product_cat","embeddable":true,"href":"https:\/\/apimat.ch\/de\/wp-json\/wp\/v2\/product_cat?post=16211"},{"taxonomy":"product_tag","embeddable":true,"href":"https:\/\/apimat.ch\/de\/wp-json\/wp\/v2\/product_tag?post=16211"}],"curies":[{"name":"wp","href":"https:\/\/api.w.org\/{rel}","templated":true}]}}