{"id":16215,"date":"2021-12-12T14:21:45","date_gmt":"2021-12-23T16:03:19","guid":{"rendered":"https:\/\/apimat.ch\/?post_type=product&#038;p=16215"},"modified":"2021-12-23T17:03:19","modified_gmt":"2021-12-23T16:03:19","slug":"apifoam-isolierung-fuer-bienenstock-dadant-10-und-12-packung-mit-4-stueck","status":"publish","type":"product","link":"https:\/\/apimat.ch\/de\/produit\/apifoam-isolierung-fuer-bienenstock-dadant-10-und-12-packung-mit-4-stueck\/","title":{"rendered":"APIFOAM Isolierung f\u00fcr Bienenstock Dadant 10 und 12 ( Packung mit 4 St\u00fcck )"},"content":{"rendered":"<h3>APIFOAM Isolierung f\u00fcr Bienenstock Dadant 10 und 12 ( Packung mit 4 St\u00fcck )<\/h3>\n<p>APIFOAM: Der verrottungsfeste und unzerbrechliche Isolierschaum f\u00fcr Bienenst\u00f6cke.<\/p>\n<p>Die APIFOAM-Isolierung ist ein Verbundmaterial, das aus verschiedenen Elementen hergestellt wird, die aufgrund ihrer thermischen und phonischen Eigenschaften ausgew\u00e4hlt wurden.<\/p>\n<p>&nbsp;<\/p>\n<p class=\"p1\"><b>DIE PREISE SIND JE NACH MENGE DEGRESSIV.<\/b><\/p>\n<p class=\"p1\"><b>F\u00fcr weitere Informationen kontaktieren Sie mich bitte.<\/b><\/p>\n<p class=\"p2\"><span class=\"s1\"><a href=\"mailto:info@apimat.ch\"><b>info@apimat.ch<\/b><\/a><\/span><\/p>\n<p class=\"p1\"><b>Telefon: 076 213 80 33<\/b><\/p>\n","protected":false},"excerpt":{"rendered":"<p>APIFOAM Isolierung f\u00fcr Bienenstock Dadant 10 und 12 ( Packung mit 4 St\u00fcck ) APIFOAM: Der verrottungsfeste und unzerbrechliche Isolierschaum f\u00fcr Bienenst\u00f6cke. Die APIFOAM-Isolierung ist ein Verbundmaterial, das aus verschiedenen Elementen hergestellt wird, die aufgrund ihrer thermischen und phonischen Eigenschaften ausgew\u00e4hlt wurden. &nbsp; DIE PREISE SIND JE NACH MENGE DEGRESSIV. F\u00fcr weitere Informationen kontaktieren Sie [&hellip;]<\/p>\n","protected":false},"featured_media":42062,"template":"","meta":{"_uf_show_specific_survey":0,"_uf_disable_surveys":false},"product_cat":[102],"product_tag":[],"aioseo_notices":[],"_links":{"self":[{"href":"https:\/\/apimat.ch\/de\/wp-json\/wp\/v2\/product\/16215"}],"collection":[{"href":"https:\/\/apimat.ch\/de\/wp-json\/wp\/v2\/product"}],"about":[{"href":"https:\/\/apimat.ch\/de\/wp-json\/wp\/v2\/types\/product"}],"wp:featuredmedia":[{"embeddable":true,"href":"https:\/\/apimat.ch\/de\/wp-json\/wp\/v2\/media\/42062"}],"wp:attachment":[{"href":"https:\/\/apimat.ch\/de\/wp-json\/wp\/v2\/media?parent=16215"}],"wp:term":[{"taxonomy":"product_cat","embeddable":true,"href":"https:\/\/apimat.ch\/de\/wp-json\/wp\/v2\/product_cat?post=16215"},{"taxonomy":"product_tag","embeddable":true,"href":"https:\/\/apimat.ch\/de\/wp-json\/wp\/v2\/product_tag?post=16215"}],"curies":[{"name":"wp","href":"https:\/\/api.w.org\/{rel}","templated":true}]}}