{"id":16221,"date":"2021-12-12T14:34:13","date_gmt":"2021-12-23T16:06:43","guid":{"rendered":"https:\/\/apimat.ch\/?post_type=product&#038;p=16221"},"modified":"2024-09-16T23:23:37","modified_gmt":"2024-09-16T21:23:37","slug":"hohe-futterdeckbrett-fuer-6-rahmen-bienenstoecke","status":"publish","type":"product","link":"https:\/\/apimat.ch\/de\/produit\/hohe-futterdeckbrett-fuer-6-rahmen-bienenstoecke\/","title":{"rendered":"Hohe Futterdeckbrett f\u00fcr 6 Rahmen Bienenst\u00f6cke"},"content":{"rendered":"<h3>Hohe Futterdeckbrett f\u00fcr 6 Rahmen Bienenst\u00f6cke<\/h3>\n<p>Dieser rahmendeckende Futterautomat enth\u00e4lt ein gro\u00dfes Futterfach sowie einen wiederverschlie\u00dfbaren Schornstein mit dem mitgelieferten Brett, um den Zugang der Bienen zu kontrollieren.<\/p>\n<p class=\"p1\"><b>DIE PREISE SIND JE NACH MENGE DEGRESSIV.<\/b><\/p>\n<p class=\"p1\"><b>F\u00fcr weitere Informationen kontaktieren Sie mich bitte.<\/b><\/p>\n<p class=\"p2\"><span class=\"s1\"><a href=\"mailto:info@apimat.ch\"><b>info@apimat.ch<\/b><\/a><\/span><\/p>\n<p class=\"p1\"><b>Telefon: 076 213 80 33<\/b><\/p>\n","protected":false},"excerpt":{"rendered":"<p>Hohe Futterdeckbrett f\u00fcr 6 Rahmen Bienenst\u00f6cke Dieser rahmendeckende Futterautomat enth\u00e4lt ein gro\u00dfes Futterfach sowie einen wiederverschlie\u00dfbaren Schornstein mit dem mitgelieferten Brett, um den Zugang der Bienen zu kontrollieren. DIE PREISE SIND JE NACH MENGE DEGRESSIV. F\u00fcr weitere Informationen kontaktieren Sie mich bitte. info@apimat.ch Telefon: 076 213 80 33<\/p>\n","protected":false},"featured_media":15794,"template":"","meta":{"_uf_show_specific_survey":0,"_uf_disable_surveys":false},"product_cat":[102],"product_tag":[],"aioseo_notices":[],"_links":{"self":[{"href":"https:\/\/apimat.ch\/de\/wp-json\/wp\/v2\/product\/16221"}],"collection":[{"href":"https:\/\/apimat.ch\/de\/wp-json\/wp\/v2\/product"}],"about":[{"href":"https:\/\/apimat.ch\/de\/wp-json\/wp\/v2\/types\/product"}],"wp:featuredmedia":[{"embeddable":true,"href":"https:\/\/apimat.ch\/de\/wp-json\/wp\/v2\/media\/15794"}],"wp:attachment":[{"href":"https:\/\/apimat.ch\/de\/wp-json\/wp\/v2\/media?parent=16221"}],"wp:term":[{"taxonomy":"product_cat","embeddable":true,"href":"https:\/\/apimat.ch\/de\/wp-json\/wp\/v2\/product_cat?post=16221"},{"taxonomy":"product_tag","embeddable":true,"href":"https:\/\/apimat.ch\/de\/wp-json\/wp\/v2\/product_tag?post=16221"}],"curies":[{"name":"wp","href":"https:\/\/api.w.org\/{rel}","templated":true}]}}