{"id":16225,"date":"2021-12-12T14:39:56","date_gmt":"2021-12-23T16:09:30","guid":{"rendered":"https:\/\/apimat.ch\/?post_type=product&#038;p=16225"},"modified":"2024-09-25T07:35:15","modified_gmt":"2024-09-25T05:35:15","slug":"holz-maulkorb-gegen-asiatische-hornissen-hoher-druck","status":"publish","type":"product","link":"https:\/\/apimat.ch\/de\/produit\/holz-maulkorb-gegen-asiatische-hornissen-hoher-druck\/","title":{"rendered":"Holz-Maulkorb gegen Asiatische Hornissen, hoher Druck"},"content":{"rendered":"<p><strong>Holz-Maulkorb gegen Asiatische Hornissen, hoher Druck<\/strong><\/p>\n<p>Sch\u00fctzen Sie Ihre Bienenst\u00f6cke vor der Asiatischen Hornisse<\/p>\n<p>Dieser Maulkorb gegen Asiatische Hornissen ist eine solide Barriere, die sich an 10-Rahmen-Bienenst\u00f6cke mit einer Breite von 430 mm anpasst. Dieses Modell ist mit einem engmaschigen Gitter (6&#215;6 mm) ausgestattet, um jegliches Eindringen von Hornissen zu verhindern.<\/p>\n<p>Der geringe Abstand zwischen den Maschen kann jedoch die Pollenh\u00f6schen der Bienen zur\u00fcckhalten. Daher ist es wichtig, den Maulkorb w\u00e4hrend der Polleneintragssaison zu entfernen.<\/p>\n<p>In der Imkerei kann seine Verwendung mit einer Falle und\/oder einer Harfe kombiniert werden.<\/p>\n<hr \/>\n<p><strong>Warum einen Maulkorb verwenden?<\/strong><\/p>\n<p>Wenn der Druck durch die Asiatische Hornisse zunimmt, f\u00fchrt die Anwesenheit dieser Hornisse im Schwebeflug vor den Bienenst\u00f6cken zu einem erheblichen Stress, der eine deutliche Verringerung der Aktivit\u00e4t der Bienen verursacht. Studien des ITSAP zeigen, dass ab 10 Hornissen die Aktivit\u00e4t um 40 % abnimmt, was zu einem signifikanten R\u00fcckgang des Nektareintrags f\u00fchrt, was f\u00fcr die Wintervorr\u00e4te und sogar das \u00dcberleben des Volkes sch\u00e4dlich sein kann.<\/p>\n<p>Dieser Maulkorb h\u00e4lt die Hornissen von der Eingangs\u00f6ffnung des Bienenstocks fern und stellt gleichzeitig nur eine geringe Beeintr\u00e4chtigung f\u00fcr die Bienen dar. Die Maschenweite des Gitters verhindert jegliches Eindringen.<\/p>\n<hr \/>\n<p><strong>Wann den Maulkorb installieren?<\/strong><\/p>\n<p>Installieren Sie den Maulkorb nur, wenn der Druck durch die Hornissen zunimmt (je nach Jahr ab Juli). Es ist kontraproduktiv, ihn zu fr\u00fch anzubringen.<\/p>\n<hr \/>\n<p><strong>Wie den Maulkorb installieren?<\/strong><\/p>\n<p>Dieser Maulkorb ist mit zwei breiten Holzlaschen ausgestattet, die einfach an den Seiten des Bienenstockk\u00f6rpers angeschraubt werden m\u00fcssen.<\/p>\n<p class=\"p1\"><b>DIE PREISE SIND JE NACH MENGE DEGRESSIV.<\/b><\/p>\n<p class=\"p1\"><b>F\u00fcr weitere Informationen kontaktieren Sie mich bitte.<\/b><\/p>\n<p class=\"p2\"><span class=\"s1\"><a href=\"mailto:info@apimat.ch\"><b>info@apimat.ch<\/b><\/a><\/span><\/p>\n<p class=\"p1\"><b>Telefon: 076 213 80 33<\/b><\/p>\n","protected":false},"excerpt":{"rendered":"<p>Holz-Maulkorb gegen Asiatische Hornissen, hoher Druck Sch\u00fctzen Sie Ihre Bienenst\u00f6cke vor der Asiatischen Hornisse Dieser Maulkorb gegen Asiatische Hornissen ist eine solide Barriere, die sich an 10-Rahmen-Bienenst\u00f6cke mit einer Breite von 430 mm anpasst. Dieses Modell ist mit einem engmaschigen Gitter (6&#215;6 mm) ausgestattet, um jegliches Eindringen von Hornissen zu verhindern. Der geringe Abstand zwischen [&hellip;]<\/p>\n","protected":false},"featured_media":32520,"template":"","meta":{"_uf_show_specific_survey":0,"_uf_disable_surveys":false},"product_cat":[912],"product_tag":[],"aioseo_notices":[],"_links":{"self":[{"href":"https:\/\/apimat.ch\/de\/wp-json\/wp\/v2\/product\/16225"}],"collection":[{"href":"https:\/\/apimat.ch\/de\/wp-json\/wp\/v2\/product"}],"about":[{"href":"https:\/\/apimat.ch\/de\/wp-json\/wp\/v2\/types\/product"}],"wp:featuredmedia":[{"embeddable":true,"href":"https:\/\/apimat.ch\/de\/wp-json\/wp\/v2\/media\/32520"}],"wp:attachment":[{"href":"https:\/\/apimat.ch\/de\/wp-json\/wp\/v2\/media?parent=16225"}],"wp:term":[{"taxonomy":"product_cat","embeddable":true,"href":"https:\/\/apimat.ch\/de\/wp-json\/wp\/v2\/product_cat?post=16225"},{"taxonomy":"product_tag","embeddable":true,"href":"https:\/\/apimat.ch\/de\/wp-json\/wp\/v2\/product_tag?post=16225"}],"curies":[{"name":"wp","href":"https:\/\/api.w.org\/{rel}","templated":true}]}}