{"id":16251,"date":"2021-12-12T15:10:17","date_gmt":"2021-12-23T16:30:14","guid":{"rendered":"https:\/\/apimat.ch\/?post_type=product&#038;p=16251"},"modified":"2021-12-23T17:30:15","modified_gmt":"2021-12-23T16:30:15","slug":"kalender-fuer-die-koeniginnenaufzucht","status":"publish","type":"product","link":"https:\/\/apimat.ch\/de\/produit\/kalender-fuer-die-koeniginnenaufzucht\/","title":{"rendered":"Kalender f\u00fcr die K\u00f6niginnenaufzucht"},"content":{"rendered":"<h3>Kalender f\u00fcr die K\u00f6niginnenaufzucht<\/h3>\n<p>Dieser sehr praktische Kalender erleichtert die K\u00f6niginnenzucht und kann dem Imker helfen.<br \/>\nEs wird einfach, den Tag des Pickens zu identifizieren, die Daten der Zellverdeckelung, das Stadium der Vorpuppe, den Zeitpunkt des Einlegens in den Brutkasten, das Datum der Einf\u00fchrung in den Bienenstock, wann die Zelle geschl\u00fcpft ist usw. zu kennen.<\/p>\n<p class=\"p1\"><b>DIE PREISE SIND JE NACH MENGE DEGRESSIV.<\/b><\/p>\n<p class=\"p1\"><b>F\u00fcr weitere Informationen kontaktieren Sie mich bitte.<\/b><\/p>\n<p class=\"p2\"><span class=\"s1\"><a href=\"mailto:info@apimat.ch\"><b>info@apimat.ch<\/b><\/a><\/span><\/p>\n<p class=\"p1\"><b>Telefon: 076 213 80 33<\/b><\/p>\n","protected":false},"excerpt":{"rendered":"<p>Kalender f\u00fcr die K\u00f6niginnenaufzucht Dieser sehr praktische Kalender erleichtert die K\u00f6niginnenzucht und kann dem Imker helfen. Es wird einfach, den Tag des Pickens zu identifizieren, die Daten der Zellverdeckelung, das Stadium der Vorpuppe, den Zeitpunkt des Einlegens in den Brutkasten, das Datum der Einf\u00fchrung in den Bienenstock, wann die Zelle geschl\u00fcpft ist usw. zu kennen. [&hellip;]<\/p>\n","protected":false},"featured_media":15827,"template":"","meta":{"_uf_show_specific_survey":0,"_uf_disable_surveys":false},"product_cat":[95],"product_tag":[],"aioseo_notices":[],"_links":{"self":[{"href":"https:\/\/apimat.ch\/de\/wp-json\/wp\/v2\/product\/16251"}],"collection":[{"href":"https:\/\/apimat.ch\/de\/wp-json\/wp\/v2\/product"}],"about":[{"href":"https:\/\/apimat.ch\/de\/wp-json\/wp\/v2\/types\/product"}],"wp:featuredmedia":[{"embeddable":true,"href":"https:\/\/apimat.ch\/de\/wp-json\/wp\/v2\/media\/15827"}],"wp:attachment":[{"href":"https:\/\/apimat.ch\/de\/wp-json\/wp\/v2\/media?parent=16251"}],"wp:term":[{"taxonomy":"product_cat","embeddable":true,"href":"https:\/\/apimat.ch\/de\/wp-json\/wp\/v2\/product_cat?post=16251"},{"taxonomy":"product_tag","embeddable":true,"href":"https:\/\/apimat.ch\/de\/wp-json\/wp\/v2\/product_tag?post=16251"}],"curies":[{"name":"wp","href":"https:\/\/api.w.org\/{rel}","templated":true}]}}