{"id":16254,"date":"2021-12-12T15:18:26","date_gmt":"2021-12-23T16:33:59","guid":{"rendered":"https:\/\/apimat.ch\/?post_type=product&#038;p=16254"},"modified":"2022-02-09T21:56:43","modified_gmt":"2022-02-09T20:56:43","slug":"buch-le-petit-traite-rustica-de-lapiculteur-debutant-gilles-fert","status":"publish","type":"product","link":"https:\/\/apimat.ch\/de\/produit\/buch-le-petit-traite-rustica-de-lapiculteur-debutant-gilles-fert\/","title":{"rendered":"Buch &#8211; Le petit trait\u00e9 Rustica de l\u2019apiculteur d\u00e9butant \u2013 Gilles Fert"},"content":{"rendered":"<h3>Buch &#8211; Le petit trait\u00e9 Rustica de l\u2019apiculteur d\u00e9butant \u2013 Gilles Fert<\/h3>\n<p>Sie m\u00f6chten mit der Imkerei beginnen, wissen aber nicht, wo Sie anfangen sollen?<br \/>\nAls bereits etablierter Imker m\u00f6chten Sie Ihre Kenntnisse vertiefen und auf den neuesten Stand bringen? Diese kleine Abhandlung beantwortet klar und einfach alle Fragen, die Sie sich stellen.<br \/>\nVergleichstabelle der verschiedenen Bienenunterarten, praktische Arbeitsbl\u00e4tter mit Schritt-f\u00fcr-Schritt-Fotos, Budgetvoranschl\u00e4ge, Liste der Honigpflanzen, Bl\u00fchkalender, Leitfaden der wichtigsten Honigsorten&#8230;<br \/>\nAll dies sind Werkzeuge, die bald unentbehrlich f\u00fcr Ihre t\u00e4gliche Praxis der Bienenzucht sein werden.<\/p>\n<p class=\"p1\"><b>DIE PREISE SIND JE NACH MENGE DEGRESSIV.<\/b><\/p>\n<p class=\"p1\"><b>F\u00fcr weitere Informationen kontaktieren Sie mich bitte.<\/b><\/p>\n<p class=\"p2\"><span class=\"s1\"><a href=\"mailto:info@apimat.ch\"><b>info@apimat.ch<\/b><\/a><\/span><\/p>\n<p class=\"p1\"><b>Telefon: 076 213 80 33<\/b><\/p>\n","protected":false},"excerpt":{"rendered":"<p>Buch &#8211; Le petit trait\u00e9 Rustica de l\u2019apiculteur d\u00e9butant \u2013 Gilles Fert Sie m\u00f6chten mit der Imkerei beginnen, wissen aber nicht, wo Sie anfangen sollen? Als bereits etablierter Imker m\u00f6chten Sie Ihre Kenntnisse vertiefen und auf den neuesten Stand bringen? Diese kleine Abhandlung beantwortet klar und einfach alle Fragen, die Sie sich stellen. Vergleichstabelle der [&hellip;]<\/p>\n","protected":false},"featured_media":15830,"template":"","meta":{"_uf_show_specific_survey":0,"_uf_disable_surveys":false},"product_cat":[104],"product_tag":[],"aioseo_notices":[],"_links":{"self":[{"href":"https:\/\/apimat.ch\/de\/wp-json\/wp\/v2\/product\/16254"}],"collection":[{"href":"https:\/\/apimat.ch\/de\/wp-json\/wp\/v2\/product"}],"about":[{"href":"https:\/\/apimat.ch\/de\/wp-json\/wp\/v2\/types\/product"}],"wp:featuredmedia":[{"embeddable":true,"href":"https:\/\/apimat.ch\/de\/wp-json\/wp\/v2\/media\/15830"}],"wp:attachment":[{"href":"https:\/\/apimat.ch\/de\/wp-json\/wp\/v2\/media?parent=16254"}],"wp:term":[{"taxonomy":"product_cat","embeddable":true,"href":"https:\/\/apimat.ch\/de\/wp-json\/wp\/v2\/product_cat?post=16254"},{"taxonomy":"product_tag","embeddable":true,"href":"https:\/\/apimat.ch\/de\/wp-json\/wp\/v2\/product_tag?post=16254"}],"curies":[{"name":"wp","href":"https:\/\/api.w.org\/{rel}","templated":true}]}}