{"id":16260,"date":"2021-12-12T15:22:32","date_gmt":"2021-12-23T16:37:08","guid":{"rendered":"https:\/\/apimat.ch\/?post_type=product&#038;p=16260"},"modified":"2022-02-09T21:57:29","modified_gmt":"2022-02-09T20:57:29","slug":"buch-traite-rustica-de-lapiculture-henri-clement","status":"publish","type":"product","link":"https:\/\/apimat.ch\/de\/produit\/buch-traite-rustica-de-lapiculture-henri-clement\/","title":{"rendered":"Buch &#8211; Trait\u00e9 Rustica de l\u2019Apiculture \u2013 Henri Cl\u00e9ment"},"content":{"rendered":"<h3>Buch &#8211; Trait\u00e9 Rustica de l\u2019Apiculture \u2013 Henri Cl\u00e9ment<\/h3>\n<p>Die Bibel der Imkereiwelt!<\/p>\n<p>Die Rustica-Abhandlung \u00fcber die Bienenzucht listet alle Fertigkeiten und Kenntnisse auf, die ein Imker ben\u00f6tigt. Von den Grundtechniken (R\u00e4uchern, Handhabung der R\u00e4hmchen, Besuch im Bienenhaus&#8230;), die in Schritt-f\u00fcr-Schritt-Anleitungen illustriert sind, bis hin zu den neuesten Forschungen im Bereich der Best\u00e4ubung oder der Apitherapie werden alle verschiedenen Aspekte der Imkerei angesprochen und auf einfache und detaillierte Weise behandelt. 800 Farbfotos, Zeichnungen und Schemata erm\u00f6glichen es Ihnen, die faszinierende Welt des Bienenstocks zu entdecken oder Ihre Praxis zu vertiefen und weiterzuentwickeln.<\/p>\n<p class=\"p1\"><b>DIE PREISE SIND JE NACH MENGE DEGRESSIV.<\/b><\/p>\n<p class=\"p1\"><b>F\u00fcr weitere Informationen kontaktieren Sie mich bitte.<\/b><\/p>\n<p class=\"p2\"><span class=\"s1\"><a href=\"mailto:info@apimat.ch\"><b>info@apimat.ch<\/b><\/a><\/span><\/p>\n<p class=\"p1\"><b>Telefon: 076 213 80 33<\/b><\/p>\n","protected":false},"excerpt":{"rendered":"<p>Buch &#8211; Trait\u00e9 Rustica de l\u2019Apiculture \u2013 Henri Cl\u00e9ment Die Bibel der Imkereiwelt! Die Rustica-Abhandlung \u00fcber die Bienenzucht listet alle Fertigkeiten und Kenntnisse auf, die ein Imker ben\u00f6tigt. Von den Grundtechniken (R\u00e4uchern, Handhabung der R\u00e4hmchen, Besuch im Bienenhaus&#8230;), die in Schritt-f\u00fcr-Schritt-Anleitungen illustriert sind, bis hin zu den neuesten Forschungen im Bereich der Best\u00e4ubung oder der [&hellip;]<\/p>\n","protected":false},"featured_media":15834,"template":"","meta":{"_uf_show_specific_survey":0,"_uf_disable_surveys":false},"product_cat":[104],"product_tag":[],"aioseo_notices":[],"_links":{"self":[{"href":"https:\/\/apimat.ch\/de\/wp-json\/wp\/v2\/product\/16260"}],"collection":[{"href":"https:\/\/apimat.ch\/de\/wp-json\/wp\/v2\/product"}],"about":[{"href":"https:\/\/apimat.ch\/de\/wp-json\/wp\/v2\/types\/product"}],"wp:featuredmedia":[{"embeddable":true,"href":"https:\/\/apimat.ch\/de\/wp-json\/wp\/v2\/media\/15834"}],"wp:attachment":[{"href":"https:\/\/apimat.ch\/de\/wp-json\/wp\/v2\/media?parent=16260"}],"wp:term":[{"taxonomy":"product_cat","embeddable":true,"href":"https:\/\/apimat.ch\/de\/wp-json\/wp\/v2\/product_cat?post=16260"},{"taxonomy":"product_tag","embeddable":true,"href":"https:\/\/apimat.ch\/de\/wp-json\/wp\/v2\/product_tag?post=16260"}],"curies":[{"name":"wp","href":"https:\/\/api.w.org\/{rel}","templated":true}]}}