{"id":16263,"date":"2021-12-12T15:24:26","date_gmt":"2021-12-23T16:45:35","guid":{"rendered":"https:\/\/apimat.ch\/?post_type=product&#038;p=16263"},"modified":"2022-02-09T21:58:03","modified_gmt":"2022-02-09T20:58:03","slug":"buch-rustica-elevage-reines-gilles-fert","status":"publish","type":"product","link":"https:\/\/apimat.ch\/de\/produit\/buch-rustica-elevage-reines-gilles-fert\/","title":{"rendered":"Buch &#8211; Rustica \u00e9levage reines \u2013 Gilles Fert"},"content":{"rendered":"<h3>Buch &#8211; Rustica \u00e9levage reines \u2013 Gilles Fert<\/h3>\n<p>Jeder angehende oder professionelle Imker muss regelm\u00e4\u00dfig die K\u00f6niginnen in seinen Bienenst\u00f6cken ersetzen. Dieses Buch stellt alle Etappen ihrer Zucht vor: die Wahl der Rasse, das Material, die verschiedenen Methoden, die Einf\u00fchrung und Verwendung der K\u00f6niginnen, die Vermarktung, die Herstellung von Gel\u00e9e Royale&#8230; aber auch erg\u00e4nzende Produktionen wie die Zucht von m\u00e4nnlichen Bienen oder die Herstellung von Bienenpaketen.<\/p>\n<p class=\"p1\"><b>DIE PREISE SIND JE NACH MENGE DEGRESSIV.<\/b><\/p>\n<p class=\"p1\"><b>F\u00fcr weitere Informationen kontaktieren Sie mich bitte.<\/b><\/p>\n<p class=\"p2\"><span class=\"s1\"><a href=\"mailto:info@apimat.ch\"><b>info@apimat.ch<\/b><\/a><\/span><\/p>\n<p class=\"p1\"><b>Telefon: 076 213 80 33<\/b><\/p>\n<p>&nbsp;<\/p>\n","protected":false},"excerpt":{"rendered":"<p>Buch &#8211; Rustica \u00e9levage reines \u2013 Gilles Fert Jeder angehende oder professionelle Imker muss regelm\u00e4\u00dfig die K\u00f6niginnen in seinen Bienenst\u00f6cken ersetzen. Dieses Buch stellt alle Etappen ihrer Zucht vor: die Wahl der Rasse, das Material, die verschiedenen Methoden, die Einf\u00fchrung und Verwendung der K\u00f6niginnen, die Vermarktung, die Herstellung von Gel\u00e9e Royale&#8230; aber auch erg\u00e4nzende Produktionen [&hellip;]<\/p>\n","protected":false},"featured_media":15838,"template":"","meta":{"_uf_show_specific_survey":0,"_uf_disable_surveys":false},"product_cat":[104],"product_tag":[],"aioseo_notices":[],"_links":{"self":[{"href":"https:\/\/apimat.ch\/de\/wp-json\/wp\/v2\/product\/16263"}],"collection":[{"href":"https:\/\/apimat.ch\/de\/wp-json\/wp\/v2\/product"}],"about":[{"href":"https:\/\/apimat.ch\/de\/wp-json\/wp\/v2\/types\/product"}],"wp:featuredmedia":[{"embeddable":true,"href":"https:\/\/apimat.ch\/de\/wp-json\/wp\/v2\/media\/15838"}],"wp:attachment":[{"href":"https:\/\/apimat.ch\/de\/wp-json\/wp\/v2\/media?parent=16263"}],"wp:term":[{"taxonomy":"product_cat","embeddable":true,"href":"https:\/\/apimat.ch\/de\/wp-json\/wp\/v2\/product_cat?post=16263"},{"taxonomy":"product_tag","embeddable":true,"href":"https:\/\/apimat.ch\/de\/wp-json\/wp\/v2\/product_tag?post=16263"}],"curies":[{"name":"wp","href":"https:\/\/api.w.org\/{rel}","templated":true}]}}