{"id":16266,"date":"2021-12-12T15:26:25","date_gmt":"2021-12-23T16:47:41","guid":{"rendered":"https:\/\/apimat.ch\/?post_type=product&#038;p=16266"},"modified":"2022-02-09T21:58:56","modified_gmt":"2022-02-09T20:58:56","slug":"buch-livre-au-trou-de-vol-storch","status":"publish","type":"product","link":"https:\/\/apimat.ch\/de\/produit\/buch-livre-au-trou-de-vol-storch\/","title":{"rendered":"Buch \u2013 Au trou de vol \u2013 Storch"},"content":{"rendered":"<h3>Buch \u2013 Au trou de vol \u2013 Storch<\/h3>\n<p>Alles, was man aus der Beobachtung und dem Abh\u00f6ren der Ger\u00e4usche des Bienenvolks am Flugloch ableiten kann. Viele Details und sehr informative Erkl\u00e4rungen, um zu vermeiden, dass man den Bienenstock auf Teufel komm raus \u00f6ffnet.<br \/>\nDiese Beobachtungen sind in 7 gro\u00dfe Kapitel unterteilt:<br \/>\n&#8211; W\u00e4hrend der Wintermonate<br \/>\n&#8211; Der Tag des Sauberflugs<br \/>\n&#8211; In den Fr\u00fchlingsmonaten<br \/>\n&#8211; Zur Zeit der gro\u00dfen Bl\u00fcte<br \/>\n&#8211; Bei der Begegnung mit dem Winter<br \/>\n&#8211; Die Winterdecker<br \/>\n&#8211; Die Beobachtungen des Vergleichsrahmens<br \/>\nDie in diesem Buch wiedergegebenen Beobachtungen werden dem Imker sehr dabei helfen, die verschiedenen Umst\u00e4nde am Bienenstand erkennen, verstehen und deuten zu lernen.<\/p>\n<p class=\"p1\"><b>DIE PREISE SIND JE NACH MENGE DEGRESSIV.<\/b><\/p>\n<p class=\"p1\"><b>F\u00fcr weitere Informationen kontaktieren Sie mich bitte.<\/b><\/p>\n<p class=\"p2\"><span class=\"s1\"><a href=\"mailto:info@apimat.ch\"><b>info@apimat.ch<\/b><\/a><\/span><\/p>\n<p class=\"p1\"><b>Telefon: 076 213 80 33<\/b><\/p>\n","protected":false},"excerpt":{"rendered":"<p>Buch \u2013 Au trou de vol \u2013 Storch Alles, was man aus der Beobachtung und dem Abh\u00f6ren der Ger\u00e4usche des Bienenvolks am Flugloch ableiten kann. Viele Details und sehr informative Erkl\u00e4rungen, um zu vermeiden, dass man den Bienenstock auf Teufel komm raus \u00f6ffnet. Diese Beobachtungen sind in 7 gro\u00dfe Kapitel unterteilt: &#8211; W\u00e4hrend der Wintermonate [&hellip;]<\/p>\n","protected":false},"featured_media":17099,"template":"","meta":{"_uf_show_specific_survey":0,"_uf_disable_surveys":false},"product_cat":[104],"product_tag":[],"aioseo_notices":[],"_links":{"self":[{"href":"https:\/\/apimat.ch\/de\/wp-json\/wp\/v2\/product\/16266"}],"collection":[{"href":"https:\/\/apimat.ch\/de\/wp-json\/wp\/v2\/product"}],"about":[{"href":"https:\/\/apimat.ch\/de\/wp-json\/wp\/v2\/types\/product"}],"wp:featuredmedia":[{"embeddable":true,"href":"https:\/\/apimat.ch\/de\/wp-json\/wp\/v2\/media\/17099"}],"wp:attachment":[{"href":"https:\/\/apimat.ch\/de\/wp-json\/wp\/v2\/media?parent=16266"}],"wp:term":[{"taxonomy":"product_cat","embeddable":true,"href":"https:\/\/apimat.ch\/de\/wp-json\/wp\/v2\/product_cat?post=16266"},{"taxonomy":"product_tag","embeddable":true,"href":"https:\/\/apimat.ch\/de\/wp-json\/wp\/v2\/product_tag?post=16266"}],"curies":[{"name":"wp","href":"https:\/\/api.w.org\/{rel}","templated":true}]}}