{"id":16277,"date":"2021-12-12T23:31:29","date_gmt":"2021-12-23T16:58:57","guid":{"rendered":"https:\/\/apimat.ch\/?post_type=product&#038;p=16277"},"modified":"2021-12-23T18:00:57","modified_gmt":"2021-12-23T17:00:57","slug":"anatomietafel-biene-420-x-295-mm-dicke-3mm","status":"publish","type":"product","link":"https:\/\/apimat.ch\/de\/produit\/anatomietafel-biene-420-x-295-mm-dicke-3mm\/","title":{"rendered":"Anatomietafel Biene 420 x 295 mm Dicke 3mm &#8211; auf Franz\u00f6sisch"},"content":{"rendered":"<h3>Anatomietafel Biene 420 x 295 mm Dicke 3mm &#8211; auf Franz\u00f6sisch<\/h3>\n<p>Tafel &#8220;Anatomie der Biene&#8221;, hervorragend illustrierte Lehrtafel, ideal f\u00fcr die Entdeckung der Anatomie der Biene: der K\u00f6rper, der Brustkorb, der Kopf, der Hinterleib.<\/p>\n<p class=\"p1\"><b>DIE PREISE SIND JE NACH MENGE DEGRESSIV.<\/b><\/p>\n<p class=\"p1\"><b>F\u00fcr weitere Informationen kontaktieren Sie mich bitte.<\/b><\/p>\n<p class=\"p2\"><span class=\"s1\"><a href=\"mailto:info@apimat.ch\"><b>info@apimat.ch<\/b><\/a><\/span><\/p>\n<p class=\"p1\"><b>Telefon: 076 213 80 33<\/b><\/p>\n","protected":false},"excerpt":{"rendered":"<p>Anatomietafel Biene 420 x 295 mm Dicke 3mm &#8211; auf Franz\u00f6sisch Tafel &#8220;Anatomie der Biene&#8221;, hervorragend illustrierte Lehrtafel, ideal f\u00fcr die Entdeckung der Anatomie der Biene: der K\u00f6rper, der Brustkorb, der Kopf, der Hinterleib. DIE PREISE SIND JE NACH MENGE DEGRESSIV. F\u00fcr weitere Informationen kontaktieren Sie mich bitte. info@apimat.ch Telefon: 076 213 80 33<\/p>\n","protected":false},"featured_media":15864,"template":"","meta":{"_uf_show_specific_survey":0,"_uf_disable_surveys":false},"product_cat":[104],"product_tag":[],"aioseo_notices":[],"_links":{"self":[{"href":"https:\/\/apimat.ch\/de\/wp-json\/wp\/v2\/product\/16277"}],"collection":[{"href":"https:\/\/apimat.ch\/de\/wp-json\/wp\/v2\/product"}],"about":[{"href":"https:\/\/apimat.ch\/de\/wp-json\/wp\/v2\/types\/product"}],"wp:featuredmedia":[{"embeddable":true,"href":"https:\/\/apimat.ch\/de\/wp-json\/wp\/v2\/media\/15864"}],"wp:attachment":[{"href":"https:\/\/apimat.ch\/de\/wp-json\/wp\/v2\/media?parent=16277"}],"wp:term":[{"taxonomy":"product_cat","embeddable":true,"href":"https:\/\/apimat.ch\/de\/wp-json\/wp\/v2\/product_cat?post=16277"},{"taxonomy":"product_tag","embeddable":true,"href":"https:\/\/apimat.ch\/de\/wp-json\/wp\/v2\/product_tag?post=16277"}],"curies":[{"name":"wp","href":"https:\/\/api.w.org\/{rel}","templated":true}]}}