{"id":16286,"date":"2021-12-19T17:05:38","date_gmt":"2021-12-23T17:08:40","guid":{"rendered":"https:\/\/apimat.ch\/?post_type=product&#038;p=16286"},"modified":"2021-12-26T22:10:08","modified_gmt":"2021-12-26T21:10:08","slug":"wabenauflage-aus-edelstahl-fuer-entdecklungsbehaelter","status":"publish","type":"product","link":"https:\/\/apimat.ch\/de\/produit\/wabenauflage-aus-edelstahl-fuer-entdecklungsbehaelter\/","title":{"rendered":"Wabenauflage aus Edelstahl f\u00fcr Entdecklungsbeh\u00e4lter"},"content":{"rendered":"<h3>Wabenauflage aus Edelstahl f\u00fcr Entdecklungsbeh\u00e4lter<\/h3>\n<p class=\"p1\"><b>DIE PREISE SIND JE NACH MENGE DEGRESSIV.<\/b><\/p>\n<p class=\"p1\"><b>F\u00fcr weitere Informationen kontaktieren Sie mich bitte.<\/b><\/p>\n<p class=\"p2\"><span class=\"s1\"><a href=\"mailto:info@apimat.ch\"><b>info@apimat.ch<\/b><\/a><\/span><\/p>\n<p class=\"p1\"><b>Telefon: 076 213 80 33<\/b><\/p>\n","protected":false},"excerpt":{"rendered":"<p>Wabenauflage aus Edelstahl f\u00fcr Entdecklungsbeh\u00e4lter DIE PREISE SIND JE NACH MENGE DEGRESSIV. F\u00fcr weitere Informationen kontaktieren Sie mich bitte. info@apimat.ch Telefon: 076 213 80 33<\/p>\n","protected":false},"featured_media":16096,"template":"","meta":{"_uf_show_specific_survey":0,"_uf_disable_surveys":false},"product_cat":[108],"product_tag":[],"aioseo_notices":[],"_links":{"self":[{"href":"https:\/\/apimat.ch\/de\/wp-json\/wp\/v2\/product\/16286"}],"collection":[{"href":"https:\/\/apimat.ch\/de\/wp-json\/wp\/v2\/product"}],"about":[{"href":"https:\/\/apimat.ch\/de\/wp-json\/wp\/v2\/types\/product"}],"wp:featuredmedia":[{"embeddable":true,"href":"https:\/\/apimat.ch\/de\/wp-json\/wp\/v2\/media\/16096"}],"wp:attachment":[{"href":"https:\/\/apimat.ch\/de\/wp-json\/wp\/v2\/media?parent=16286"}],"wp:term":[{"taxonomy":"product_cat","embeddable":true,"href":"https:\/\/apimat.ch\/de\/wp-json\/wp\/v2\/product_cat?post=16286"},{"taxonomy":"product_tag","embeddable":true,"href":"https:\/\/apimat.ch\/de\/wp-json\/wp\/v2\/product_tag?post=16286"}],"curies":[{"name":"wp","href":"https:\/\/api.w.org\/{rel}","templated":true}]}}