{"id":16295,"date":"2021-12-23T10:36:40","date_gmt":"2021-12-23T17:13:20","guid":{"rendered":"https:\/\/apimat.ch\/?post_type=product&#038;p=16295"},"modified":"2021-12-23T18:13:20","modified_gmt":"2021-12-23T17:13:20","slug":"cupularve-system-fuer-die-zucht-das-das-pfropfen-unterdrueckt","status":"publish","type":"product","link":"https:\/\/apimat.ch\/de\/produit\/cupularve-system-fuer-die-zucht-das-das-pfropfen-unterdrueckt\/","title":{"rendered":"Cupularve System f\u00fcr die Zucht, das das Pfropfen unterdr\u00fcckt."},"content":{"rendered":"<h3>Cupularve System f\u00fcr die Zucht, das das Pfropfen unterdr\u00fcckt.<\/h3>\n<p>Patentiertes System, das das Pfropfen unterdr\u00fcckt.<\/p>\n<p>Hergestellt aus recycelbarem Kunststoff.<\/p>\n<p>Prinzip: Durch unser System legt die K\u00f6nigin ihre Eier direkt in den Cupula.<\/p>\n<p>Erm\u00f6glicht die Aufzucht aus 6 bis 24 Stunden alten Larven.<\/p>\n<p>Abmessungen der Cupularve: 147x130x28mm.<\/p>\n<p>Ein Cupularve besteht aus drei Hauptteilen:<\/p>\n<p>\u25cf Eine Wabenplatte aus 110 Legezellen (umgeben von einem Wabenmuster) und einem Kandisvorrat, zur Einf\u00fchrung von Fremdk\u00f6niginnen (1).<\/p>\n<p>In die 110 N\u00e4pfchen werden 110 IC5-N\u00e4pfchen (nicht mitgeliefert) oder 110 Wachsn\u00e4pfchen =&gt; https:\/\/apimat.ch\/produit\/cupules-en-plastique\/ aufgenommen.<\/p>\n<p>\u25cf Ein Gitter f\u00fcr K\u00f6nigin (2).<\/p>\n<p>\u25cf Eine St\u00fctzplatte (3).<\/p>\n<h3>GEBRAUCHSANWEISUNG<\/h3>\n<p>&#8211; Aus einer Wabe mit Brut in der Mitte des Rahmens gegen den Querbalken ein Rechteck mit den entsprechenden Abmessungen des Cupularve ausschneiden. Das Reine-Gitter und die St\u00fctzplatte entfernen. Die 110 Cupulae aufstellen. Setzen Sie die St\u00fctzplatte wieder ein (mit geschlossener Kappe). Befestigen Sie den Cupularve mit 2 Holzschrauben in den entsprechenden L\u00f6chern. Die N\u00e4pfchen mit Honig bestreichen.<\/p>\n<p>Das Ganze mehrere Monate lang inmitten der Brut ohne K\u00f6niginnengitter vertraut machen (Bei Nichtgebrauch inmitten der Brut belassen. Der Geruch der K\u00f6nigin wird die Eiablage f\u00fcr die n\u00e4chste Brut erleichtern).<\/p>\n<p>&#8211; F\u00fcttern Sie den Bienenstock vier Tage vor und w\u00e4hrend der Eiablage.<\/p>\n<p>&#8211; Setzen Sie das K\u00f6niginnengitter wieder ein. F\u00fchren Sie die K\u00f6nigin ein (bei fremden K\u00f6niginnen mit Kandis). Verschlie\u00dfen Sie das Gitter mit dem B1-Stopfen oder mit einem gro\u00dfen Honigkandis-Stopfen f\u00fcr eine automatische Freigabe.<\/p>\n<p>&#8211; Die Entnahme des Bechers mit der 6 bis 24 Stunden alten Larve l\u00e4sst sich mit dem Block leicht bewerkstelligen (90% Akzeptanz).<\/p>\n<p>Wenn die Zuchtbedingungen eingehalten werden (Jahreszeit, Bev\u00f6lkerung, Temperatur, Rasse, F\u00fctterung, Cupularve in der Mitte der Brut&#8230;), erfolgt die Eiablage der K\u00f6nigin innerhalb von 24 Stunden. Kontrollieren Sie gut, ob der Durchgang f\u00fcr die Bienen ausreichend ist: mindestens 8 mm.<\/p>\n<p>Man kann die Cupularve auch in Wachs tauchen. Die Temperatur von 65\u00b0C darf nicht \u00fcberschritten werden. Die Verformung beginnt bei 75\u00b0C.<\/p>\n<p>Es ist m\u00f6glich, die K\u00f6nigin nach etwa 24 Stunden automatisch durch einen gro\u00dfen Korken Honigkandis, der in den Kandisvorrat gelegt wird, befreien zu lassen.<\/p>\n<p>Die 110 Cupulae sollten immer auf dem Cupularve montiert sein, um parasit\u00e4re Konstruktionen zu vermeiden.<\/p>\n<p class=\"p1\"><b>DIE PREISE SIND JE NACH MENGE DEGRESSIV.<\/b><\/p>\n<p class=\"p1\"><b>F\u00fcr weitere Informationen kontaktieren Sie mich bitte.<\/b><\/p>\n<p class=\"p2\"><span class=\"s1\"><a href=\"mailto:info@apimat.ch\"><b>info@apimat.ch<\/b><\/a><\/span><\/p>\n<p class=\"p1\"><b>Telefon: 076 213 80 33<\/b><\/p>\n","protected":false},"excerpt":{"rendered":"<p>Cupularve System f\u00fcr die Zucht, das das Pfropfen unterdr\u00fcckt. Patentiertes System, das das Pfropfen unterdr\u00fcckt. Hergestellt aus recycelbarem Kunststoff. Prinzip: Durch unser System legt die K\u00f6nigin ihre Eier direkt in den Cupula. Erm\u00f6glicht die Aufzucht aus 6 bis 24 Stunden alten Larven. Abmessungen der Cupularve: 147x130x28mm. Ein Cupularve besteht aus drei Hauptteilen: \u25cf Eine Wabenplatte [&hellip;]<\/p>\n","protected":false},"featured_media":16145,"template":"","meta":{"_uf_show_specific_survey":0,"_uf_disable_surveys":false},"product_cat":[95],"product_tag":[],"aioseo_notices":[],"_links":{"self":[{"href":"https:\/\/apimat.ch\/de\/wp-json\/wp\/v2\/product\/16295"}],"collection":[{"href":"https:\/\/apimat.ch\/de\/wp-json\/wp\/v2\/product"}],"about":[{"href":"https:\/\/apimat.ch\/de\/wp-json\/wp\/v2\/types\/product"}],"wp:featuredmedia":[{"embeddable":true,"href":"https:\/\/apimat.ch\/de\/wp-json\/wp\/v2\/media\/16145"}],"wp:attachment":[{"href":"https:\/\/apimat.ch\/de\/wp-json\/wp\/v2\/media?parent=16295"}],"wp:term":[{"taxonomy":"product_cat","embeddable":true,"href":"https:\/\/apimat.ch\/de\/wp-json\/wp\/v2\/product_cat?post=16295"},{"taxonomy":"product_tag","embeddable":true,"href":"https:\/\/apimat.ch\/de\/wp-json\/wp\/v2\/product_tag?post=16295"}],"curies":[{"name":"wp","href":"https:\/\/api.w.org\/{rel}","templated":true}]}}