{"id":16304,"date":"2021-12-23T15:03:14","date_gmt":"2021-12-23T17:18:26","guid":{"rendered":"https:\/\/apimat.ch\/?post_type=product&#038;p=16304"},"modified":"2021-12-26T09:53:29","modified_gmt":"2021-12-26T08:53:29","slug":"oekologische-spezialfarbe-fuer-bienenstoecke-1-liter","status":"publish","type":"product","link":"https:\/\/apimat.ch\/de\/produit\/oekologische-spezialfarbe-fuer-bienenstoecke-1-liter\/","title":{"rendered":"\u00d6kologische Spezialfarbe f\u00fcr Bienenst\u00f6cke &#8211; 1 Liter"},"content":{"rendered":"<h3>\u00d6kologische Spezialfarbe f\u00fcr Bienenst\u00f6cke &#8211; 1 Liter<\/h3>\n<p>Diese Farbe ist ungiftig und 100% \u00f6kologisch (auf der Basis pflanzlicher \u00d6le), sicher f\u00fcr Bienen und kann auf allen Oberfl\u00e4chen verwendet werden (Holz, verzinktes Blech, Styropor, etc.).<\/p>\n<p>Der seidenmatte Lack auf Wasserbasis ist ideal f\u00fcr den Innen- und Au\u00dfenbereich von Bienenst\u00f6cken.<\/p>\n<p>Der Lack wird bei jeder Renovierung und jedem Anstrich von Bienenst\u00f6cken oder anderen Oberfl\u00e4chen verwendet.<\/p>\n<p>Erh\u00e4ltlich in mehreren Farben:<br \/>\n&#8211; Aluminium, st\u00e4rker isolierender Lack<br \/>\n&#8211; Anis<br \/>\n&#8211; blau<br \/>\n&#8211; braun<br \/>\n&#8211; gelb<br \/>\n&#8211; orange<br \/>\n&#8211; Purpur<br \/>\n&#8211; gr\u00fcn<br \/>\n&#8211; khakigr\u00fcn<br \/>\n&#8211; violett<\/p>\n<p class=\"p1\"><b>DIE PREISE SIND JE NACH MENGE DEGRESSIV.<\/b><\/p>\n<p class=\"p1\"><b>F\u00fcr weitere Informationen kontaktieren Sie mich bitte.<\/b><\/p>\n<p class=\"p2\"><span class=\"s1\"><a href=\"mailto:info@apimat.ch\"><b>info@apimat.ch<\/b><\/a><\/span><\/p>\n<p class=\"p1\"><b>Telefon: 076 213 80 33<\/b><\/p>\n","protected":false},"excerpt":{"rendered":"<p>\u00d6kologische Spezialfarbe f\u00fcr Bienenst\u00f6cke &#8211; 1 Liter Diese Farbe ist ungiftig und 100% \u00f6kologisch (auf der Basis pflanzlicher \u00d6le), sicher f\u00fcr Bienen und kann auf allen Oberfl\u00e4chen verwendet werden (Holz, verzinktes Blech, Styropor, etc.). Der seidenmatte Lack auf Wasserbasis ist ideal f\u00fcr den Innen- und Au\u00dfenbereich von Bienenst\u00f6cken. Der Lack wird bei jeder Renovierung und [&hellip;]<\/p>\n","protected":false},"featured_media":16175,"template":"","meta":{"_uf_show_specific_survey":0,"_uf_disable_surveys":false},"product_cat":[98],"product_tag":[],"aioseo_notices":[],"_links":{"self":[{"href":"https:\/\/apimat.ch\/de\/wp-json\/wp\/v2\/product\/16304"}],"collection":[{"href":"https:\/\/apimat.ch\/de\/wp-json\/wp\/v2\/product"}],"about":[{"href":"https:\/\/apimat.ch\/de\/wp-json\/wp\/v2\/types\/product"}],"wp:featuredmedia":[{"embeddable":true,"href":"https:\/\/apimat.ch\/de\/wp-json\/wp\/v2\/media\/16175"}],"wp:attachment":[{"href":"https:\/\/apimat.ch\/de\/wp-json\/wp\/v2\/media?parent=16304"}],"wp:term":[{"taxonomy":"product_cat","embeddable":true,"href":"https:\/\/apimat.ch\/de\/wp-json\/wp\/v2\/product_cat?post=16304"},{"taxonomy":"product_tag","embeddable":true,"href":"https:\/\/apimat.ch\/de\/wp-json\/wp\/v2\/product_tag?post=16304"}],"curies":[{"name":"wp","href":"https:\/\/api.w.org\/{rel}","templated":true}]}}