{"id":16632,"date":"2022-01-06T09:47:28","date_gmt":"2022-01-06T08:57:48","guid":{"rendered":"https:\/\/apimat.ch\/?post_type=product&#038;p=16632"},"modified":"2022-01-08T13:01:10","modified_gmt":"2022-01-08T12:01:10","slug":"verbundene-waage-hivewatch-starter-kit-ein-jahr-abonnement","status":"publish","type":"product","link":"https:\/\/apimat.ch\/de\/produit\/verbundene-waage-hivewatch-starter-kit-ein-jahr-abonnement\/","title":{"rendered":"Verbundene Waage Hivewatch STARTER KIT( ein Jahr Abonnement ) AKTION BIS ZUM 23. JANUAR"},"content":{"rendered":"<h3>Swiss Made vernetzte Waage &#8211; Schweizer Pr\u00e4zision und Qualit\u00e4t garantiert<\/h3>\n<h3>Das Starterkit enth\u00e4lt:<\/h3>\n<ul>\n<li>\n<h3>Eine Skala ERH\u00c4LTLICH F\u00dcR ALLE GR\u00d6SSEN: Dadant 10, Dadant 12, Zander, B\u00fcrki CH, DNM und auch Sonderanfertigungen.<\/h3>\n<\/li>\n<li>\n<h3>Ein Jahresabonnement<\/h3>\n<\/li>\n<li>\n<h3>Eine Sendestation zum Anschluss der Waage<\/h3>\n<\/li>\n<\/ul>\n<p><strong>Robust und zuverl\u00e4ssig<\/strong> = Lebensdauer von mehr als 1 Jahr mit 3xAA-Batterien. Inklusive SIM-Karte, verbindet weltweit mit vielen Mobilfunknetzen. Keine versteckten Geb\u00fchren f\u00fcr SMS \/ Telefonalarm.<br \/>\n<strong>Alarme, um immer informiert zu sein<\/strong> = HiveWatch alarmiert Sie, wenn Bienen schw\u00e4rmen, Raub\u00fcberf\u00e4lle stattfinden oder Nahrung knapp wird und benachrichtigt Sie per SMS, Telefon oder E-Mail.<br \/>\n<strong>Analyse zum Vergleichen und Erkennen<\/strong> = Durch den Vergleich von Bilanzen k\u00f6nnen Sie Menschen vergleichen und Verhaltensmuster erkennen. Bienenschw\u00e4rme und Diebst\u00e4hle werden erkannt<br \/>\n<strong>Swiss Made Schweizer Pr\u00e4zision und Qualit\u00e4t<\/strong> = In der Schweiz produziert, weltweit geliefert. Von einer sozialen Einrichtung verpackt und versandt.<\/p>\n<h3>VERF\u00dcGBAR F\u00dcR ALLE FORMATE: Dadant 10, Dadant 12, Zander, B\u00fcrki CH, DNM und auch nach Mass.<\/h3>\n<p>Die Preise beinhalten die Mehrwertsteuer, zuz\u00fcglich Online-Abonnement pro Radiosender (1 Jahr: 89 CHF, 2 Jahre: 149 CHF, 3 Jahre: 199 CHF).<\/p>\n<h3>BITTE KONTAKTIEREN SIE MICH, UM DIE ANWENDUNG UND DEN MA\u00dfSTAB KOSTENLOS ZU TESTEN.<br \/>\nDER APIMAT-PREIS IST DER GLEICHE WIE DER DES HERSTELLERS UND ZUS\u00c4TZLICHE RABATTE SIND M\u00d6GLICH.<\/h3>\n<p><strong>DEGRESSIVE PREISE JE NACH MENGE.<\/strong><\/p>\n<p><strong>F\u00fcr weitere Informationen kontaktieren Sie mich bitte.<\/strong><\/p>\n<p><a href=\"mailto:info@apimat.ch\"><strong>info@apimat.ch<\/strong><\/a><\/p>\n<p><strong>Telefon: 076 213 80 33<\/strong><\/p>\n<p>&nbsp;<\/p>\n<h3>Eine komplette Waage mit 3 Metern Kabel. Es gibt sechs Standardgr\u00f6\u00dfen sowie die M\u00f6glichkeit, individuelle Ma\u00dfe festzulegen. Melden Sie sich einfach bei der Station\/Sender an und fangen Sie an.<\/h3>\n<p>Robuste und witterungsbest\u00e4ndige Aluminiumkonstruktion<\/p>\n<ol>\n<li>Sechs Standardmessungen (CH-Masse, Zander, Dadant 10, Dadant 12, Dadant Blatt und DNM) und eine kundenspezifische Masse<\/li>\n<li>Messbereich bis zu 200 kg<\/li>\n<li>3 m Kabel<\/li>\n<li>Temperaturbereich -35 bis +65\u00b0C<\/li>\n<li>Vertr\u00e4gt \u00dcberlastungen bis zu 350 kg ohne Besch\u00e4digung<\/li>\n<li>H\u00f6he der Skala (8 mm -&amp;gt Aluminiumplatten; Standard): 72 mm<\/li>\n<li>H\u00f6he der Leiter (10 mm -&amp;gt Aluminiumplatten; Sonderanfertigung): 76 mm<\/li>\n<\/ol>\n","protected":false},"excerpt":{"rendered":"<p>Swiss Made vernetzte Waage &#8211; Schweizer Pr\u00e4zision und Qualit\u00e4t garantiert Das Starterkit enth\u00e4lt: Eine Skala ERH\u00c4LTLICH F\u00dcR ALLE GR\u00d6SSEN: Dadant 10, Dadant 12, Zander, B\u00fcrki CH, DNM und auch Sonderanfertigungen. Ein Jahresabonnement Eine Sendestation zum Anschluss der Waage Robust und zuverl\u00e4ssig = Lebensdauer von mehr als 1 Jahr mit 3xAA-Batterien. Inklusive SIM-Karte, verbindet weltweit mit [&hellip;]<\/p>\n","protected":false},"featured_media":16630,"template":"","meta":{"_uf_show_specific_survey":0,"_uf_disable_surveys":false},"product_cat":[1060,98],"product_tag":[],"aioseo_notices":[],"_links":{"self":[{"href":"https:\/\/apimat.ch\/de\/wp-json\/wp\/v2\/product\/16632"}],"collection":[{"href":"https:\/\/apimat.ch\/de\/wp-json\/wp\/v2\/product"}],"about":[{"href":"https:\/\/apimat.ch\/de\/wp-json\/wp\/v2\/types\/product"}],"wp:featuredmedia":[{"embeddable":true,"href":"https:\/\/apimat.ch\/de\/wp-json\/wp\/v2\/media\/16630"}],"wp:attachment":[{"href":"https:\/\/apimat.ch\/de\/wp-json\/wp\/v2\/media?parent=16632"}],"wp:term":[{"taxonomy":"product_cat","embeddable":true,"href":"https:\/\/apimat.ch\/de\/wp-json\/wp\/v2\/product_cat?post=16632"},{"taxonomy":"product_tag","embeddable":true,"href":"https:\/\/apimat.ch\/de\/wp-json\/wp\/v2\/product_tag?post=16632"}],"curies":[{"name":"wp","href":"https:\/\/api.w.org\/{rel}","templated":true}]}}