{"id":16649,"date":"2022-01-07T20:49:31","date_gmt":"2022-01-07T20:01:17","guid":{"rendered":"https:\/\/apimat.ch\/?post_type=product&#038;p=16649"},"modified":"2022-01-07T21:01:17","modified_gmt":"2022-01-07T20:01:17","slug":"wetterschutzbox","status":"publish","type":"product","link":"https:\/\/apimat.ch\/de\/produit\/wetterschutzbox\/","title":{"rendered":"Wetterschutzbox"},"content":{"rendered":"<h3 class=\"arrow\">Wetterschutzbox<\/h3>\n<p>&nbsp;<\/p>\n<p>Mit der Wetterschutzbox bleibt die Elektronik sicher und trocken verwahrt.<\/p>\n<ul>\n<li>Bietet Platz f\u00fcr bis zu zwei Funkstationen<\/li>\n<li>Hat 5 \u00d6ffnungen f\u00fcr Kabel wobei pro \u00d6ffnung bis zu zwei Kabel reinpassen<\/li>\n<li>Abmessung: 320 x 210 x 115 mm<\/li>\n<li>Produktgewicht: 0.88kg<\/li>\n<li>IP54 Schutz vor Staub und Spritzwasser<\/li>\n<\/ul>\n<p><strong>DIE PREISE SIND JE NACH MENGE DEGRESSIV.<\/strong><\/p>\n<p><strong>F\u00fcr weitere Informationen kontaktieren Sie mich bitte.<\/strong><\/p>\n<p><a href=\"mailto:info@apimat.ch\"><strong>info@apimat.ch<\/strong><\/a><\/p>\n<p><strong>Telefon: 076 213 80 33<\/strong><\/p>\n","protected":false},"excerpt":{"rendered":"<p>Wetterschutzbox &nbsp; Mit der Wetterschutzbox bleibt die Elektronik sicher und trocken verwahrt. Bietet Platz f\u00fcr bis zu zwei Funkstationen Hat 5 \u00d6ffnungen f\u00fcr Kabel wobei pro \u00d6ffnung bis zu zwei Kabel reinpassen Abmessung: 320 x 210 x 115 mm Produktgewicht: 0.88kg IP54 Schutz vor Staub und Spritzwasser DIE PREISE SIND JE NACH MENGE DEGRESSIV. F\u00fcr [&hellip;]<\/p>\n","protected":false},"featured_media":16645,"template":"","meta":{"_uf_show_specific_survey":0,"_uf_disable_surveys":false},"product_cat":[98],"product_tag":[],"aioseo_notices":[],"_links":{"self":[{"href":"https:\/\/apimat.ch\/de\/wp-json\/wp\/v2\/product\/16649"}],"collection":[{"href":"https:\/\/apimat.ch\/de\/wp-json\/wp\/v2\/product"}],"about":[{"href":"https:\/\/apimat.ch\/de\/wp-json\/wp\/v2\/types\/product"}],"wp:featuredmedia":[{"embeddable":true,"href":"https:\/\/apimat.ch\/de\/wp-json\/wp\/v2\/media\/16645"}],"wp:attachment":[{"href":"https:\/\/apimat.ch\/de\/wp-json\/wp\/v2\/media?parent=16649"}],"wp:term":[{"taxonomy":"product_cat","embeddable":true,"href":"https:\/\/apimat.ch\/de\/wp-json\/wp\/v2\/product_cat?post=16649"},{"taxonomy":"product_tag","embeddable":true,"href":"https:\/\/apimat.ch\/de\/wp-json\/wp\/v2\/product_tag?post=16649"}],"curies":[{"name":"wp","href":"https:\/\/api.w.org\/{rel}","templated":true}]}}