{"id":16731,"date":"2022-01-08T08:24:31","date_gmt":"2022-01-09T07:22:08","guid":{"rendered":"https:\/\/apimat.ch\/?post_type=product&#038;p=16731"},"modified":"2022-01-09T08:32:10","modified_gmt":"2022-01-09T07:32:10","slug":"fahrgestell-fuer-schubkarre-2x18v-dcu180-130-kg-ohne-akkus","status":"publish","type":"product","link":"https:\/\/apimat.ch\/de\/produit\/fahrgestell-fuer-schubkarre-2x18v-dcu180-130-kg-ohne-akkus\/","title":{"rendered":"Fahrgestell f\u00fcr Schubkarre 2x18V DCU180 (130 kg) ohne Akkus"},"content":{"rendered":"<h3>Fahrgestell f\u00fcr Schubkarre 2x18V DCU180 (130 kg) ohne Akkus<\/h3>\n<p class=\"p1\"><b>TECHNISCHE DATEN:<\/b><\/p>\n<ul>\n<li class=\"p2\">Volt 18 V<\/li>\n<li class=\"p2\">Gewicht (EPTA) 44.8 kg<\/li>\n<li class=\"p2\">Geschwindigkeit 0-3.5 km\/h<\/li>\n<\/ul>\n<div class=\"product-usps-container\">\n<h3>VORTEILE:<\/h3>\n<div class=\"usp-container\">\n<ul>\n<li class=\"usp\">Kr\u00e4ftige LED-Beleuchtung<\/li>\n<li class=\"usp\">F\u00fcr den Transport von Lasten aller Art bis 130 kg<\/li>\n<li class=\"usp\">2 Geschwindigkeiten vorw\u00e4rts und 1 r\u00fcckw\u00e4rts<\/li>\n<li class=\"usp\">Mit Vorder- und Hinterradbremse<\/li>\n<li class=\"usp\">BL Motor ohne Kohleb\u00fcrsten: keine Wartung und geringer Energieverbrauch, daher l\u00e4ngere Akkustandzeit<\/li>\n<\/ul>\n<\/div>\n<\/div>\n<div class=\"product-logos\"><\/div>\n<h3 class=\"derived-model\"><span style=\"font-size: 28px; font-weight: 600;\">OPTIONALE AUSR\u00dcSTUNG:<\/span><\/h3>\n<div class=\"standard-accessories\">\n<div>Zus\u00e4tzlich: 199008-0 (kippbare Wanne) \/ 199009-8 (Rahmen)<\/div>\n<\/div>\n<div><\/div>\n<div>\n<p><strong>DIE PREISE SIND JE NACH MENGE DEGRESSIV.<\/strong><\/p>\n<p><strong>F\u00fcr weitere Informationen kontaktieren Sie mich bitte.<\/strong><\/p>\n<p><a href=\"mailto:info@apimat.ch\"><strong>info@apimat.ch<\/strong><\/a><\/p>\n<p><strong>Telefon: 076 213 80 33<\/strong><\/p>\n<\/div>\n","protected":false},"excerpt":{"rendered":"<p>Fahrgestell f\u00fcr Schubkarre 2x18V DCU180 (130 kg) ohne Akkus TECHNISCHE DATEN: Volt 18 V Gewicht (EPTA) 44.8 kg Geschwindigkeit 0-3.5 km\/h VORTEILE: Kr\u00e4ftige LED-Beleuchtung F\u00fcr den Transport von Lasten aller Art bis 130 kg 2 Geschwindigkeiten vorw\u00e4rts und 1 r\u00fcckw\u00e4rts Mit Vorder- und Hinterradbremse BL Motor ohne Kohleb\u00fcrsten: keine Wartung und geringer Energieverbrauch, daher l\u00e4ngere [&hellip;]<\/p>\n","protected":false},"featured_media":16663,"template":"","meta":{"_uf_show_specific_survey":0,"_uf_disable_surveys":false},"product_cat":[494],"product_tag":[],"aioseo_notices":[],"_links":{"self":[{"href":"https:\/\/apimat.ch\/de\/wp-json\/wp\/v2\/product\/16731"}],"collection":[{"href":"https:\/\/apimat.ch\/de\/wp-json\/wp\/v2\/product"}],"about":[{"href":"https:\/\/apimat.ch\/de\/wp-json\/wp\/v2\/types\/product"}],"wp:featuredmedia":[{"embeddable":true,"href":"https:\/\/apimat.ch\/de\/wp-json\/wp\/v2\/media\/16663"}],"wp:attachment":[{"href":"https:\/\/apimat.ch\/de\/wp-json\/wp\/v2\/media?parent=16731"}],"wp:term":[{"taxonomy":"product_cat","embeddable":true,"href":"https:\/\/apimat.ch\/de\/wp-json\/wp\/v2\/product_cat?post=16731"},{"taxonomy":"product_tag","embeddable":true,"href":"https:\/\/apimat.ch\/de\/wp-json\/wp\/v2\/product_tag?post=16731"}],"curies":[{"name":"wp","href":"https:\/\/api.w.org\/{rel}","templated":true}]}}