{"id":16748,"date":"2022-01-08T08:52:00","date_gmt":"2022-01-09T07:43:11","guid":{"rendered":"https:\/\/apimat.ch\/?post_type=product&#038;p=16748"},"modified":"2022-01-09T08:45:09","modified_gmt":"2022-01-09T07:45:09","slug":"energypack-18v-5-0ah-epac18-502d","status":"publish","type":"product","link":"https:\/\/apimat.ch\/de\/produit\/energypack-18v-5-0ah-epac18-502d\/","title":{"rendered":"Energypack 18V \/ 5.0Ah EPAC18-502D"},"content":{"rendered":"<h3>Energypack 18V \/ 5.0Ah EPAC18-502D<\/h3>\n<h3 class=\"p1\"><b>TECHNISCHE DATEN:<\/b><\/h3>\n<ul>\n<li class=\"p2\">Volt 18 V<\/li>\n<li class=\"p2\">Amperestunde 5.0 Ah<\/li>\n<li class=\"p2\">Ladezeit 45 min<\/li>\n<\/ul>\n<div class=\"product-usps-container\">\n<h3>VORTEILE:<\/h3>\n<div class=\"usp-container\">\n<ul>\n<li class=\"usp\">Li-Ion Akkus: Hochleistungs-Akku, kein Memory-Effekt, hohe Schlagfestigkeit, mit Ladestand-Anzeige<\/li>\n<li class=\"usp\">SCHNELL-Ladeger\u00e4t: f\u00fcr Li-Ion Akkus, extrem kurzer Ladevorgang, mit integrierter K\u00fchlung des Akkus, Ladetechnologie mit digitaler Kommunikation zwischen Akku und Ladeger\u00e4t<\/li>\n<\/ul>\n<\/div>\n<\/div>\n<h3 class=\"derived-model\"><span style=\"font-size: 28px; font-weight: 600;\">STANDARD-AUSR\u00dcSTUNG:<\/span><\/h3>\n<div class=\"standard-accessories\">\n<div>2x Akkus BL1850B,<\/div>\n<div>1x Doppel-Schnellladeger\u00e4t DC18RD<\/div>\n<\/div>\n<div><\/div>\n<div>\n<p class=\"p1\"><b>DIE PREISE SIND JE NACH MENGE DEGRESSIV.<\/b><\/p>\n<p class=\"p1\"><b>F\u00fcr weitere Informationen kontaktieren Sie mich bitte.<\/b><\/p>\n<p class=\"p2\"><span class=\"s1\"><a href=\"mailto:info@apimat.ch\"><b>info@apimat.ch<\/b><\/a><\/span><\/p>\n<p class=\"p1\"><b>Telefon: 076 213 80 33<\/b><\/p>\n<\/div>\n","protected":false},"excerpt":{"rendered":"<p>Energypack 18V \/ 5.0Ah EPAC18-502D TECHNISCHE DATEN: Volt 18 V Amperestunde 5.0 Ah Ladezeit 45 min VORTEILE: Li-Ion Akkus: Hochleistungs-Akku, kein Memory-Effekt, hohe Schlagfestigkeit, mit Ladestand-Anzeige SCHNELL-Ladeger\u00e4t: f\u00fcr Li-Ion Akkus, extrem kurzer Ladevorgang, mit integrierter K\u00fchlung des Akkus, Ladetechnologie mit digitaler Kommunikation zwischen Akku und Ladeger\u00e4t STANDARD-AUSR\u00dcSTUNG: 2x Akkus BL1850B, 1x Doppel-Schnellladeger\u00e4t DC18RD DIE PREISE [&hellip;]<\/p>\n","protected":false},"featured_media":16680,"template":"","meta":{"_uf_show_specific_survey":0,"_uf_disable_surveys":false},"product_cat":[494],"product_tag":[],"aioseo_notices":[],"_links":{"self":[{"href":"https:\/\/apimat.ch\/de\/wp-json\/wp\/v2\/product\/16748"}],"collection":[{"href":"https:\/\/apimat.ch\/de\/wp-json\/wp\/v2\/product"}],"about":[{"href":"https:\/\/apimat.ch\/de\/wp-json\/wp\/v2\/types\/product"}],"wp:featuredmedia":[{"embeddable":true,"href":"https:\/\/apimat.ch\/de\/wp-json\/wp\/v2\/media\/16680"}],"wp:attachment":[{"href":"https:\/\/apimat.ch\/de\/wp-json\/wp\/v2\/media?parent=16748"}],"wp:term":[{"taxonomy":"product_cat","embeddable":true,"href":"https:\/\/apimat.ch\/de\/wp-json\/wp\/v2\/product_cat?post=16748"},{"taxonomy":"product_tag","embeddable":true,"href":"https:\/\/apimat.ch\/de\/wp-json\/wp\/v2\/product_tag?post=16748"}],"curies":[{"name":"wp","href":"https:\/\/api.w.org\/{rel}","templated":true}]}}