{"id":16753,"date":"2022-01-08T08:56:23","date_gmt":"2022-01-09T07:47:05","guid":{"rendered":"https:\/\/apimat.ch\/?post_type=product&#038;p=16753"},"modified":"2022-01-21T11:05:11","modified_gmt":"2022-01-21T10:05:11","slug":"waermebox-30-35c-und-18v-kuehlbox-geeignet-fuer-den-transport-von-koeniginnenzellen-ohne-akku","status":"publish","type":"product","link":"https:\/\/apimat.ch\/de\/produit\/waermebox-30-35c-und-18v-kuehlbox-geeignet-fuer-den-transport-von-koeniginnenzellen-ohne-akku\/","title":{"rendered":"W\u00e4rmebox 30-35\u00b0C und 18V-K\u00fchlbox geeignet f\u00fcr den Transport von K\u00f6niginnenzellen &#8211; ohne Akku"},"content":{"rendered":"<h3>W\u00e4rmebox 30-35\u00b0C und 18V-K\u00fchlbox geeignet f\u00fcr den Transport von K\u00f6niginnenzellen &#8211; ohne Akku<\/h3>\n<div class=\"product-description--short-description\">Zum effektiven K\u00fchlen auf bis zu -18\u00b0C, oder zum Warmhalten bis 60\u00b0C<\/div>\n<div class=\"product-description--marketing-text\">Bis zu 28 Stunden Betriebszeit. K\u00fchlt wahlweise auf -18 \u00b0 \/ -15\u00b0 \/ -10 \u00b0 \/ -5\u00b0 \/ 0 \u00b0 \/ 5 \u00b0, oder 10 \u00b0 C und heizt auf 30\u00b0 \/ 35\u00b0 \/ 40\u00b0 \/ 45\u00b0 \/ 50\u00b0 \/ 55 \u00b0 oder 60 \u00b0 C.<\/div>\n<h3>VORTEILE:<\/h3>\n<ul>\n<li>F\u00fcr Netzstecker und Makita Li-Ion 18V-Akkus.<\/li>\n<li>Mit USB-Anschluss, auch zum Aufladen von Handys, Tablets etc.<\/li>\n<li>Beleuchtetes Display<\/li>\n<li>Anzeige des Ladezustands der Akkus<\/li>\n<\/ul>\n<h3>INHALT DER LIEFERUNG:<\/h3>\n<ul>\n<li>Schultergurt,<\/li>\n<li>Netzstecker 230V,<\/li>\n<li>Autoadapter f\u00fcr den Zigarettenanz\u00fcnder<\/li>\n<li>Ohne Akkus,<\/li>\n<li>ohne Ladeger\u00e4t<\/li>\n<\/ul>\n<h3>TECHNISCHE DATEN:<\/h3>\n<ul>\n<li>Volt 18 V<\/li>\n<li>Volumen des Beh\u00e4lters 20 l<\/li>\n<li>Mm\u00f6gliche Temperaturen: -18\u00b0C , -15, -10, -5, 0, 5, 10, 30, 35, 40, 45, 50, 55, 60\u00b0C<\/li>\n<\/ul>\n<p><img loading=\"lazy\" decoding=\"async\" class=\"alignnone size-full wp-image-16844\" src=\"https:\/\/apimat.ch\/wp-content\/uploads\/2022\/01\/tempe\u0301ratures-1.png\" alt=\"\" width=\"483\" height=\"153\" srcset=\"https:\/\/apimat.ch\/wp-content\/uploads\/2022\/01\/tempe\u0301ratures-1.png 483w, https:\/\/apimat.ch\/wp-content\/uploads\/2022\/01\/tempe\u0301ratures-1-300x95.png 300w\" sizes=\"(max-width: 483px) 100vw, 483px\" \/><\/p>\n<ul>\n<li>Abmessungen 623x341x371.5 mm<\/li>\n<li>Gewicht inkl. Akku 14.3 kg<\/li>\n<\/ul>\n<div><\/div>\n<div>\n<p class=\"p1\"><b>DIE PREISE SIND JE NACH MENGE DEGRESSIV.<\/b><\/p>\n<p class=\"p1\"><b>F\u00fcr weitere Informationen kontaktieren Sie mich bitte.<\/b><\/p>\n<p class=\"p2\"><span class=\"s1\"><a href=\"mailto:info@apimat.ch\"><b>info@apimat.ch<\/b><\/a><\/span><\/p>\n<p class=\"p1\"><b>Telefon: 076 213 80 33<\/b><\/p>\n<\/div>\n","protected":false},"excerpt":{"rendered":"<p>W\u00e4rmebox 30-35\u00b0C und 18V-K\u00fchlbox geeignet f\u00fcr den Transport von K\u00f6niginnenzellen &#8211; ohne Akku Zum effektiven K\u00fchlen auf bis zu -18\u00b0C, oder zum Warmhalten bis 60\u00b0C Bis zu 28 Stunden Betriebszeit. K\u00fchlt wahlweise auf -18 \u00b0 \/ -15\u00b0 \/ -10 \u00b0 \/ -5\u00b0 \/ 0 \u00b0 \/ 5 \u00b0, oder 10 \u00b0 C und heizt auf [&hellip;]<\/p>\n","protected":false},"featured_media":16833,"template":"","meta":{"_uf_show_specific_survey":0,"_uf_disable_surveys":false},"product_cat":[494],"product_tag":[],"aioseo_notices":[],"_links":{"self":[{"href":"https:\/\/apimat.ch\/de\/wp-json\/wp\/v2\/product\/16753"}],"collection":[{"href":"https:\/\/apimat.ch\/de\/wp-json\/wp\/v2\/product"}],"about":[{"href":"https:\/\/apimat.ch\/de\/wp-json\/wp\/v2\/types\/product"}],"wp:featuredmedia":[{"embeddable":true,"href":"https:\/\/apimat.ch\/de\/wp-json\/wp\/v2\/media\/16833"}],"wp:attachment":[{"href":"https:\/\/apimat.ch\/de\/wp-json\/wp\/v2\/media?parent=16753"}],"wp:term":[{"taxonomy":"product_cat","embeddable":true,"href":"https:\/\/apimat.ch\/de\/wp-json\/wp\/v2\/product_cat?post=16753"},{"taxonomy":"product_tag","embeddable":true,"href":"https:\/\/apimat.ch\/de\/wp-json\/wp\/v2\/product_tag?post=16753"}],"curies":[{"name":"wp","href":"https:\/\/api.w.org\/{rel}","templated":true}]}}