{"id":16759,"date":"2022-01-08T13:50:28","date_gmt":"2022-01-09T07:54:25","guid":{"rendered":"https:\/\/apimat.ch\/?post_type=product&#038;p=16759"},"modified":"2022-01-09T08:55:32","modified_gmt":"2022-01-09T07:55:32","slug":"bohrschrauber-18v-ddf484-ohne-akkus-mit-makpac","status":"publish","type":"product","link":"https:\/\/apimat.ch\/de\/produit\/bohrschrauber-18v-ddf484-ohne-akkus-mit-makpac\/","title":{"rendered":"Bohrschrauber 18V DDF484 ohne Akkus, mit Makpac"},"content":{"rendered":"<h3>Bohrschrauber 18V DDF484 ohne Akkus, mit Makpac<\/h3>\n<p class=\"p1\"><b>TECHNISCHE DATEN:<\/b><\/p>\n<ul>\n<li class=\"p2\">Volt 18 V<\/li>\n<li class=\"p2\">Leerlaufdrehzahl 1. Gang 0 &#8211; 500<\/li>\n<li class=\"p2\">Leerlaufdrehzahl 2. Gang 0 &#8211; 2.000<\/li>\n<li class=\"p2\">Bohrleistung in Holz 38 mm<\/li>\n<li class=\"p2\">Bohrleistung in Stahl 13 mm<\/li>\n<li class=\"p2\">Anziehdrehmoment hart 54 Nm<\/li>\n<li class=\"p2\">Anziehdrehmoment weich 30 Nm<\/li>\n<li class=\"p2\">Max. L\u00f6semoment 60 Nm<\/li>\n<li class=\"p2\">Schnellspannbohrfutter 1.5 &#8211; 13 mm<\/li>\n<li class=\"p2\">Faktor K (Schall) 3 dB(A)<\/li>\n<li class=\"p2\">Vibrationen 2.5 m\/s\u00b2<\/li>\n<li class=\"p2\">Faktor K (Vibrationen) 1.5 m\/s\u00b2<\/li>\n<li class=\"p2\">Masse (LxBxH)\u00a0\u00a0\u00a0172x79x261 mm<\/li>\n<li class=\"p2\">Schalldruckpegel 76 dB(A)<\/li>\n<li class=\"p2\">Gewicht inkl. Akku 1.8 kg<\/li>\n<\/ul>\n<h3>VORTEILE:<\/h3>\n<div class=\"usp-container\">\n<ul>\n<li class=\"usp\">BL Motor ohne Kohleb\u00fcrsten: keine Wartung und geringer Energieverbrauch, daher l\u00e4ngere Akkustandzeit (bis zu 200% mehr Arbeitsvolumen, je nach Anwendung) gegen\u00fcber einem klassischen Bohrschrauber<\/li>\n<li class=\"usp\">Verst\u00e4rkter Feuchtigkeits- und Staubschutz mit dem XPT-System (eXtreme Protection Technology)<\/li>\n<li class=\"usp\">Aluminium-Getriebegeh\u00e4use mit Schutzschicht f\u00fcr eine maximale Widerstandsf\u00e4higkeit<\/li>\n<li class=\"usp\">Doppelte nachleuchtende LED-Beleuchtung<\/li>\n<li class=\"usp\">Extrem kompakt, nur 172 mm lang<\/li>\n<li class=\"usp\">Speziell entwickelte Ergonomie\u00a0verhindert ein rasches Erm\u00fcden und erh\u00f6ht\u00a0die Arbeitseffizienz: Griffdesign der Handform\u00a0angepasst, perfekte Balance, gerippter weicher Belag f\u00fcr eine komfortable und sichere Handhabung<\/li>\n<li class=\"usp\">Maschine mit Vollmetall-Planetengetriebe und Aluminium Getriebegeh\u00e4use<\/li>\n<li class=\"usp\">Sehr leicht und kompakt, ideal f\u00fcr enge Stellen<\/li>\n<li class=\"usp\">Automatische Spindelarretierung f\u00fcr einh\u00e4ndigen Werkzeugwechsel<\/li>\n<li class=\"usp\">Schiebeschalter f\u00fcr Drehrichtungs\u00e4nderung (Links \/ Rechts) im Handgriff integriert<\/li>\n<li class=\"usp\">2&#215;21 Drehmomenteinstellungen + Bohrstellung<\/li>\n<li class=\"usp\">Kr\u00e4ftige doppelte LED-Beleuchtung<\/li>\n<li class=\"usp\">2 mechanische G\u00e4nge, stufenlose Geschwindigkeit, Rutschkupplung, Motorbremse<\/li>\n<li class=\"usp\">G\u00fcrtelclip<\/li>\n<\/ul>\n<h3>STANDARD-AUSR\u00dcSTUNG:<\/h3>\n<div>G\u00fcrtelhalter, Einsatz,<\/div>\n<div>Makpac-B Transportkoffer<\/div>\n<\/div>\n<p class=\"p1\"><b>DIE PREISE SIND JE NACH MENGE DEGRESSIV.<\/b><\/p>\n<p class=\"p1\"><b>F\u00fcr weitere Informationen kontaktieren Sie mich bitte.<\/b><\/p>\n<p class=\"p2\"><span class=\"s1\"><a href=\"mailto:info@apimat.ch\"><b>info@apimat.ch<\/b><\/a><\/span><\/p>\n<p class=\"p1\"><b>Telefon: 076 213 80 33<\/b><\/p>\n","protected":false},"excerpt":{"rendered":"<p>Bohrschrauber 18V DDF484 ohne Akkus, mit Makpac TECHNISCHE DATEN: Volt 18 V Leerlaufdrehzahl 1. Gang 0 &#8211; 500 Leerlaufdrehzahl 2. Gang 0 &#8211; 2.000 Bohrleistung in Holz 38 mm Bohrleistung in Stahl 13 mm Anziehdrehmoment hart 54 Nm Anziehdrehmoment weich 30 Nm Max. L\u00f6semoment 60 Nm Schnellspannbohrfutter 1.5 &#8211; 13 mm Faktor K (Schall) 3 [&hellip;]<\/p>\n","protected":false},"featured_media":16692,"template":"","meta":{"_uf_show_specific_survey":0,"_uf_disable_surveys":false},"product_cat":[494],"product_tag":[],"aioseo_notices":[],"_links":{"self":[{"href":"https:\/\/apimat.ch\/de\/wp-json\/wp\/v2\/product\/16759"}],"collection":[{"href":"https:\/\/apimat.ch\/de\/wp-json\/wp\/v2\/product"}],"about":[{"href":"https:\/\/apimat.ch\/de\/wp-json\/wp\/v2\/types\/product"}],"wp:featuredmedia":[{"embeddable":true,"href":"https:\/\/apimat.ch\/de\/wp-json\/wp\/v2\/media\/16692"}],"wp:attachment":[{"href":"https:\/\/apimat.ch\/de\/wp-json\/wp\/v2\/media?parent=16759"}],"wp:term":[{"taxonomy":"product_cat","embeddable":true,"href":"https:\/\/apimat.ch\/de\/wp-json\/wp\/v2\/product_cat?post=16759"},{"taxonomy":"product_tag","embeddable":true,"href":"https:\/\/apimat.ch\/de\/wp-json\/wp\/v2\/product_tag?post=16759"}],"curies":[{"name":"wp","href":"https:\/\/api.w.org\/{rel}","templated":true}]}}