{"id":16765,"date":"2022-01-08T22:18:38","date_gmt":"2022-01-09T08:03:28","guid":{"rendered":"https:\/\/apimat.ch\/?post_type=product&#038;p=16765"},"modified":"2022-01-09T09:03:28","modified_gmt":"2022-01-09T08:03:28","slug":"kettensaege-2x18v36v-duc256-ohne-akkus","status":"publish","type":"product","link":"https:\/\/apimat.ch\/de\/produit\/kettensaege-2x18v36v-duc256-ohne-akkus\/","title":{"rendered":"Kettens\u00e4ge 2x18V=36V DUC256 ohne Akkus"},"content":{"rendered":"<h3>Kettens\u00e4ge 2x18V=36V DUC256 ohne Akkus<\/h3>\n<h3 class=\"p1\"><b>TECHNISCHE DATEN:<\/b><\/h3>\n<ul>\n<li class=\"p2\">Volt 2&#215;18 V<\/li>\n<li class=\"p2\">Schnittl\u00e4nge 25 cm<\/li>\n<li class=\"p2\">Kettengeschwindigkeit 20 m\/sec<\/li>\n<li class=\"p2\">Kettenteilung 3\/8 &#8220;<\/li>\n<li class=\"p2\">Nutbreite 1.1 mm<\/li>\n<li class=\"p2\">\u00d6ltank 200 ml<\/li>\n<li class=\"p2\">Vibrationen 3.2 m\/s\u00b2<\/li>\n<li class=\"p2\">Faktor K (Vibrationen) 1.5 m\/s\u00b2<\/li>\n<li class=\"p2\">Schalldruckpegel 89 dB(A)<\/li>\n<li class=\"p2\">Schallleistungspegel 103 dB(A)<\/li>\n<li class=\"p2\">Faktor K (Schall) 3 dB(A)<\/li>\n<li class=\"p2\">Masse (LxBxH)\u00a0\u00a0\u00a0 651x205x232 mm<\/li>\n<li class=\"p2\">Gewicht inkl. Akku 5.1 kg<\/li>\n<\/ul>\n<h3>VORTEILE:<\/h3>\n<div class=\"usp-container\">\n<ul>\n<li class=\"usp\">Nur f\u00fcr gewerbliche Anwender mit Spezialausbildung<\/li>\n<li class=\"usp\">Starker 36V Motor f\u00fcr 2x18V hochleistungs- Li-Ionen Akkus<\/li>\n<li class=\"usp\">Outer Rotor Brushless : Kohlenloser Motor speziell entwickelt f\u00fcr Garten- und Waldger\u00e4te. Das einzigartige direkte \u00dcbertragungssystem erm\u00f6glicht eine schnelle Kettenrotation.<\/li>\n<li class=\"usp\">Ger\u00e4t sehr leise, geringe Vibrationen und umweltfreundlich, da keine Schadstoffemissionen<\/li>\n<li class=\"usp\">Verst\u00e4rkter Feuchtigkeits- und Staubschutz mit dem XPT-System (eXtreme Protection Technology)<\/li>\n<li class=\"usp\">Ideal f\u00fcr den Einsatz in Wohngebieten<\/li>\n<li class=\"usp\">Perfekt ausgewogen f\u00fcr leichteste Handhabung<\/li>\n<li class=\"usp\">Ergonomischer Griff mit weichem Belag f\u00fcr optimalen Arbeitskomfort<\/li>\n<li class=\"usp\">Automatische Kettenbremse SafetyMatic<\/li>\n<li class=\"usp\">Automatische Kettenschmierung durch einstellbare \u00d6lpumpe<\/li>\n<li class=\"usp\">Akku-Kapazit\u00e4tanzeige<\/li>\n<li class=\"usp\">Aufh\u00e4ngehaken<\/li>\n<\/ul>\n<h3>STANDARD-AUSR\u00dcSTUNG:<\/h3>\n<div>Halbmeissel-Kette,<\/div>\n<div>Kettenschutz, Schwert 25 cm<\/div>\n<div><strong>DUC256Z <\/strong>Ohne Akkus, Ohne Ladeger\u00e4t<\/div>\n<\/div>\n<div><\/div>\n<div>\n<p class=\"p1\"><b>DIE PREISE SIND JE NACH MENGE DEGRESSIV.<\/b><\/p>\n<p class=\"p1\"><b>F\u00fcr weitere Informationen kontaktieren Sie mich bitte.<\/b><\/p>\n<p class=\"p2\"><span class=\"s1\"><a href=\"mailto:info@apimat.ch\"><b>info@apimat.ch<\/b><\/a><\/span><\/p>\n<p class=\"p1\"><b>Telefon: 076 213 80 33<\/b><\/p>\n<\/div>\n","protected":false},"excerpt":{"rendered":"<p>Kettens\u00e4ge 2x18V=36V DUC256 ohne Akkus TECHNISCHE DATEN: Volt 2&#215;18 V Schnittl\u00e4nge 25 cm Kettengeschwindigkeit 20 m\/sec Kettenteilung 3\/8 &#8220; Nutbreite 1.1 mm \u00d6ltank 200 ml Vibrationen 3.2 m\/s\u00b2 Faktor K (Vibrationen) 1.5 m\/s\u00b2 Schalldruckpegel 89 dB(A) Schallleistungspegel 103 dB(A) Faktor K (Schall) 3 dB(A) Masse (LxBxH)\u00a0\u00a0\u00a0 651x205x232 mm Gewicht inkl. Akku 5.1 kg VORTEILE: Nur [&hellip;]<\/p>\n","protected":false},"featured_media":16710,"template":"","meta":{"_uf_show_specific_survey":0,"_uf_disable_surveys":false},"product_cat":[494],"product_tag":[],"aioseo_notices":[],"_links":{"self":[{"href":"https:\/\/apimat.ch\/de\/wp-json\/wp\/v2\/product\/16765"}],"collection":[{"href":"https:\/\/apimat.ch\/de\/wp-json\/wp\/v2\/product"}],"about":[{"href":"https:\/\/apimat.ch\/de\/wp-json\/wp\/v2\/types\/product"}],"wp:featuredmedia":[{"embeddable":true,"href":"https:\/\/apimat.ch\/de\/wp-json\/wp\/v2\/media\/16710"}],"wp:attachment":[{"href":"https:\/\/apimat.ch\/de\/wp-json\/wp\/v2\/media?parent=16765"}],"wp:term":[{"taxonomy":"product_cat","embeddable":true,"href":"https:\/\/apimat.ch\/de\/wp-json\/wp\/v2\/product_cat?post=16765"},{"taxonomy":"product_tag","embeddable":true,"href":"https:\/\/apimat.ch\/de\/wp-json\/wp\/v2\/product_tag?post=16765"}],"curies":[{"name":"wp","href":"https:\/\/api.w.org\/{rel}","templated":true}]}}