{"id":16771,"date":"2022-01-08T22:43:23","date_gmt":"2022-01-09T08:10:59","guid":{"rendered":"https:\/\/apimat.ch\/?post_type=product&#038;p=16771"},"modified":"2022-01-09T09:10:59","modified_gmt":"2022-01-09T08:10:59","slug":"akku-motorsense-2x18v36v-dur368l-ohne-akkus","status":"publish","type":"product","link":"https:\/\/apimat.ch\/de\/produit\/akku-motorsense-2x18v36v-dur368l-ohne-akkus\/","title":{"rendered":"Akku-Motorsense 2x18V=36V DUR368L ohne Akkus"},"content":{"rendered":"<h3>Akku-Motorsense 2x18V=36V DUR368L ohne Akkus<\/h3>\n<p class=\"p1\"><b>TECHNISCHE DATEN:<\/b><\/p>\n<ul>\n<li class=\"p2\">Volt 2&#215;18 V<\/li>\n<li class=\"p2\">Leerlaufdrehzahl 6500 \/ 5300 \/ 3500 min<sup>-1<\/sup><\/li>\n<li class=\"p2\">Gewindeachsen M10 x 1.25 LH<\/li>\n<li class=\"p2\">Autonomie BL1850B: 100 min<\/li>\n<li class=\"p2\">Masse (LxBxH)\u00a0\u00a0\u00a01758x362x231 mm<\/li>\n<li class=\"p2\">Gewicht (EPTA) 4.5 kg<\/li>\n<\/ul>\n<h3>VORTEILE:<\/h3>\n<div class=\"usp-container\">\n<ul>\n<li class=\"usp\">Starker 36V Motor f\u00fcr 2x18V hochleistungs- Li-Ionen Akkus<\/li>\n<li class=\"usp\">Ger\u00e4t sehr leise, geringe Vibrationen und umweltfreundlich, da keine Schadstoffemissionen<\/li>\n<li class=\"usp\">Ideal f\u00fcr den Einsatz in Wohngebieten<\/li>\n<li class=\"usp\">Der Motor liegt auf dem Schneidkopf f\u00fcr besseres Gleichgewicht und keine Kraftverlust<\/li>\n<li class=\"usp\">BL Motor ohne Kohleb\u00fcrsten: keine Wartung und geringer Energieverbrauch, daher l\u00e4ngere Akkustandzeit<\/li>\n<li class=\"usp\">Sehr niedrige Betriebskosten<\/li>\n<li class=\"usp\">Verst\u00e4rkter Feuchtigkeits- und Staubschutz mit dem XPT-System (eXtreme Protection Technology)<\/li>\n<li class=\"usp\">Besonders ergonomischer und drehbarer Rundgriff, f\u00fcr optimale Bewegungsfreiheit<\/li>\n<li class=\"usp\">Links-\/rechtsl\u00e4ufiges Ger\u00e4t um den Schneidkopf freizugeben<\/li>\n<li class=\"usp\">Griffe mit weichem Belag f\u00fcr besonders ergonomische Handhabung<\/li>\n<li class=\"usp\">Softgrip Belag auf dem F\u00fchrungsholmen f\u00fcr mehr Komfort besonders bei Arbeit \u00fcber einen l\u00e4ngeren Zeitraum<\/li>\n<li class=\"usp\">Akku-Kapazit\u00e4tanzeige<\/li>\n<li class=\"usp\">Sanftanlauf und Motorbremse<\/li>\n<\/ul>\n<p>&nbsp;<\/p>\n<h3>STANDARD-AUSR\u00dcSTUNG:<\/h3>\n<div>Halbautomatischer 2-Faden Schneidkopf (Nylon) \u00d8 350 mm, 3-Zahn Kunstoffmesserkopf, 4-Zahn Schlagmesser, Schultergurt, Schl\u00fcssel<\/div>\n<div><strong>DUR368LZ <\/strong>Ohne Akkus, ohne Ladeger\u00e4t<\/div>\n<div><\/div>\n<\/div>\n<div>\n<p class=\"p1\"><b>DIE PREISE SIND JE NACH MENGE DEGRESSIV.<\/b><\/p>\n<p class=\"p1\"><b>F\u00fcr weitere Informationen kontaktieren Sie mich bitte.<\/b><\/p>\n<p class=\"p2\"><span class=\"s1\"><a href=\"mailto:info@apimat.ch\"><b>info@apimat.ch<\/b><\/a><\/span><\/p>\n<p class=\"p1\"><b>Telefon: 076 213 80 33<\/b><\/p>\n<\/div>\n","protected":false},"excerpt":{"rendered":"<p>Akku-Motorsense 2x18V=36V DUR368L ohne Akkus TECHNISCHE DATEN: Volt 2&#215;18 V Leerlaufdrehzahl 6500 \/ 5300 \/ 3500 min-1 Gewindeachsen M10 x 1.25 LH Autonomie BL1850B: 100 min Masse (LxBxH)\u00a0\u00a0\u00a01758x362x231 mm Gewicht (EPTA) 4.5 kg VORTEILE: Starker 36V Motor f\u00fcr 2x18V hochleistungs- Li-Ionen Akkus Ger\u00e4t sehr leise, geringe Vibrationen und umweltfreundlich, da keine Schadstoffemissionen Ideal f\u00fcr den [&hellip;]<\/p>\n","protected":false},"featured_media":16718,"template":"","meta":{"_uf_show_specific_survey":0,"_uf_disable_surveys":false},"product_cat":[494],"product_tag":[],"aioseo_notices":[],"_links":{"self":[{"href":"https:\/\/apimat.ch\/de\/wp-json\/wp\/v2\/product\/16771"}],"collection":[{"href":"https:\/\/apimat.ch\/de\/wp-json\/wp\/v2\/product"}],"about":[{"href":"https:\/\/apimat.ch\/de\/wp-json\/wp\/v2\/types\/product"}],"wp:featuredmedia":[{"embeddable":true,"href":"https:\/\/apimat.ch\/de\/wp-json\/wp\/v2\/media\/16718"}],"wp:attachment":[{"href":"https:\/\/apimat.ch\/de\/wp-json\/wp\/v2\/media?parent=16771"}],"wp:term":[{"taxonomy":"product_cat","embeddable":true,"href":"https:\/\/apimat.ch\/de\/wp-json\/wp\/v2\/product_cat?post=16771"},{"taxonomy":"product_tag","embeddable":true,"href":"https:\/\/apimat.ch\/de\/wp-json\/wp\/v2\/product_tag?post=16771"}],"curies":[{"name":"wp","href":"https:\/\/api.w.org\/{rel}","templated":true}]}}