{"id":16911,"date":"2022-01-17T21:32:44","date_gmt":"2022-01-17T20:32:44","guid":{"rendered":"https:\/\/apimat.ch\/?post_type=product&#038;p=16911"},"modified":"2022-03-28T07:53:54","modified_gmt":"2022-03-28T05:53:54","slug":"dadant-blatt-holzraemchen-fuer-wabenhonig-103-132mm","status":"publish","type":"product","link":"https:\/\/apimat.ch\/de\/produit\/dadant-blatt-holzraemchen-fuer-wabenhonig-103-132mm\/","title":{"rendered":"Dadant Blatt Holzr\u00e4mchen f\u00fcr Wabenhonig 103 * 132mm."},"content":{"rendered":"<h3>Dadant Blatt Holzr\u00e4mchen f\u00fcr Wabenhonig 103 * 132mm.<\/h3>\n<p>Passend f\u00fcr Dadant Blatt Rahmen f\u00fcr 4 Holzrahmen f\u00fcr Wabenhonig hergestellt aus nat\u00fcrlichem Kiefernholz<\/p>\n<p><strong>DIE PREISE SIND JE NACH MENGE DEGRESSIV.<\/strong><\/p>\n<p><strong>F\u00fcr weitere Informationen kontaktieren Sie mich bitte.<\/strong><\/p>\n<p><a href=\"mailto:info@apimat.ch\"><strong>info@apimat.ch<\/strong><\/a><\/p>\n<p><strong>Telefon: 076 213 80 33<\/strong><\/p>\n<p>&nbsp;<\/p>\n","protected":false},"excerpt":{"rendered":"<p>Dadant Blatt Holzr\u00e4mchen f\u00fcr Wabenhonig 103 * 132mm. Passend f\u00fcr Dadant Blatt Rahmen f\u00fcr 4 Holzrahmen f\u00fcr Wabenhonig hergestellt aus nat\u00fcrlichem Kiefernholz DIE PREISE SIND JE NACH MENGE DEGRESSIV. F\u00fcr weitere Informationen kontaktieren Sie mich bitte. info@apimat.ch Telefon: 076 213 80 33 &nbsp;<\/p>\n","protected":false},"featured_media":16913,"template":"","meta":{"_uf_show_specific_survey":0,"_uf_disable_surveys":false},"product_cat":[103],"product_tag":[],"aioseo_notices":[],"_links":{"self":[{"href":"https:\/\/apimat.ch\/de\/wp-json\/wp\/v2\/product\/16911"}],"collection":[{"href":"https:\/\/apimat.ch\/de\/wp-json\/wp\/v2\/product"}],"about":[{"href":"https:\/\/apimat.ch\/de\/wp-json\/wp\/v2\/types\/product"}],"wp:featuredmedia":[{"embeddable":true,"href":"https:\/\/apimat.ch\/de\/wp-json\/wp\/v2\/media\/16913"}],"wp:attachment":[{"href":"https:\/\/apimat.ch\/de\/wp-json\/wp\/v2\/media?parent=16911"}],"wp:term":[{"taxonomy":"product_cat","embeddable":true,"href":"https:\/\/apimat.ch\/de\/wp-json\/wp\/v2\/product_cat?post=16911"},{"taxonomy":"product_tag","embeddable":true,"href":"https:\/\/apimat.ch\/de\/wp-json\/wp\/v2\/product_tag?post=16911"}],"curies":[{"name":"wp","href":"https:\/\/api.w.org\/{rel}","templated":true}]}}