{"id":17129,"date":"2022-02-09T22:27:19","date_gmt":"2022-02-09T21:27:20","guid":{"rendered":"https:\/\/apimat.ch\/?post_type=product&#038;p=17129"},"modified":"2022-03-28T07:50:00","modified_gmt":"2022-03-28T05:50:00","slug":"ueberwinterungsplatte-fuer-bienenstockboden","status":"publish","type":"product","link":"https:\/\/apimat.ch\/de\/produit\/ueberwinterungsplatte-fuer-bienenstockboden\/","title":{"rendered":"\u00dcberwinterungsplatte f\u00fcr Bienenstockboden"},"content":{"rendered":"<p>\u00dcberwinterungsplatte f\u00fcr Bienenstockboden<\/p>\n<p><strong>DIE PREISE SIND JE NACH MENGE DEGRESSIV.<\/strong><\/p>\n<p><strong>F\u00fcr weitere Informationen kontaktieren Sie mich bitte.<\/strong><\/p>\n<p><a href=\"mailto:info@apimat.ch\"><strong>info@apimat.ch<\/strong><\/a><\/p>\n<p><strong>Telefon: 076 213 80 33<\/strong><\/p>\n<p>&nbsp;<\/p>\n","protected":false},"excerpt":{"rendered":"<p>\u00dcberwinterungsplatte f\u00fcr Bienenstockboden DIE PREISE SIND JE NACH MENGE DEGRESSIV. F\u00fcr weitere Informationen kontaktieren Sie mich bitte. info@apimat.ch Telefon: 076 213 80 33 &nbsp;<\/p>\n","protected":false},"featured_media":17132,"template":"","meta":{"_uf_show_specific_survey":0,"_uf_disable_surveys":false},"product_cat":[102],"product_tag":[],"aioseo_notices":[],"_links":{"self":[{"href":"https:\/\/apimat.ch\/de\/wp-json\/wp\/v2\/product\/17129"}],"collection":[{"href":"https:\/\/apimat.ch\/de\/wp-json\/wp\/v2\/product"}],"about":[{"href":"https:\/\/apimat.ch\/de\/wp-json\/wp\/v2\/types\/product"}],"wp:featuredmedia":[{"embeddable":true,"href":"https:\/\/apimat.ch\/de\/wp-json\/wp\/v2\/media\/17132"}],"wp:attachment":[{"href":"https:\/\/apimat.ch\/de\/wp-json\/wp\/v2\/media?parent=17129"}],"wp:term":[{"taxonomy":"product_cat","embeddable":true,"href":"https:\/\/apimat.ch\/de\/wp-json\/wp\/v2\/product_cat?post=17129"},{"taxonomy":"product_tag","embeddable":true,"href":"https:\/\/apimat.ch\/de\/wp-json\/wp\/v2\/product_tag?post=17129"}],"curies":[{"name":"wp","href":"https:\/\/api.w.org\/{rel}","templated":true}]}}