{"id":17156,"date":"2022-02-09T21:22:25","date_gmt":"2022-02-11T14:41:29","guid":{"rendered":"https:\/\/apimat.ch\/?post_type=product&#038;p=17156"},"modified":"2023-05-03T09:43:25","modified_gmt":"2023-05-03T07:43:25","slug":"siebeinrichtung-trieur-fuer-dadant-blatt-dadant-us-und-langstroth","status":"publish","type":"product","link":"https:\/\/apimat.ch\/de\/produit\/siebeinrichtung-trieur-fuer-dadant-blatt-dadant-us-und-langstroth\/","title":{"rendered":"Siebeinrichtung TRIEUR f\u00fcr Dadant Blatt, Dadant US, Langstroth und Zander"},"content":{"rendered":"<h3>Siebeinrichtung TRIEUR f\u00fcr Dadant Blatt, Dadant US, Langstroth und Zander<\/h3>\n<p>Sehr praktisch, um die Bienenk\u00e4sten f\u00fcr die Begattungsstationen vorzubereiten.<\/p>\n<p>Sie besteht aus:<\/p>\n<ul>\n<li>Bienenstockk\u00f6rper<\/li>\n<li>K\u00f6niginnengitter aus Metall<\/li>\n<li>Honigraum<\/li>\n<li>Transportgitter<\/li>\n<li>Deckel\/Dach<\/li>\n<\/ul>\n<p class=\"p1\"><b>DIE PREISE SIND JE NACH MENGE DEGRESSIV.<\/b><\/p>\n<p class=\"p1\"><b>F\u00fcr weitere Informationen kontaktieren Sie mich bitte.<\/b><\/p>\n<p class=\"p2\"><span class=\"s1\"><a href=\"mailto:info@apimat.ch\"><b>info@apimat.ch<\/b><\/a><\/span><\/p>\n<p class=\"p1\"><b>Telefon: 076 213 80 33<\/b><\/p>\n","protected":false},"excerpt":{"rendered":"<p>Siebeinrichtung TRIEUR f\u00fcr Dadant Blatt, Dadant US, Langstroth und Zander Sehr praktisch, um die Bienenk\u00e4sten f\u00fcr die Begattungsstationen vorzubereiten. Sie besteht aus: Bienenstockk\u00f6rper K\u00f6niginnengitter aus Metall Honigraum Transportgitter Deckel\/Dach DIE PREISE SIND JE NACH MENGE DEGRESSIV. F\u00fcr weitere Informationen kontaktieren Sie mich bitte. info@apimat.ch Telefon: 076 213 80 33<\/p>\n","protected":false},"featured_media":17087,"template":"","meta":{"_uf_show_specific_survey":0,"_uf_disable_surveys":false},"product_cat":[378],"product_tag":[],"aioseo_notices":[],"_links":{"self":[{"href":"https:\/\/apimat.ch\/de\/wp-json\/wp\/v2\/product\/17156"}],"collection":[{"href":"https:\/\/apimat.ch\/de\/wp-json\/wp\/v2\/product"}],"about":[{"href":"https:\/\/apimat.ch\/de\/wp-json\/wp\/v2\/types\/product"}],"wp:featuredmedia":[{"embeddable":true,"href":"https:\/\/apimat.ch\/de\/wp-json\/wp\/v2\/media\/17087"}],"wp:attachment":[{"href":"https:\/\/apimat.ch\/de\/wp-json\/wp\/v2\/media?parent=17156"}],"wp:term":[{"taxonomy":"product_cat","embeddable":true,"href":"https:\/\/apimat.ch\/de\/wp-json\/wp\/v2\/product_cat?post=17156"},{"taxonomy":"product_tag","embeddable":true,"href":"https:\/\/apimat.ch\/de\/wp-json\/wp\/v2\/product_tag?post=17156"}],"curies":[{"name":"wp","href":"https:\/\/api.w.org\/{rel}","templated":true}]}}