{"id":17175,"date":"2022-02-09T22:18:25","date_gmt":"2022-02-11T15:00:19","guid":{"rendered":"https:\/\/apimat.ch\/?post_type=product&#038;p=17175"},"modified":"2022-02-16T15:11:48","modified_gmt":"2022-02-16T14:11:48","slug":"posca-marker-fuer-koenigin","status":"publish","type":"product","link":"https:\/\/apimat.ch\/de\/produit\/posca-marker-fuer-koenigin\/","title":{"rendered":"Posca Marker f\u00fcr K\u00f6nigin"},"content":{"rendered":"<h3>Posca Marker f\u00fcr K\u00f6nigin<\/h3>\n<p>Dieser geruchlose und ungiftige Posca-Marker ist n\u00fctzlich, um Ihre Bienenk\u00f6niginnen zu markieren, damit Sie ihr Geburtsjahr identifizieren k\u00f6nnen.<\/p>\n<p>Die Vorteile des Posca Markers :<br \/>\n&#8211; einfach zu dosieren,<br \/>\n&#8211; tropft nicht,<br \/>\n&#8211; trocknet sehr schnell.<\/p>\n<p>Erh\u00e4ltlich in 5 Farben: wei\u00df, gelb, rot, blau, gr\u00fcn.<\/p>\n<p class=\"p1\"><b>DIE PREISE SIND JE NACH MENGE DEGRESSIV.<\/b><\/p>\n<p class=\"p1\"><b>F\u00fcr weitere Informationen kontaktieren Sie mich bitte.<\/b><\/p>\n<p class=\"p2\"><span class=\"s1\"><a href=\"mailto:info@apimat.ch\"><b>info@apimat.ch<\/b><\/a><\/span><\/p>\n<p class=\"p1\"><b>Telefon: 076 213 80 33<\/b><\/p>\n","protected":false},"excerpt":{"rendered":"<p>Posca Marker f\u00fcr K\u00f6nigin Dieser geruchlose und ungiftige Posca-Marker ist n\u00fctzlich, um Ihre Bienenk\u00f6niginnen zu markieren, damit Sie ihr Geburtsjahr identifizieren k\u00f6nnen. Die Vorteile des Posca Markers : &#8211; einfach zu dosieren, &#8211; tropft nicht, &#8211; trocknet sehr schnell. Erh\u00e4ltlich in 5 Farben: wei\u00df, gelb, rot, blau, gr\u00fcn. DIE PREISE SIND JE NACH MENGE DEGRESSIV. [&hellip;]<\/p>\n","protected":false},"featured_media":17279,"template":"","meta":{"_uf_show_specific_survey":0,"_uf_disable_surveys":false},"product_cat":[95],"product_tag":[],"aioseo_notices":[],"_links":{"self":[{"href":"https:\/\/apimat.ch\/de\/wp-json\/wp\/v2\/product\/17175"}],"collection":[{"href":"https:\/\/apimat.ch\/de\/wp-json\/wp\/v2\/product"}],"about":[{"href":"https:\/\/apimat.ch\/de\/wp-json\/wp\/v2\/types\/product"}],"wp:featuredmedia":[{"embeddable":true,"href":"https:\/\/apimat.ch\/de\/wp-json\/wp\/v2\/media\/17279"}],"wp:attachment":[{"href":"https:\/\/apimat.ch\/de\/wp-json\/wp\/v2\/media?parent=17175"}],"wp:term":[{"taxonomy":"product_cat","embeddable":true,"href":"https:\/\/apimat.ch\/de\/wp-json\/wp\/v2\/product_cat?post=17175"},{"taxonomy":"product_tag","embeddable":true,"href":"https:\/\/apimat.ch\/de\/wp-json\/wp\/v2\/product_tag?post=17175"}],"curies":[{"name":"wp","href":"https:\/\/api.w.org\/{rel}","templated":true}]}}