{"id":17188,"date":"2022-02-09T22:48:01","date_gmt":"2022-02-11T15:06:10","guid":{"rendered":"https:\/\/apimat.ch\/?post_type=product&#038;p=17188"},"modified":"2022-02-11T16:06:10","modified_gmt":"2022-02-11T15:06:10","slug":"plastik-hornissenschutztuer-nicot-gruen","status":"publish","type":"product","link":"https:\/\/apimat.ch\/de\/produit\/plastik-hornissenschutztuer-nicot-gruen\/","title":{"rendered":"Plastik-Hornissenschutzt\u00fcr Nicot gr\u00fcn"},"content":{"rendered":"<h3>Plastik-Hornissenschutzt\u00fcr Nicot gr\u00fcn<\/h3>\n<p>Die Einflug\u00f6ffnung mit einem Durchlass von 5,5 mm verhindert, dass die Hornisse im Herbst in den Bienenstock eindringt. Da auch der Durchgang der M\u00e4nnchen gestoppt wird, sollte seine Verwendung eingeschr\u00e4nkt werden.<\/p>\n<p>Das 4,20-mm-Eingangstor verhindert den Eintritt oder Austritt der K\u00f6nigin und der M\u00e4nnchen aus dem Bienenstock und sollte nur f\u00fcr bestimmte Zwecke verwendet werden.<\/p>\n<p class=\"p1\"><b>DIE PREISE SIND JE NACH MENGE DEGRESSIV.<\/b><\/p>\n<p class=\"p1\"><b>F\u00fcr weitere Informationen kontaktieren Sie mich bitte.<\/b><\/p>\n<p class=\"p2\"><span class=\"s1\"><a href=\"mailto:info@apimat.ch\"><b>info@apimat.ch<\/b><\/a><\/span><\/p>\n<p class=\"p1\"><b>Telefon: 076 213 80 33<\/b><\/p>\n","protected":false},"excerpt":{"rendered":"<p>Plastik-Hornissenschutzt\u00fcr Nicot gr\u00fcn Die Einflug\u00f6ffnung mit einem Durchlass von 5,5 mm verhindert, dass die Hornisse im Herbst in den Bienenstock eindringt. Da auch der Durchgang der M\u00e4nnchen gestoppt wird, sollte seine Verwendung eingeschr\u00e4nkt werden. Das 4,20-mm-Eingangstor verhindert den Eintritt oder Austritt der K\u00f6nigin und der M\u00e4nnchen aus dem Bienenstock und sollte nur f\u00fcr bestimmte Zwecke [&hellip;]<\/p>\n","protected":false},"featured_media":17139,"template":"","meta":{"_uf_show_specific_survey":0,"_uf_disable_surveys":false},"product_cat":[912],"product_tag":[],"aioseo_notices":[],"_links":{"self":[{"href":"https:\/\/apimat.ch\/de\/wp-json\/wp\/v2\/product\/17188"}],"collection":[{"href":"https:\/\/apimat.ch\/de\/wp-json\/wp\/v2\/product"}],"about":[{"href":"https:\/\/apimat.ch\/de\/wp-json\/wp\/v2\/types\/product"}],"wp:featuredmedia":[{"embeddable":true,"href":"https:\/\/apimat.ch\/de\/wp-json\/wp\/v2\/media\/17139"}],"wp:attachment":[{"href":"https:\/\/apimat.ch\/de\/wp-json\/wp\/v2\/media?parent=17188"}],"wp:term":[{"taxonomy":"product_cat","embeddable":true,"href":"https:\/\/apimat.ch\/de\/wp-json\/wp\/v2\/product_cat?post=17188"},{"taxonomy":"product_tag","embeddable":true,"href":"https:\/\/apimat.ch\/de\/wp-json\/wp\/v2\/product_tag?post=17188"}],"curies":[{"name":"wp","href":"https:\/\/api.w.org\/{rel}","templated":true}]}}