{"id":17201,"date":"2022-02-11T16:21:29","date_gmt":"2022-02-11T15:27:27","guid":{"rendered":"https:\/\/apimat.ch\/?post_type=product&#038;p=17201"},"modified":"2022-02-11T16:27:27","modified_gmt":"2022-02-11T15:27:27","slug":"schluesselanhaenger-stockmeissel-apimat","status":"publish","type":"product","link":"https:\/\/apimat.ch\/de\/produit\/schluesselanhaenger-stockmeissel-apimat\/","title":{"rendered":"Schl\u00fcsselanh\u00e4nger Stockmeissel APIMAT"},"content":{"rendered":"<h3>Schl\u00fcsselanh\u00e4nger Stockmeissel APIMAT<\/h3>\n<p>Haben Sie jemals den Rahmenheber vergessen?<\/p>\n<p>Hier ist unsere L\u00f6sung, die Sie an Ihren Schl\u00fcsseln befestigen k\u00f6nnen.<\/p>\n<p class=\"p1\"><b>DIE PREISE SIND JE NACH MENGE DEGRESSIV.<\/b><\/p>\n<p class=\"p1\"><b>F\u00fcr weitere Informationen kontaktieren Sie mich bitte.<\/b><\/p>\n<p class=\"p2\"><span class=\"s1\"><a href=\"mailto:info@apimat.ch\"><b>info@apimat.ch<\/b><\/a><\/span><\/p>\n<p class=\"p1\"><b>Telefon: 076 213 80 33<\/b><\/p>\n","protected":false},"excerpt":{"rendered":"<p>Schl\u00fcsselanh\u00e4nger Stockmeissel APIMAT Haben Sie jemals den Rahmenheber vergessen? Hier ist unsere L\u00f6sung, die Sie an Ihren Schl\u00fcsseln befestigen k\u00f6nnen. DIE PREISE SIND JE NACH MENGE DEGRESSIV. F\u00fcr weitere Informationen kontaktieren Sie mich bitte. info@apimat.ch Telefon: 076 213 80 33<\/p>\n","protected":false},"featured_media":17195,"template":"","meta":{"_uf_show_specific_survey":0,"_uf_disable_surveys":false},"product_cat":[104,1060],"product_tag":[],"aioseo_notices":[],"_links":{"self":[{"href":"https:\/\/apimat.ch\/de\/wp-json\/wp\/v2\/product\/17201"}],"collection":[{"href":"https:\/\/apimat.ch\/de\/wp-json\/wp\/v2\/product"}],"about":[{"href":"https:\/\/apimat.ch\/de\/wp-json\/wp\/v2\/types\/product"}],"wp:featuredmedia":[{"embeddable":true,"href":"https:\/\/apimat.ch\/de\/wp-json\/wp\/v2\/media\/17195"}],"wp:attachment":[{"href":"https:\/\/apimat.ch\/de\/wp-json\/wp\/v2\/media?parent=17201"}],"wp:term":[{"taxonomy":"product_cat","embeddable":true,"href":"https:\/\/apimat.ch\/de\/wp-json\/wp\/v2\/product_cat?post=17201"},{"taxonomy":"product_tag","embeddable":true,"href":"https:\/\/apimat.ch\/de\/wp-json\/wp\/v2\/product_tag?post=17201"}],"curies":[{"name":"wp","href":"https:\/\/api.w.org\/{rel}","templated":true}]}}