{"id":17240,"date":"2022-02-14T12:56:16","date_gmt":"2022-02-14T18:37:16","guid":{"rendered":"https:\/\/apimat.ch\/?post_type=product&#038;p=17240"},"modified":"2022-02-14T19:37:17","modified_gmt":"2022-02-14T18:37:17","slug":"elektroheizkessel-zum-schmelzen-von-wachs-29-liter","status":"publish","type":"product","link":"https:\/\/apimat.ch\/de\/produit\/elektroheizkessel-zum-schmelzen-von-wachs-29-liter\/","title":{"rendered":"Elektroheizkessel zum Schmelzen von Wachs 29 Liter"},"content":{"rendered":"<h3>Elektroheizkessel zum Schmelzen von Wachs 29 Liter<\/h3>\n<p>\u2022 Temperatur stufenlos regelbar von 0 bis 100\u00b0C<br \/>\n\u2022 emailliert<br \/>\n\u2022 Fassungsverm\u00f6gen: 27 Ltr.<br \/>\n\u2022 1800 Watt &#8211; Rohrheizk\u00f6rper, 230 V<br \/>\n\u2022 Kapillarrohr-Thermostat und Temperaturw\u00e4chter<br \/>\n\u2022 Gr\u00f6\u00dfe passend f\u00fcr 12,5 kg Honigeimer und Wachstopf<\/p>\n<p>&nbsp;<\/p>\n<p class=\"p1\"><b>DIE PREISE SIND JE NACH MENGE DEGRESSIV.<\/b><\/p>\n<p class=\"p1\"><b>F\u00fcr weitere Informationen kontaktieren Sie mich bitte.<\/b><\/p>\n<p class=\"p2\"><span class=\"s1\"><a href=\"mailto:info@apimat.ch\"><b>info@apimat.ch<\/b><\/a><\/span><\/p>\n<p class=\"p1\"><b>Telefon: 076 213 80 33<\/b><\/p>\n","protected":false},"excerpt":{"rendered":"<p>Elektroheizkessel zum Schmelzen von Wachs 29 Liter \u2022 Temperatur stufenlos regelbar von 0 bis 100\u00b0C \u2022 emailliert \u2022 Fassungsverm\u00f6gen: 27 Ltr. \u2022 1800 Watt &#8211; Rohrheizk\u00f6rper, 230 V \u2022 Kapillarrohr-Thermostat und Temperaturw\u00e4chter \u2022 Gr\u00f6\u00dfe passend f\u00fcr 12,5 kg Honigeimer und Wachstopf &nbsp; DIE PREISE SIND JE NACH MENGE DEGRESSIV. F\u00fcr weitere Informationen kontaktieren Sie mich [&hellip;]<\/p>\n","protected":false},"featured_media":17228,"template":"","meta":{"_uf_show_specific_survey":0,"_uf_disable_surveys":false},"product_cat":[103],"product_tag":[],"aioseo_notices":[],"_links":{"self":[{"href":"https:\/\/apimat.ch\/de\/wp-json\/wp\/v2\/product\/17240"}],"collection":[{"href":"https:\/\/apimat.ch\/de\/wp-json\/wp\/v2\/product"}],"about":[{"href":"https:\/\/apimat.ch\/de\/wp-json\/wp\/v2\/types\/product"}],"wp:featuredmedia":[{"embeddable":true,"href":"https:\/\/apimat.ch\/de\/wp-json\/wp\/v2\/media\/17228"}],"wp:attachment":[{"href":"https:\/\/apimat.ch\/de\/wp-json\/wp\/v2\/media?parent=17240"}],"wp:term":[{"taxonomy":"product_cat","embeddable":true,"href":"https:\/\/apimat.ch\/de\/wp-json\/wp\/v2\/product_cat?post=17240"},{"taxonomy":"product_tag","embeddable":true,"href":"https:\/\/apimat.ch\/de\/wp-json\/wp\/v2\/product_tag?post=17240"}],"curies":[{"name":"wp","href":"https:\/\/api.w.org\/{rel}","templated":true}]}}