{"id":17242,"date":"2022-02-14T19:29:18","date_gmt":"2022-02-14T18:38:41","guid":{"rendered":"https:\/\/apimat.ch\/?post_type=product&#038;p=17242"},"modified":"2022-02-14T19:39:46","modified_gmt":"2022-02-14T18:39:46","slug":"wachstopf-aus-edelstahl","status":"publish","type":"product","link":"https:\/\/apimat.ch\/de\/produit\/wachstopf-aus-edelstahl\/","title":{"rendered":"Wachstopf aus Edelstahl"},"content":{"rendered":"<h3>Wachstopf aus Edelstahl<\/h3>\n<p>Den Wachstopf k\u00f6nnen Sie sehr vielseitig einsetzen. Vorallem eignet er sich f\u00fcr die Verwendung beim Wachsschmelzen. Gemeinsam mit dem dem Auftautopf so das Bienenwachs fl\u00fcssig halten. Beispielsweise zum Gie\u00dfen von Kerzen oder Mittelw\u00e4nden.<\/p>\n<p>\u2022 Fassungsverm\u00f6gen: max. 12,5 Ltr.<br \/>\n\u2022 inkl. Skala innen<br \/>\n\u2022 nahtlos, konische Form mit Tragegriffen<br \/>\n\u2022 Ma\u00dfe: H\u00f6he innen 26 cm, \u00d8 oben 31 cm, \u00d8 unten 21 cm, Boden gerade<br \/>\n\u2022 Material: Edelstahl-Rostfrei<\/p>\n<p class=\"p2\"><b>DIE PREISE SIND JE NACH MENGE DEGRESSIV.<\/b><\/p>\n<p class=\"p2\"><b>F\u00fcr weitere Informationen kontaktieren Sie mich bitte.<\/b><\/p>\n<p class=\"p3\"><span class=\"s1\"><a href=\"mailto:info@apimat.ch\"><b>info@apimat.ch<\/b><\/a><\/span><\/p>\n<p class=\"p2\"><b>Telefon: 076 213 80 33<\/b><\/p>\n","protected":false},"excerpt":{"rendered":"<p>Wachstopf aus Edelstahl Den Wachstopf k\u00f6nnen Sie sehr vielseitig einsetzen. Vorallem eignet er sich f\u00fcr die Verwendung beim Wachsschmelzen. Gemeinsam mit dem dem Auftautopf so das Bienenwachs fl\u00fcssig halten. Beispielsweise zum Gie\u00dfen von Kerzen oder Mittelw\u00e4nden. \u2022 Fassungsverm\u00f6gen: max. 12,5 Ltr. \u2022 inkl. Skala innen \u2022 nahtlos, konische Form mit Tragegriffen \u2022 Ma\u00dfe: H\u00f6he innen [&hellip;]<\/p>\n","protected":false},"featured_media":17237,"template":"","meta":{"_uf_show_specific_survey":0,"_uf_disable_surveys":false},"product_cat":[103],"product_tag":[],"aioseo_notices":[],"_links":{"self":[{"href":"https:\/\/apimat.ch\/de\/wp-json\/wp\/v2\/product\/17242"}],"collection":[{"href":"https:\/\/apimat.ch\/de\/wp-json\/wp\/v2\/product"}],"about":[{"href":"https:\/\/apimat.ch\/de\/wp-json\/wp\/v2\/types\/product"}],"wp:featuredmedia":[{"embeddable":true,"href":"https:\/\/apimat.ch\/de\/wp-json\/wp\/v2\/media\/17237"}],"wp:attachment":[{"href":"https:\/\/apimat.ch\/de\/wp-json\/wp\/v2\/media?parent=17242"}],"wp:term":[{"taxonomy":"product_cat","embeddable":true,"href":"https:\/\/apimat.ch\/de\/wp-json\/wp\/v2\/product_cat?post=17242"},{"taxonomy":"product_tag","embeddable":true,"href":"https:\/\/apimat.ch\/de\/wp-json\/wp\/v2\/product_tag?post=17242"}],"curies":[{"name":"wp","href":"https:\/\/api.w.org\/{rel}","templated":true}]}}