{"id":17262,"date":"2022-02-15T19:00:50","date_gmt":"2022-02-15T18:09:46","guid":{"rendered":"https:\/\/apimat.ch\/?post_type=product&#038;p=17262"},"modified":"2022-02-22T16:08:47","modified_gmt":"2022-02-22T15:08:47","slug":"schweizer-magazinbeute-komplett-12-rahmen-ch-oder-dadant-blatt-8-rahmen","status":"publish","type":"product","link":"https:\/\/apimat.ch\/de\/produit\/schweizer-magazinbeute-komplett-12-rahmen-ch-oder-dadant-blatt-8-rahmen\/","title":{"rendered":"Schweizer Magazinbeute komplett 12 rahmen CH oder Dadant Blatt 8 Rahmen"},"content":{"rendered":"<h3>Schweizer Magazinbeute komplett 12 rahmen CH oder Dadant Blatt 8 Rahmen<\/h3>\n<p>Bestehend aus:<\/p>\n<ul>\n<li>Bienenstockboden mit Edelstahlgitter<\/li>\n<li>Bodenschublade aus Edelstahl<\/li>\n<li>Bienenstockk\u00f6rper mit integriertem Vordach<\/li>\n<li>M\u00f6glichkeit, den Bienenstock in einem Bienenhaus oder im Freien zu verwenden.<\/li>\n<li>Honigraum CH oder Dadant Blatt<\/li>\n<li>Zargenabdeckungen<\/li>\n<li>Dach aus Holz<\/li>\n<li>Dach aus Blech<\/li>\n<li>Trennwand f\u00fcr Bienenstockk\u00f6rper CH<\/li>\n<li>Trennwand f\u00fcr Honigraum CH<\/li>\n<li>die Rahmen sind nicht inbegriffen<\/li>\n<\/ul>\n<p class=\"p1\"><b>DIE PREISE SIND JE NACH MENGE DEGRESSIV.<\/b><\/p>\n<p class=\"p1\"><b>F\u00fcr weitere Informationen kontaktieren Sie mich bitte.<\/b><\/p>\n<p class=\"p2\"><span class=\"s1\"><a href=\"mailto:info@apimat.ch\"><b>info@apimat.ch<\/b><\/a><\/span><\/p>\n<p class=\"p1\"><b>Telefon: 076 213 80 33<\/b><\/p>\n","protected":false},"excerpt":{"rendered":"<p>Schweizer Magazinbeute komplett 12 rahmen CH oder Dadant Blatt 8 Rahmen Bestehend aus: Bienenstockboden mit Edelstahlgitter Bodenschublade aus Edelstahl Bienenstockk\u00f6rper mit integriertem Vordach M\u00f6glichkeit, den Bienenstock in einem Bienenhaus oder im Freien zu verwenden. Honigraum CH oder Dadant Blatt Zargenabdeckungen Dach aus Holz Dach aus Blech Trennwand f\u00fcr Bienenstockk\u00f6rper CH Trennwand f\u00fcr Honigraum CH die [&hellip;]<\/p>\n","protected":false},"featured_media":17366,"template":"","meta":{"_uf_show_specific_survey":0,"_uf_disable_surveys":false},"product_cat":[101,1060],"product_tag":[],"aioseo_notices":[],"_links":{"self":[{"href":"https:\/\/apimat.ch\/de\/wp-json\/wp\/v2\/product\/17262"}],"collection":[{"href":"https:\/\/apimat.ch\/de\/wp-json\/wp\/v2\/product"}],"about":[{"href":"https:\/\/apimat.ch\/de\/wp-json\/wp\/v2\/types\/product"}],"wp:featuredmedia":[{"embeddable":true,"href":"https:\/\/apimat.ch\/de\/wp-json\/wp\/v2\/media\/17366"}],"wp:attachment":[{"href":"https:\/\/apimat.ch\/de\/wp-json\/wp\/v2\/media?parent=17262"}],"wp:term":[{"taxonomy":"product_cat","embeddable":true,"href":"https:\/\/apimat.ch\/de\/wp-json\/wp\/v2\/product_cat?post=17262"},{"taxonomy":"product_tag","embeddable":true,"href":"https:\/\/apimat.ch\/de\/wp-json\/wp\/v2\/product_tag?post=17262"}],"curies":[{"name":"wp","href":"https:\/\/api.w.org\/{rel}","templated":true}]}}